{"id":11828,"date":"2025-02-04T14:33:52","date_gmt":"2025-02-04T14:33:52","guid":{"rendered":"https:\/\/lekun.es\/allgemeine-verkaufsbedingungen\/"},"modified":"2025-02-05T11:32:27","modified_gmt":"2025-02-05T11:32:27","slug":"allgemeine-verkaufsbedingungen","status":"publish","type":"page","link":"https:\/\/lekun.es\/de\/allgemeine-verkaufsbedingungen\/","title":{"rendered":"Allgemeine Verkaufsbedingungen"},"content":{"rendered":"\t\t<div data-elementor-type=\"wp-page\" data-elementor-id=\"11828\" class=\"elementor elementor-11828 elementor-11807\">\n\t\t\t\t\t\t<section class=\"wd-negative-gap elementor-section elementor-top-section elementor-element elementor-element-7534652 elementor-section-boxed elementor-section-height-default elementor-section-height-default\" data-id=\"7534652\" data-element_type=\"section\" data-e-type=\"section\">\n\t\t\t\t\t\t<div class=\"elementor-container elementor-column-gap-default\">\n\t\t\t\t\t<div class=\"elementor-column elementor-col-100 elementor-top-column elementor-element elementor-element-1e55c12\" data-id=\"1e55c12\" data-element_type=\"column\" data-e-type=\"column\">\n\t\t\t<div class=\"elementor-widget-wrap elementor-element-populated\">\n\t\t\t\t\t\t<div class=\"elementor-element elementor-element-746f8e8 elementor-widget elementor-widget-wd_text_block\" data-id=\"746f8e8\" data-element_type=\"widget\" data-e-type=\"widget\" data-widget_type=\"wd_text_block.default\">\n\t\t\t\t<div class=\"elementor-widget-container\">\n\t\t\t\t\t\t\t<div class=\"wd-text-block reset-last-child text-left\">\n\t\t\t\n\t\t\t<h2>1. die Generalklausel:<\/h2><p>Der vorliegende Vertrag spiegelt die Verkaufsbedingungen wider, die zwischen Lekun Caucho Pl\u00e1sticos S.L. und DEM KUNDEN festgelegt wurden, und impliziert die Annahme aller hierin enthaltenen Bedingungen, und keine Bedingung, die der Kunde in einem anderen Dokument wiedergibt, ist g\u00fcltig, es sei denn, sie wurde ausdr\u00fccklich von LEKUN unterzeichnet. Dies gilt auch f\u00fcr die allgemeinen Bedingungen, die der Kunde bei der Annahme der Bestellung \u00fcbermittelt hat, f\u00fcr die beigef\u00fcgten allgemeinen Einkaufsbedingungen oder f\u00fcr andere Arten von Bedingungen, die in den vom KUNDEN angegebenen Web-Registrierungsvorg\u00e4ngen enthalten sind. Die vom Kunden erhaltenen Daten gelten als Vorschl\u00e4ge zur Erleichterung von Transaktionen, stellen jedoch in keinem Fall eine Annahme dar, es sei denn, es liegt eine ausdr\u00fcckliche Unterschrift des gesetzlichen Vertreters von LEKUN vor.  <\/p><h2>2. die G\u00fcltigkeit des Angebots oder die Voraussetzungen f\u00fcr den Produktionsbeginn:<\/h2><p>Die zu liefernden Produkte und ihre Eigenschaften sind die, die im Angebotsdokument von LEKUN angegeben sind, unabh\u00e4ngig von den anf\u00e4nglichen Angaben des Kunden, die sich in sp\u00e4teren Mitteilungen \u00e4ndern k\u00f6nnen. Technische Ratschl\u00e4ge, ob m\u00fcndlich, schriftlich oder durch Tests, werden nach bestem Wissen und Gewissen erteilt, entbinden den Kunden jedoch nicht von der Verpflichtung, ihre G\u00fcltigkeit durch Annahme des Angebots zu \u00fcberpr\u00fcfen. Die Auftr\u00e4ge werden nach Erhalt der Annahme des Angebots zusammen mit einem eventuellen Zahlungsnachweis bearbeitet. Die angegebenen Fristen gelten als g\u00fcltig, sobald alle relevanten Aspekte bearbeitet wurden und die Auftragsbest\u00e4tigung an den Kunden versandt wurde. \u00c4nderungen oder Stornierungen des angenommenen Angebots sind nicht garantiert, ungeachtet der Tatsache, dass LEKUN sich stets nach besten Kr\u00e4ften bem\u00fcht, die Durchf\u00fchrbarkeit zu pr\u00fcfen, und unter der Voraussetzung, dass die f\u00fcr die Herstellung erforderlichen Rohstoffe noch nicht produziert, vorbereitet oder gekauft wurden.    <\/p><h2>3. Zahlungsweise und Finanzierung:<\/h2><p>Der Kunde akzeptiert die im Angebot angegebene Zahlungsweise und verpflichtet sich, diese einzuhalten. Alle Kosten und Provisionen, die f\u00fcr die Begleichung der Rechnung anfallen, gehen zu Lasten des Kunden. Im Falle einer Vorauszahlung gilt die Annahme des Angebots erst nach Erhalt der vollst\u00e4ndigen Zahlung als wirksam. Bei Nichteinhaltung der Zahlungsmodalit\u00e4ten stellt LEKUN dem Kunden alle entstandenen Kosten in Rechnung und beh\u00e4lt sich das Recht vor, Verzugszinsen bis zum gesetzlich zul\u00e4ssigen H\u00f6chstbetrag zu berechnen.   <\/p><h2>4. Werkzeugbau und Produktion auf der Grundlage der vom Kunden akzeptierten Zeichnungen:<\/h2><p>F\u00fcr den Fall, dass die Herstellung von Werkzeugen oder Formen erforderlich ist, ist die vorherige schriftliche und ausdr\u00fcckliche Annahme der von LEKUN zur Verf\u00fcgung gestellten Teilezeichnung durch den Kunden erforderlich.<br>S\u00e4mtliches vom Kunden gelieferte Material wie Muster, Vorentw\u00fcrfe, Skizzen oder sonstiges Material bzw. Dokumentationen werden als Instrumente f\u00fcr die Entwicklung des endg\u00fcltigen Produktionsplans betrachtet, wobei letzterer das einzig g\u00fcltige Dokument f\u00fcr die Herstellung ist, ungeachtet der Abweichungen, die vom \u00fcbrigen, zuvor gelieferten Material bzw. der Dokumentation bestehen k\u00f6nnen. Die Werkzeuge sind immer gemeinsames Eigentum von LEKUN und dem KUNDEN, wobei 35% davon standardm\u00e4\u00dfig LEKUN geh\u00f6ren und der proportionale Teil an den Kunden weitergegeben wird.  <\/p><p>Genehmigung: Neue Werkzeuge erfordern immer die Genehmigung eines ersten Produktionsmusters. LEKUN kann die ausdr\u00fcckliche Abnahme\/Genehmigung eines ersten Fertigungsmusters durch den Kunden verlangen, bevor die gesamte Fertigung des Auftrags durchgef\u00fchrt wird. Diese Genehmigung erfolgt durch den physischen Versand des hergestellten Musters an den Kunden. Um die Homologationsaufgaben zu erleichtern, ist es immer ratsam, die endg\u00fcltige Anwendung des Produkts zu kennen und sogar, dass der Kunde die Teile zur Verf\u00fcgung stellt, in denen das herzustellende Produkt untergebracht werden soll, da je nach Art des Materials und seiner Eigenschaften Abweichungen festgestellt werden k\u00f6nnen. Wenn dieses Geh\u00e4use nicht zur Verf\u00fcgung steht, liegt es in der Verantwortung des Kunden, es zu \u00fcberpr\u00fcfen, und es ist nicht akzeptabel, das Produkt zur\u00fcckzugeben.    <\/p><h2>5. Produktionsvorlaufzeiten:<\/h2><p>Die angegebenen Produktionsfristen sind Sch\u00e4tzungen und k\u00f6nnen je nach dem endg\u00fcltigen Datum der Angebotsannahme, der Annahme des Produktionsplans, der Auftragsbest\u00e4tigung, den Produktionsanforderungen, den vereinbarten Zahlungsmodalit\u00e4ten mit vorheriger Pr\u00fcfung, der Annahme von Mustern durch den Kunden oder h\u00f6herer Gewalt au\u00dferhalb der Kontrolle von LEKUN variieren. LEKUN wird sich stets bem\u00fchen, diese Fristen so weit wie m\u00f6glich einzuhalten oder vorzuverlegen. Unter keinen Umst\u00e4nden werden Vertragsstrafen aufgrund von Terminabweichungen akzeptiert. In bestimmten F\u00e4llen kann LEKUN Produktions\u00e4nderungen vornehmen, um die Produktionsfristen gegen zus\u00e4tzliche Kosten vorzuverlegen; in diesem Fall wird der Preis ausdr\u00fccklich im Angebot angegeben. Die angegebene Frist bezieht sich immer auf die Herstellung des Produkts im Werk von LEKUN und niemals auf den Eingang beim Kunden (auch nicht, wenn LEKUN den Transport organisiert). Muster: Falls eine Validierung durch ein von LEKUN hergestelltes Erstmuster erforderlich ist, beginnen die Fristen erst nach Erhalt einer solchen Abnahme. Die vom Kunden zur Verf\u00fcgung gestellten Muster werden mit der endg\u00fcltigen Bestellung zur\u00fcckgeschickt. Wenn die R\u00fccksendung nicht erforderlich ist, werden sie eliminiert.       <\/p><h2>6. Abrechnung:<\/h2><p>Die Abrechnung der Leistungen f\u00fcr die Beteiligung am Werkzeugbau erfolgt zum Zeitpunkt der Herstellung des ersten Produktionsmusters.<\/p><h2>7. Abweichungen bei Mengen und Toleranzen:<\/h2><p>Aufgrund von Produktionsprozessen kann es zu Abweichungen bei den angebotenen Mengen kommen. Eine Abweichung von \u00b1 10% wird als akzeptabel angesehen. Die Extrusionstoleranzen entsprechen der ISO 3302-1. Bearbeitungstoleranzen entsprechen der ISO 2768. Toleranzen f\u00fcr Formen und Dichtungen entsprechen der ISO 33025-2. Die angegebenen Toleranzen sind diejenigen, die im Allgemeinen, au\u00dfer in Ausnahmef\u00e4llen, angewendet werden.     <\/p><h2>8. Formate und Verpackung:<\/h2><p>Das Lieferformat entspricht dem von LEKUN definierten Format, sofern im Angebot nicht ausdr\u00fccklich andere Bedingungen angegeben sind, und unabh\u00e4ngig davon, ob es zuvor in einer anderen Form geliefert wurde. Bei Produkten wie stranggepressten Profilen, Rohren, Litzen oder \u00c4hnlichem wird akzeptiert, dass die vereinbarte Endl\u00e4nge Schnitte aufweisen kann und nicht durchgehend ist, sofern gew\u00e4hrleistet ist, dass die gelieferte Endmenge innerhalb der in Abschnitt 7 angegebenen Abweichung liegt. Es ist die von LEKUN definierte Standardverpackung zu verwenden, sofern im Angebot nicht ausdr\u00fccklich etwas anderes angegeben ist.   <\/p><h2>9. Lagerung und Transportmittel:<\/h2><p>Das beauftragte Transportmittel ist das im Angebot angegebene. Au\u00dferhalb der R\u00e4umlichkeiten von LEKUN entziehen sich Lagerung, Anwendung und Gebrauch unseres Produkts unserer Kontrolle und erfolgen daher ausschlie\u00dflich auf Ihr eigenes Risiko. <\/p><h2>10. Produktdatenblatt und Zertifikat:<\/h2><p>Sie k\u00f6nnen den Produktkatalog auf unserer Website www.lekun.es einsehen, wo Sie auch Informationen und Dokumente von Interesse finden. Wenn zus\u00e4tzliche Zertifikate erforderlich sind, m\u00fcssen diese angefordert werden, um die damit verbundenen Kosten zu ermitteln. LEKUN ist nicht verpflichtet, Zertifikate zur Verf\u00fcgung zu stellen, die nicht in den Angeboten enthalten sind, au\u00dfer denen, die gesetzlich vorgeschrieben sind. Sollte der Kunde zu einem sp\u00e4teren Zeitpunkt Bescheinigungen ben\u00f6tigen, pr\u00fcft LEKUN die M\u00f6glichkeit der Bereitstellung solcher Bescheinigungen und deren Kosten, falls zutreffend.   <\/p><h2>11. Reklamationen und Erstattungen:<\/h2><p>Der Kunde ist daf\u00fcr verantwortlich, die Menge und Qualit\u00e4t der Produkte bei Erhalt zu \u00fcberpr\u00fcfen. Im Falle eines Transportfehlers muss der Kunde die festgestellten M\u00e4ngel auf dem Lieferschein des Spediteurs angeben. Alle M\u00e4ngel m\u00fcssen innerhalb von 3 Werktagen nach der Lieferung gemeldet werden. LEKUN haftet nicht f\u00fcr Sch\u00e4den an den Produkten, wenn diese auf eine unsachgem\u00e4\u00dfe Handhabung, Ver\u00e4nderung oder falsche Lagerung zur\u00fcckzuf\u00fchren sind. R\u00fccksendungen werden unter keinen Umst\u00e4nden sp\u00e4ter als 30 Tage nach Lieferung der Ware akzeptiert.    <\/p><p>Falls der Kunde eine \u00dcberpr\u00fcfung des Produkts verlangt, weil er es f\u00fcr unzureichend h\u00e4lt, muss es in den Einrichtungen von LEKUN \u00fcberpr\u00fcft werden, wo nach der \u00dcberpr\u00fcfung und innerhalb einer angemessenen Frist ein Bericht \u00fcber die Angelegenheit mit der getroffenen L\u00f6sung erstellt wird. Unter keinen Umst\u00e4nden werden einseitige Sanktionen akzeptiert. <\/p><h2>12. Handelsrecht und Streitigkeiten:<\/h2><p>Im Falle kommerzieller Unstimmigkeiten werden diese nach Treu und Glauben behandelt, um eine f\u00fcr beide Parteien zufriedenstellende Einigung zu erzielen. Ist eine solche Einigung nicht m\u00f6glich, werden die Streitigkeiten nach spanischem Recht beigelegt. <\/p><p>Im Falle von \u00dcbersetzungsunterschieden gelten immer die vorliegenden Bedingungen in englischer Sprache.<\/p><h2>13. Vertraulichkeit:<\/h2><p>Weder der Kunde noch einer seiner Mitarbeiter darf ohne vorherige Zustimmung von LEKUN kommerzielle Informationen, technische Informationen, Zeichnungen oder sonstige von LEKUN zur Verf\u00fcgung gestellte Informationen verbreiten.<\/p><h2>14. Datenschutz:<\/h2><p>LEKUN verpflichtet sich, die hierin enthaltenen personenbezogenen Daten in \u00dcbereinstimmung mit den in Spanien geltenden diesbez\u00fcglichen Vorschriften zu verarbeiten.<\/p>\n\t\t\t\t\t<\/div>\n\t\t\t\t\t\t<\/div>\n\t\t\t\t<\/div>\n\t\t\t\t<div class=\"elementor-element elementor-element-fe28fbc elementor-widget elementor-widget-wd_button\" data-id=\"fe28fbc\" data-element_type=\"widget\" data-e-type=\"widget\" data-widget_type=\"wd_button.default\">\n\t\t\t\t<div class=\"elementor-widget-container\">\n\t\t\t\t\t\t\t<div class=\"wd-button-wrapper text-center\" >\n\t\t\t<a class=\"btn btn-style-default btn-shape-rectangle btn-size-default btn-color-primary btn-icon-pos-right\"  href=\"https:\/\/lekun.es\/wp-content\/uploads\/2025\/02\/Condiciones-generales-de-venta-Lekun.pdf\" target=\"_blank\">\n\t\t\t\t<span class=\"wd-btn-text\" data-elementor-setting-key=\"text\">\n\t\t\t\t\tPDF Bedingungen herunterladen\t\t\t\t<\/span>\n\n\t\t\t\t\t\t\t<\/a>\n\t\t<\/div>\n\t\t\t\t\t\t<\/div>\n\t\t\t\t<\/div>\n\t\t\t\t\t<\/div>\n\t\t<\/div>\n\t\t\t\t\t<\/div>\n\t\t<\/section>\n\t\t\t\t<\/div>\n\t\t","protected":false},"excerpt":{"rendered":"<p>1. die Generalklausel: Der vorliegende Vertrag spiegelt die Verkaufsbedingungen wider, die zwischen Lekun Caucho Pl\u00e1sticos S.L. und DEM KUNDEN festgelegt<\/p>\n","protected":false},"author":2,"featured_media":0,"parent":0,"menu_order":0,"comment_status":"closed","ping_status":"closed","template":"","meta":{"inline_featured_image":false,"footnotes":""},"class_list":["post-11828","page","type-page","status-publish","hentry"],"yoast_head":"<!-- This site is optimized with the Yoast SEO plugin v26.9 - https:\/\/yoast.com\/product\/yoast-seo-wordpress\/ -->\n<title>Allgemeine Verkaufsbedingungen - LEKUN GROUP<\/title>\n<meta name=\"robots\" content=\"index, follow, max-snippet:-1, max-image-preview:large, max-video-preview:-1\" \/>\n<link rel=\"canonical\" href=\"https:\/\/lekun.es\/de\/allgemeine-verkaufsbedingungen\/\" \/>\n<meta property=\"og:locale\" content=\"de_DE\" \/>\n<meta property=\"og:type\" content=\"article\" \/>\n<meta property=\"og:title\" content=\"Allgemeine Verkaufsbedingungen - LEKUN GROUP\" \/>\n<meta property=\"og:description\" content=\"1. die Generalklausel: Der vorliegende Vertrag spiegelt die Verkaufsbedingungen wider, die zwischen Lekun Caucho Pl\u00e1sticos S.L. und DEM KUNDEN festgelegt\" \/>\n<meta property=\"og:url\" content=\"https:\/\/lekun.es\/de\/allgemeine-verkaufsbedingungen\/\" \/>\n<meta property=\"og:site_name\" content=\"LEKUN GROUP\" \/>\n<meta property=\"article:modified_time\" content=\"2025-02-05T11:32:27+00:00\" \/>\n<meta name=\"twitter:card\" content=\"summary_large_image\" \/>\n<meta name=\"twitter:label1\" content=\"Gesch\u00e4tzte Lesezeit\" \/>\n\t<meta name=\"twitter:data1\" content=\"7\u00a0Minuten\" \/>\n<script type=\"application\/ld+json\" class=\"yoast-schema-graph\">{\"@context\":\"https:\/\/schema.org\",\"@graph\":[{\"@type\":\"WebPage\",\"@id\":\"https:\/\/lekun.es\/de\/allgemeine-verkaufsbedingungen\/\",\"url\":\"https:\/\/lekun.es\/de\/allgemeine-verkaufsbedingungen\/\",\"name\":\"Allgemeine Verkaufsbedingungen - LEKUN GROUP\",\"isPartOf\":{\"@id\":\"https:\/\/lekun.es\/de\/#website\"},\"datePublished\":\"2025-02-04T14:33:52+00:00\",\"dateModified\":\"2025-02-05T11:32:27+00:00\",\"breadcrumb\":{\"@id\":\"https:\/\/lekun.es\/de\/allgemeine-verkaufsbedingungen\/#breadcrumb\"},\"inLanguage\":\"de\",\"potentialAction\":[{\"@type\":\"ReadAction\",\"target\":[\"https:\/\/lekun.es\/de\/allgemeine-verkaufsbedingungen\/\"]}]},{\"@type\":\"BreadcrumbList\",\"@id\":\"https:\/\/lekun.es\/de\/allgemeine-verkaufsbedingungen\/#breadcrumb\",\"itemListElement\":[{\"@type\":\"ListItem\",\"position\":1,\"name\":\"Portada\",\"item\":\"https:\/\/lekun.es\/de\/\"},{\"@type\":\"ListItem\",\"position\":2,\"name\":\"Allgemeine Verkaufsbedingungen\"}]},{\"@type\":\"WebSite\",\"@id\":\"https:\/\/lekun.es\/de\/#website\",\"url\":\"https:\/\/lekun.es\/de\/\",\"name\":\"LEKUN GROUP\",\"description\":\"Producci\u00f3n y distribuci\u00f3n de caucho, juntas y fuelles a medida\",\"potentialAction\":[{\"@type\":\"SearchAction\",\"target\":{\"@type\":\"EntryPoint\",\"urlTemplate\":\"https:\/\/lekun.es\/de\/?s={search_term_string}\"},\"query-input\":{\"@type\":\"PropertyValueSpecification\",\"valueRequired\":true,\"valueName\":\"search_term_string\"}}],\"inLanguage\":\"de\"}]}<\/script>\n<!-- \/ Yoast SEO plugin. -->","yoast_head_json":{"title":"Allgemeine Verkaufsbedingungen - LEKUN GROUP","robots":{"index":"index","follow":"follow","max-snippet":"max-snippet:-1","max-image-preview":"max-image-preview:large","max-video-preview":"max-video-preview:-1"},"canonical":"https:\/\/lekun.es\/de\/allgemeine-verkaufsbedingungen\/","og_locale":"de_DE","og_type":"article","og_title":"Allgemeine Verkaufsbedingungen - LEKUN GROUP","og_description":"1. die Generalklausel: Der vorliegende Vertrag spiegelt die Verkaufsbedingungen wider, die zwischen Lekun Caucho Pl\u00e1sticos S.L. und DEM KUNDEN festgelegt","og_url":"https:\/\/lekun.es\/de\/allgemeine-verkaufsbedingungen\/","og_site_name":"LEKUN GROUP","article_modified_time":"2025-02-05T11:32:27+00:00","twitter_card":"summary_large_image","twitter_misc":{"Gesch\u00e4tzte Lesezeit":"7\u00a0Minuten"},"schema":{"@context":"https:\/\/schema.org","@graph":[{"@type":"WebPage","@id":"https:\/\/lekun.es\/de\/allgemeine-verkaufsbedingungen\/","url":"https:\/\/lekun.es\/de\/allgemeine-verkaufsbedingungen\/","name":"Allgemeine Verkaufsbedingungen - LEKUN GROUP","isPartOf":{"@id":"https:\/\/lekun.es\/de\/#website"},"datePublished":"2025-02-04T14:33:52+00:00","dateModified":"2025-02-05T11:32:27+00:00","breadcrumb":{"@id":"https:\/\/lekun.es\/de\/allgemeine-verkaufsbedingungen\/#breadcrumb"},"inLanguage":"de","potentialAction":[{"@type":"ReadAction","target":["https:\/\/lekun.es\/de\/allgemeine-verkaufsbedingungen\/"]}]},{"@type":"BreadcrumbList","@id":"https:\/\/lekun.es\/de\/allgemeine-verkaufsbedingungen\/#breadcrumb","itemListElement":[{"@type":"ListItem","position":1,"name":"Portada","item":"https:\/\/lekun.es\/de\/"},{"@type":"ListItem","position":2,"name":"Allgemeine Verkaufsbedingungen"}]},{"@type":"WebSite","@id":"https:\/\/lekun.es\/de\/#website","url":"https:\/\/lekun.es\/de\/","name":"LEKUN GROUP","description":"Producci\u00f3n y distribuci\u00f3n de caucho, juntas y fuelles a medida","potentialAction":[{"@type":"SearchAction","target":{"@type":"EntryPoint","urlTemplate":"https:\/\/lekun.es\/de\/?s={search_term_string}"},"query-input":{"@type":"PropertyValueSpecification","valueRequired":true,"valueName":"search_term_string"}}],"inLanguage":"de"}]}},"_links":{"self":[{"href":"https:\/\/lekun.es\/de\/wp-json\/wp\/v2\/pages\/11828","targetHints":{"allow":["GET"]}}],"collection":[{"href":"https:\/\/lekun.es\/de\/wp-json\/wp\/v2\/pages"}],"about":[{"href":"https:\/\/lekun.es\/de\/wp-json\/wp\/v2\/types\/page"}],"author":[{"embeddable":true,"href":"https:\/\/lekun.es\/de\/wp-json\/wp\/v2\/users\/2"}],"replies":[{"embeddable":true,"href":"https:\/\/lekun.es\/de\/wp-json\/wp\/v2\/comments?post=11828"}],"version-history":[{"count":1,"href":"https:\/\/lekun.es\/de\/wp-json\/wp\/v2\/pages\/11828\/revisions"}],"predecessor-version":[{"id":11829,"href":"https:\/\/lekun.es\/de\/wp-json\/wp\/v2\/pages\/11828\/revisions\/11829"}],"wp:attachment":[{"href":"https:\/\/lekun.es\/de\/wp-json\/wp\/v2\/media?parent=11828"}],"curies":[{"name":"wp","href":"https:\/\/api.w.org\/{rel}","templated":true}]}}