{"id":11415,"date":"2023-05-18T09:35:21","date_gmt":"2023-05-18T09:35:21","guid":{"rendered":"https:\/\/www.lekun.es\/unkategorisiert\/kabeldurchfuehrungstuellen\/"},"modified":"2024-09-23T07:02:41","modified_gmt":"2024-09-23T07:02:41","slug":"kabeldurchfuehrungstuellen","status":"publish","type":"product","link":"https:\/\/lekun.es\/de\/andere\/kabeldurchfuehrungstuellen\/","title":{"rendered":"Kabeldurchf\u00fchrungst\u00fcllen"},"content":{"rendered":"\t\t<div data-elementor-type=\"wp-post\" data-elementor-id=\"11415\" class=\"elementor elementor-11415 elementor-9910\">\n\t\t\t\t\t\t<section class=\"wd-negative-gap elementor-section elementor-top-section elementor-element elementor-element-d19dfd1 elementor-section-boxed elementor-section-height-default elementor-section-height-default\" data-id=\"d19dfd1\" data-element_type=\"section\" data-e-type=\"section\">\n\t\t\t\t\t\t<div class=\"elementor-container elementor-column-gap-default\">\n\t\t\t\t\t<div class=\"elementor-column elementor-col-100 elementor-top-column elementor-element elementor-element-7d0d09c\" data-id=\"7d0d09c\" data-element_type=\"column\" data-e-type=\"column\">\n\t\t\t<div class=\"elementor-widget-wrap elementor-element-populated\">\n\t\t\t\t\t\t<div class=\"elementor-element elementor-element-32c190e elementor-widget elementor-widget-wd_image_or_svg\" data-id=\"32c190e\" data-element_type=\"widget\" data-e-type=\"widget\" data-widget_type=\"wd_image_or_svg.default\">\n\t\t\t\t<div class=\"elementor-widget-container\">\n\t\t\t\t\t\n\t\t<div class=\"wd-image text-center\">\n\t\t\t\t\t\t\t\t<img loading=\"lazy\" decoding=\"async\" width=\"290\" height=\"174\" src=\"https:\/\/lekun.es\/wp-content\/uploads\/2023\/05\/medidas-pasacables-2-or.webp\" class=\"attachment-full size-full\" alt=\"\" srcset=\"https:\/\/lekun.es\/wp-content\/uploads\/2023\/05\/medidas-pasacables-2-or.webp 290w, https:\/\/lekun.es\/wp-content\/uploads\/2023\/05\/medidas-pasacables-2-or-150x90.webp 150w\" sizes=\"auto, (max-width: 290px) 100vw, 290px\" \/>\t\t\t\t\t<\/div>\n\n\t\t\t\t\t\t<\/div>\n\t\t\t\t<\/div>\n\t\t\t\t\t<\/div>\n\t\t<\/div>\n\t\t\t\t\t<\/div>\n\t\t<\/section>\n\t\t\t\t<section class=\"wd-negative-gap elementor-section elementor-top-section elementor-element elementor-element-e342f8e elementor-section-boxed elementor-section-height-default elementor-section-height-default\" data-id=\"e342f8e\" data-element_type=\"section\" data-e-type=\"section\">\n\t\t\t\t\t\t<div class=\"elementor-container elementor-column-gap-default\">\n\t\t\t\t\t<div class=\"elementor-column elementor-col-100 elementor-top-column elementor-element elementor-element-024fa01\" data-id=\"024fa01\" data-element_type=\"column\" data-e-type=\"column\">\n\t\t\t<div class=\"elementor-widget-wrap elementor-element-populated\">\n\t\t\t\t\t\t<div class=\"elementor-element elementor-element-af71d26 elementor-widget elementor-widget-wd_text_block\" data-id=\"af71d26\" data-element_type=\"widget\" data-e-type=\"widget\" data-widget_type=\"wd_text_block.default\">\n\t\t\t\t<div class=\"elementor-widget-container\">\n\t\t\t\t\t\t\t<div class=\"wd-text-block reset-last-child text-left\">\n\t\t\t\n\t\t\t<table align=\"center\" border=\"1\" cellpadding=\"0\" cellspacing=\"0\">\n<tbody>\n<tr>\n<td style=\"background-color:rgb(102, 51, 204); text-align:center; vertical-align:middle\">\n<p><strong>&nbsp;<span style=\"color:#FFFFFF\">Bohrungsdurchmesser (A)<\/span><\/strong><strong style=\"line-height:1.6\"><span style=\"color:#FFFFFF\">&nbsp;<\/span><\/strong><\/p>\n<\/td>\n<td style=\"background-color:rgb(102, 51, 204); text-align:center; vertical-align:middle\">\n<p><span style=\"color:#FFFFFF\"><strong>&nbsp;Mittlerer Durchmesser (B)&nbsp;<\/strong><\/span><\/p>\n<\/td>\n<td style=\"background-color:rgb(102, 51, 204); text-align:center; vertical-align:middle\">\n<p><span style=\"color:#FFFFFF\"><strong>&nbsp;\u00c4u\u00dferer Durchmesser (E)&nbsp;<\/strong><\/span><\/p>\n<\/td>\n<td style=\"background-color:rgb(102, 51, 204); text-align:center; vertical-align:middle\">\n<p><span style=\"color:#FFFFFF\"><strong>&nbsp;Gesamth\u00f6he (D)&nbsp;<\/strong><\/span><\/p>\n<\/td>\n<td style=\"background-color:rgb(102, 51, 204); text-align:center; vertical-align:middle\">\n<p><span style=\"color:#FFFFFF\"><strong>&nbsp;Schlitzh\u00f6he (C)&nbsp;<\/strong><\/span><\/p>\n<\/td>\n<\/tr>\n<tr>\n<td style=\"text-align:center; vertical-align:middle\">\n<p>6<\/p>\n<\/td>\n<td style=\"text-align:center; vertical-align:middle\">\n<p>11<\/p>\n<\/td>\n<td style=\"text-align:center; vertical-align:middle\">\n<p>14<\/p>\n<\/td>\n<td style=\"text-align:center; vertical-align:middle\">\n<p>9<\/p>\n<\/td>\n<td style=\"text-align:center; vertical-align:middle\">\n<p>1<\/p>\n<\/td>\n<\/tr>\n<tr>\n<td style=\"text-align:center; vertical-align:middle\">\n<p>10<\/p>\n<\/td>\n<td style=\"text-align:center; vertical-align:middle\">\n<p>18<\/p>\n<\/td>\n<td style=\"text-align:center; vertical-align:middle\">\n<p>21<\/p>\n<\/td>\n<td style=\"text-align:center; vertical-align:middle\">\n<p>8<\/p>\n<\/td>\n<td style=\"text-align:center; vertical-align:middle\">\n<p>2<\/p>\n<\/td>\n<\/tr>\n<tr>\n<td style=\"text-align:center; vertical-align:middle\">\n<p>10<\/p>\n<\/td>\n<td style=\"text-align:center; vertical-align:middle\">\n<p>15<\/p>\n<\/td>\n<td style=\"text-align:center; vertical-align:middle\">\n<p>20<\/p>\n<\/td>\n<td style=\"text-align:center; vertical-align:middle\">\n<p>10<\/p>\n<\/td>\n<td style=\"text-align:center; vertical-align:middle\">\n<p>2<\/p>\n<\/td>\n<\/tr>\n<tr>\n<td style=\"text-align:center; vertical-align:middle\">\n<p>11<\/p>\n<\/td>\n<td style=\"text-align:center; vertical-align:middle\">\n<p>23<\/p>\n<\/td>\n<td style=\"text-align:center; vertical-align:middle\">\n<p>29<\/p>\n<\/td>\n<td style=\"text-align:center; vertical-align:middle\">\n<p>19<\/p>\n<\/td>\n<td style=\"text-align:center; vertical-align:middle\">\n<p>10<\/p>\n<\/td>\n<\/tr>\n<tr>\n<td style=\"text-align:center; vertical-align:middle\">\n<p>14<\/p>\n<\/td>\n<td style=\"text-align:center; vertical-align:middle\">\n<p>20<\/p>\n<\/td>\n<td style=\"text-align:center; vertical-align:middle\">\n<p>27<\/p>\n<\/td>\n<td style=\"text-align:center; vertical-align:middle\">\n<p>9<\/p>\n<\/td>\n<td style=\"text-align:center; vertical-align:middle\">\n<p>1<\/p>\n<\/td>\n<\/tr>\n<tr>\n<td style=\"text-align:center; vertical-align:middle\">\n<p>16<\/p>\n<\/td>\n<td style=\"text-align:center; vertical-align:middle\">\n<p>22<\/p>\n<\/td>\n<td style=\"text-align:center; vertical-align:middle\">\n<p>27<\/p>\n<\/td>\n<td style=\"text-align:center; vertical-align:middle\">\n<p>12<\/p>\n<\/td>\n<td style=\"text-align:center; vertical-align:middle\">\n<p>2<\/p>\n<\/td>\n<\/tr>\n<tr>\n<td style=\"text-align:center; vertical-align:middle\">\n<p>29<\/p>\n<\/td>\n<td style=\"text-align:center; vertical-align:middle\">\n<p>41<\/p>\n<\/td>\n<td style=\"text-align:center; vertical-align:middle\">\n<p>49<\/p>\n<\/td>\n<td style=\"text-align:center; vertical-align:middle\">\n<p>12<\/p>\n<\/td>\n<td style=\"text-align:center; vertical-align:middle\">\n<p>7<\/p>\n<\/td>\n<\/tr>\n<tr>\n<td style=\"text-align:center; vertical-align:middle\">\n<p>39<\/p>\n<\/td>\n<td style=\"text-align:center; vertical-align:middle\">\n<p>51<\/p>\n<\/td>\n<td style=\"text-align:center; vertical-align:middle\">\n<p>55<\/p>\n<\/td>\n<td style=\"text-align:center; vertical-align:middle\">\n<p>10<\/p>\n<\/td>\n<td style=\"text-align:center; vertical-align:middle\">\n<p>3<\/p>\n<\/td>\n<\/tr>\n<\/tbody>\n<\/table>\n\n\t\t\t\t\t<\/div>\n\t\t\t\t\t\t<\/div>\n\t\t\t\t<\/div>\n\t\t\t\t\t<\/div>\n\t\t<\/div>\n\t\t\t\t\t<\/div>\n\t\t<\/section>\n\t\t\t\t<\/div>\n\t\t","protected":false},"excerpt":{"rendered":"<p>&nbsp;Bohrungsdurchmesser (A)&nbsp; &nbsp;Mittlerer Durchmesser (B)&nbsp; &nbsp;\u00c4u\u00dferer Durchmesser (E)&nbsp; &nbsp;Gesamth\u00f6he (D)&nbsp; &nbsp;Schlitzh\u00f6he (C)&nbsp; 6 11 14 9 1 10 18 21<\/p>\n","protected":false},"featured_media":11416,"template":"","meta":{"inline_featured_image":false},"product_brand":[],"product_cat":[137],"product_tag":[],"class_list":{"0":"post-11415","1":"product","2":"type-product","3":"status-publish","4":"has-post-thumbnail","6":"product_cat-andere","8":"first","9":"instock","10":"shipping-taxable","11":"product-type-simple"},"yoast_head":"<!-- This site is optimized with the Yoast SEO plugin v26.9 - https:\/\/yoast.com\/product\/yoast-seo-wordpress\/ -->\n<title>Kabeldurchf\u00fchrungst\u00fcllen - LEKUN GROUP<\/title>\n<meta name=\"robots\" content=\"index, follow, max-snippet:-1, max-image-preview:large, max-video-preview:-1\" \/>\n<link rel=\"canonical\" href=\"https:\/\/lekun.es\/de\/andere\/kabeldurchfuehrungstuellen\/\" \/>\n<meta property=\"og:locale\" content=\"de_DE\" \/>\n<meta property=\"og:type\" content=\"article\" \/>\n<meta property=\"og:title\" content=\"Kabeldurchf\u00fchrungst\u00fcllen - LEKUN GROUP\" \/>\n<meta property=\"og:description\" content=\"&nbsp;Bohrungsdurchmesser (A)&nbsp; &nbsp;Mittlerer Durchmesser (B)&nbsp; &nbsp;\u00c4u\u00dferer Durchmesser (E)&nbsp; &nbsp;Gesamth\u00f6he (D)&nbsp; &nbsp;Schlitzh\u00f6he (C)&nbsp; 6 11 14 9 1 10 18 21\" \/>\n<meta property=\"og:url\" content=\"https:\/\/lekun.es\/de\/andere\/kabeldurchfuehrungstuellen\/\" \/>\n<meta property=\"og:site_name\" content=\"LEKUN GROUP\" \/>\n<meta property=\"article:modified_time\" content=\"2024-09-23T07:02:41+00:00\" \/>\n<meta property=\"og:image\" content=\"https:\/\/lekun.es\/wp-content\/uploads\/2023\/05\/pasacables-or.webp\" \/>\n\t<meta property=\"og:image:width\" content=\"1024\" \/>\n\t<meta property=\"og:image:height\" content=\"768\" \/>\n\t<meta property=\"og:image:type\" content=\"image\/webp\" \/>\n<meta name=\"twitter:card\" content=\"summary_large_image\" \/>\n<script type=\"application\/ld+json\" class=\"yoast-schema-graph\">{\"@context\":\"https:\/\/schema.org\",\"@graph\":[{\"@type\":\"WebPage\",\"@id\":\"https:\/\/lekun.es\/de\/andere\/kabeldurchfuehrungstuellen\/\",\"url\":\"https:\/\/lekun.es\/de\/andere\/kabeldurchfuehrungstuellen\/\",\"name\":\"Kabeldurchf\u00fchrungst\u00fcllen - LEKUN GROUP\",\"isPartOf\":{\"@id\":\"https:\/\/lekun.es\/de\/#website\"},\"primaryImageOfPage\":{\"@id\":\"https:\/\/lekun.es\/de\/andere\/kabeldurchfuehrungstuellen\/#primaryimage\"},\"image\":{\"@id\":\"https:\/\/lekun.es\/de\/andere\/kabeldurchfuehrungstuellen\/#primaryimage\"},\"thumbnailUrl\":\"https:\/\/lekun.es\/wp-content\/uploads\/2023\/05\/pasacables-or.webp\",\"datePublished\":\"2023-05-18T09:35:21+00:00\",\"dateModified\":\"2024-09-23T07:02:41+00:00\",\"breadcrumb\":{\"@id\":\"https:\/\/lekun.es\/de\/andere\/kabeldurchfuehrungstuellen\/#breadcrumb\"},\"inLanguage\":\"de\",\"potentialAction\":[{\"@type\":\"ReadAction\",\"target\":[\"https:\/\/lekun.es\/de\/andere\/kabeldurchfuehrungstuellen\/\"]}]},{\"@type\":\"ImageObject\",\"inLanguage\":\"de\",\"@id\":\"https:\/\/lekun.es\/de\/andere\/kabeldurchfuehrungstuellen\/#primaryimage\",\"url\":\"https:\/\/lekun.es\/wp-content\/uploads\/2023\/05\/pasacables-or.webp\",\"contentUrl\":\"https:\/\/lekun.es\/wp-content\/uploads\/2023\/05\/pasacables-or.webp\",\"width\":1024,\"height\":768},{\"@type\":\"BreadcrumbList\",\"@id\":\"https:\/\/lekun.es\/de\/andere\/kabeldurchfuehrungstuellen\/#breadcrumb\",\"itemListElement\":[{\"@type\":\"ListItem\",\"position\":1,\"name\":\"Portada\",\"item\":\"https:\/\/lekun.es\/de\/\"},{\"@type\":\"ListItem\",\"position\":2,\"name\":\"Tienda\",\"item\":\"https:\/\/lekun.es\/?page_id=8\"},{\"@type\":\"ListItem\",\"position\":3,\"name\":\"Kabeldurchf\u00fchrungst\u00fcllen\"}]},{\"@type\":\"WebSite\",\"@id\":\"https:\/\/lekun.es\/de\/#website\",\"url\":\"https:\/\/lekun.es\/de\/\",\"name\":\"LEKUN GROUP\",\"description\":\"Producci\u00f3n y distribuci\u00f3n de caucho, juntas y fuelles a medida\",\"potentialAction\":[{\"@type\":\"SearchAction\",\"target\":{\"@type\":\"EntryPoint\",\"urlTemplate\":\"https:\/\/lekun.es\/de\/?s={search_term_string}\"},\"query-input\":{\"@type\":\"PropertyValueSpecification\",\"valueRequired\":true,\"valueName\":\"search_term_string\"}}],\"inLanguage\":\"de\"}]}<\/script>\n<!-- \/ Yoast SEO plugin. -->","yoast_head_json":{"title":"Kabeldurchf\u00fchrungst\u00fcllen - LEKUN GROUP","robots":{"index":"index","follow":"follow","max-snippet":"max-snippet:-1","max-image-preview":"max-image-preview:large","max-video-preview":"max-video-preview:-1"},"canonical":"https:\/\/lekun.es\/de\/andere\/kabeldurchfuehrungstuellen\/","og_locale":"de_DE","og_type":"article","og_title":"Kabeldurchf\u00fchrungst\u00fcllen - LEKUN GROUP","og_description":"&nbsp;Bohrungsdurchmesser (A)&nbsp; &nbsp;Mittlerer Durchmesser (B)&nbsp; &nbsp;\u00c4u\u00dferer Durchmesser (E)&nbsp; &nbsp;Gesamth\u00f6he (D)&nbsp; &nbsp;Schlitzh\u00f6he (C)&nbsp; 6 11 14 9 1 10 18 21","og_url":"https:\/\/lekun.es\/de\/andere\/kabeldurchfuehrungstuellen\/","og_site_name":"LEKUN GROUP","article_modified_time":"2024-09-23T07:02:41+00:00","og_image":[{"width":1024,"height":768,"url":"https:\/\/lekun.es\/wp-content\/uploads\/2023\/05\/pasacables-or.webp","type":"image\/webp"}],"twitter_card":"summary_large_image","schema":{"@context":"https:\/\/schema.org","@graph":[{"@type":"WebPage","@id":"https:\/\/lekun.es\/de\/andere\/kabeldurchfuehrungstuellen\/","url":"https:\/\/lekun.es\/de\/andere\/kabeldurchfuehrungstuellen\/","name":"Kabeldurchf\u00fchrungst\u00fcllen - LEKUN GROUP","isPartOf":{"@id":"https:\/\/lekun.es\/de\/#website"},"primaryImageOfPage":{"@id":"https:\/\/lekun.es\/de\/andere\/kabeldurchfuehrungstuellen\/#primaryimage"},"image":{"@id":"https:\/\/lekun.es\/de\/andere\/kabeldurchfuehrungstuellen\/#primaryimage"},"thumbnailUrl":"https:\/\/lekun.es\/wp-content\/uploads\/2023\/05\/pasacables-or.webp","datePublished":"2023-05-18T09:35:21+00:00","dateModified":"2024-09-23T07:02:41+00:00","breadcrumb":{"@id":"https:\/\/lekun.es\/de\/andere\/kabeldurchfuehrungstuellen\/#breadcrumb"},"inLanguage":"de","potentialAction":[{"@type":"ReadAction","target":["https:\/\/lekun.es\/de\/andere\/kabeldurchfuehrungstuellen\/"]}]},{"@type":"ImageObject","inLanguage":"de","@id":"https:\/\/lekun.es\/de\/andere\/kabeldurchfuehrungstuellen\/#primaryimage","url":"https:\/\/lekun.es\/wp-content\/uploads\/2023\/05\/pasacables-or.webp","contentUrl":"https:\/\/lekun.es\/wp-content\/uploads\/2023\/05\/pasacables-or.webp","width":1024,"height":768},{"@type":"BreadcrumbList","@id":"https:\/\/lekun.es\/de\/andere\/kabeldurchfuehrungstuellen\/#breadcrumb","itemListElement":[{"@type":"ListItem","position":1,"name":"Portada","item":"https:\/\/lekun.es\/de\/"},{"@type":"ListItem","position":2,"name":"Tienda","item":"https:\/\/lekun.es\/?page_id=8"},{"@type":"ListItem","position":3,"name":"Kabeldurchf\u00fchrungst\u00fcllen"}]},{"@type":"WebSite","@id":"https:\/\/lekun.es\/de\/#website","url":"https:\/\/lekun.es\/de\/","name":"LEKUN GROUP","description":"Producci\u00f3n y distribuci\u00f3n de caucho, juntas y fuelles a medida","potentialAction":[{"@type":"SearchAction","target":{"@type":"EntryPoint","urlTemplate":"https:\/\/lekun.es\/de\/?s={search_term_string}"},"query-input":{"@type":"PropertyValueSpecification","valueRequired":true,"valueName":"search_term_string"}}],"inLanguage":"de"}]}},"_links":{"self":[{"href":"https:\/\/lekun.es\/de\/wp-json\/wp\/v2\/product\/11415","targetHints":{"allow":["GET"]}}],"collection":[{"href":"https:\/\/lekun.es\/de\/wp-json\/wp\/v2\/product"}],"about":[{"href":"https:\/\/lekun.es\/de\/wp-json\/wp\/v2\/types\/product"}],"version-history":[{"count":1,"href":"https:\/\/lekun.es\/de\/wp-json\/wp\/v2\/product\/11415\/revisions"}],"predecessor-version":[{"id":11417,"href":"https:\/\/lekun.es\/de\/wp-json\/wp\/v2\/product\/11415\/revisions\/11417"}],"wp:featuredmedia":[{"embeddable":true,"href":"https:\/\/lekun.es\/de\/wp-json\/wp\/v2\/media\/11416"}],"wp:attachment":[{"href":"https:\/\/lekun.es\/de\/wp-json\/wp\/v2\/media?parent=11415"}],"wp:term":[{"taxonomy":"product_brand","embeddable":true,"href":"https:\/\/lekun.es\/de\/wp-json\/wp\/v2\/product_brand?post=11415"},{"taxonomy":"product_cat","embeddable":true,"href":"https:\/\/lekun.es\/de\/wp-json\/wp\/v2\/product_cat?post=11415"},{"taxonomy":"product_tag","embeddable":true,"href":"https:\/\/lekun.es\/de\/wp-json\/wp\/v2\/product_tag?post=11415"}],"curies":[{"name":"wp","href":"https:\/\/api.w.org\/{rel}","templated":true}]}}