{"id":11477,"date":"2023-04-20T11:53:28","date_gmt":"2023-04-20T11:53:28","guid":{"rendered":"https:\/\/www.lekun.es\/unkategorisiert\/grosse-groessen\/"},"modified":"2023-04-20T11:53:28","modified_gmt":"2023-04-20T11:53:28","slug":"grosse-groessen","status":"publish","type":"product","link":"https:\/\/lekun.es\/de\/lekun-kautxo-de\/grosse-groessen\/","title":{"rendered":"Gro\u00dfe Gr\u00f6\u00dfen"},"content":{"rendered":"","protected":false},"excerpt":{"rendered":"<p><span style=\"font-weight: 400;\">Industrielle Anwendungen Vorl\u00e4ufige maximale Teilegr\u00f6\u00dfen 1250 * 500 * 100 1250 * 500 * 200  <\/span><\/p>\n","protected":false},"featured_media":11478,"template":"","meta":{"inline_featured_image":false},"product_brand":[],"product_cat":[143],"product_tag":[],"class_list":{"0":"post-11477","1":"product","2":"type-product","3":"status-publish","4":"has-post-thumbnail","6":"product_cat-lekun-kautxo-de","8":"first","9":"instock","10":"shipping-taxable","11":"product-type-simple"},"yoast_head":"<!-- This site is optimized with the Yoast SEO plugin v26.9 - https:\/\/yoast.com\/product\/yoast-seo-wordpress\/ -->\n<title>Gro\u00dfe Gr\u00f6\u00dfen - LEKUN GROUP<\/title>\n<meta name=\"robots\" content=\"index, follow, max-snippet:-1, max-image-preview:large, max-video-preview:-1\" \/>\n<link rel=\"canonical\" href=\"https:\/\/lekun.es\/de\/lekun-kautxo-de\/grosse-groessen\/\" \/>\n<meta property=\"og:locale\" content=\"de_DE\" \/>\n<meta property=\"og:type\" content=\"article\" \/>\n<meta property=\"og:title\" content=\"Gro\u00dfe Gr\u00f6\u00dfen - LEKUN GROUP\" \/>\n<meta property=\"og:description\" content=\"Industrielle Anwendungen Vorl\u00e4ufige maximale Teilegr\u00f6\u00dfen 1250 * 500 * 100 1250 * 500 * 200\" \/>\n<meta property=\"og:url\" content=\"https:\/\/lekun.es\/de\/lekun-kautxo-de\/grosse-groessen\/\" \/>\n<meta property=\"og:site_name\" content=\"LEKUN GROUP\" \/>\n<meta name=\"twitter:card\" content=\"summary_large_image\" \/>\n<script type=\"application\/ld+json\" class=\"yoast-schema-graph\">{\"@context\":\"https:\/\/schema.org\",\"@graph\":[{\"@type\":\"WebPage\",\"@id\":\"https:\/\/lekun.es\/de\/lekun-kautxo-de\/grosse-groessen\/\",\"url\":\"https:\/\/lekun.es\/de\/lekun-kautxo-de\/grosse-groessen\/\",\"name\":\"Gro\u00dfe Gr\u00f6\u00dfen - LEKUN GROUP\",\"isPartOf\":{\"@id\":\"https:\/\/lekun.es\/de\/#website\"},\"primaryImageOfPage\":{\"@id\":\"https:\/\/lekun.es\/de\/lekun-kautxo-de\/grosse-groessen\/#primaryimage\"},\"image\":{\"@id\":\"https:\/\/lekun.es\/de\/lekun-kautxo-de\/grosse-groessen\/#primaryimage\"},\"thumbnailUrl\":\"https:\/\/lekun.es\/wp-content\/uploads\/2023\/04\/1375.webp\",\"datePublished\":\"2023-04-20T11:53:28+00:00\",\"breadcrumb\":{\"@id\":\"https:\/\/lekun.es\/de\/lekun-kautxo-de\/grosse-groessen\/#breadcrumb\"},\"inLanguage\":\"de\",\"potentialAction\":[{\"@type\":\"ReadAction\",\"target\":[\"https:\/\/lekun.es\/de\/lekun-kautxo-de\/grosse-groessen\/\"]}]},{\"@type\":\"ImageObject\",\"inLanguage\":\"de\",\"@id\":\"https:\/\/lekun.es\/de\/lekun-kautxo-de\/grosse-groessen\/#primaryimage\",\"url\":\"https:\/\/lekun.es\/wp-content\/uploads\/2023\/04\/1375.webp\",\"contentUrl\":\"https:\/\/lekun.es\/wp-content\/uploads\/2023\/04\/1375.webp\",\"width\":1920,\"height\":1309},{\"@type\":\"BreadcrumbList\",\"@id\":\"https:\/\/lekun.es\/de\/lekun-kautxo-de\/grosse-groessen\/#breadcrumb\",\"itemListElement\":[{\"@type\":\"ListItem\",\"position\":1,\"name\":\"Portada\",\"item\":\"https:\/\/lekun.es\/de\/\"},{\"@type\":\"ListItem\",\"position\":2,\"name\":\"Tienda\",\"item\":\"https:\/\/lekun.es\/?page_id=8\"},{\"@type\":\"ListItem\",\"position\":3,\"name\":\"Gro\u00dfe Gr\u00f6\u00dfen\"}]},{\"@type\":\"WebSite\",\"@id\":\"https:\/\/lekun.es\/de\/#website\",\"url\":\"https:\/\/lekun.es\/de\/\",\"name\":\"LEKUN GROUP\",\"description\":\"Producci\u00f3n y distribuci\u00f3n de caucho, juntas y fuelles a medida\",\"potentialAction\":[{\"@type\":\"SearchAction\",\"target\":{\"@type\":\"EntryPoint\",\"urlTemplate\":\"https:\/\/lekun.es\/de\/?s={search_term_string}\"},\"query-input\":{\"@type\":\"PropertyValueSpecification\",\"valueRequired\":true,\"valueName\":\"search_term_string\"}}],\"inLanguage\":\"de\"}]}<\/script>\n<!-- \/ Yoast SEO plugin. -->","yoast_head_json":{"title":"Gro\u00dfe Gr\u00f6\u00dfen - LEKUN GROUP","robots":{"index":"index","follow":"follow","max-snippet":"max-snippet:-1","max-image-preview":"max-image-preview:large","max-video-preview":"max-video-preview:-1"},"canonical":"https:\/\/lekun.es\/de\/lekun-kautxo-de\/grosse-groessen\/","og_locale":"de_DE","og_type":"article","og_title":"Gro\u00dfe Gr\u00f6\u00dfen - LEKUN GROUP","og_description":"Industrielle Anwendungen Vorl\u00e4ufige maximale Teilegr\u00f6\u00dfen 1250 * 500 * 100 1250 * 500 * 200","og_url":"https:\/\/lekun.es\/de\/lekun-kautxo-de\/grosse-groessen\/","og_site_name":"LEKUN GROUP","twitter_card":"summary_large_image","schema":{"@context":"https:\/\/schema.org","@graph":[{"@type":"WebPage","@id":"https:\/\/lekun.es\/de\/lekun-kautxo-de\/grosse-groessen\/","url":"https:\/\/lekun.es\/de\/lekun-kautxo-de\/grosse-groessen\/","name":"Gro\u00dfe Gr\u00f6\u00dfen - LEKUN GROUP","isPartOf":{"@id":"https:\/\/lekun.es\/de\/#website"},"primaryImageOfPage":{"@id":"https:\/\/lekun.es\/de\/lekun-kautxo-de\/grosse-groessen\/#primaryimage"},"image":{"@id":"https:\/\/lekun.es\/de\/lekun-kautxo-de\/grosse-groessen\/#primaryimage"},"thumbnailUrl":"https:\/\/lekun.es\/wp-content\/uploads\/2023\/04\/1375.webp","datePublished":"2023-04-20T11:53:28+00:00","breadcrumb":{"@id":"https:\/\/lekun.es\/de\/lekun-kautxo-de\/grosse-groessen\/#breadcrumb"},"inLanguage":"de","potentialAction":[{"@type":"ReadAction","target":["https:\/\/lekun.es\/de\/lekun-kautxo-de\/grosse-groessen\/"]}]},{"@type":"ImageObject","inLanguage":"de","@id":"https:\/\/lekun.es\/de\/lekun-kautxo-de\/grosse-groessen\/#primaryimage","url":"https:\/\/lekun.es\/wp-content\/uploads\/2023\/04\/1375.webp","contentUrl":"https:\/\/lekun.es\/wp-content\/uploads\/2023\/04\/1375.webp","width":1920,"height":1309},{"@type":"BreadcrumbList","@id":"https:\/\/lekun.es\/de\/lekun-kautxo-de\/grosse-groessen\/#breadcrumb","itemListElement":[{"@type":"ListItem","position":1,"name":"Portada","item":"https:\/\/lekun.es\/de\/"},{"@type":"ListItem","position":2,"name":"Tienda","item":"https:\/\/lekun.es\/?page_id=8"},{"@type":"ListItem","position":3,"name":"Gro\u00dfe Gr\u00f6\u00dfen"}]},{"@type":"WebSite","@id":"https:\/\/lekun.es\/de\/#website","url":"https:\/\/lekun.es\/de\/","name":"LEKUN GROUP","description":"Producci\u00f3n y distribuci\u00f3n de caucho, juntas y fuelles a medida","potentialAction":[{"@type":"SearchAction","target":{"@type":"EntryPoint","urlTemplate":"https:\/\/lekun.es\/de\/?s={search_term_string}"},"query-input":{"@type":"PropertyValueSpecification","valueRequired":true,"valueName":"search_term_string"}}],"inLanguage":"de"}]}},"_links":{"self":[{"href":"https:\/\/lekun.es\/de\/wp-json\/wp\/v2\/product\/11477","targetHints":{"allow":["GET"]}}],"collection":[{"href":"https:\/\/lekun.es\/de\/wp-json\/wp\/v2\/product"}],"about":[{"href":"https:\/\/lekun.es\/de\/wp-json\/wp\/v2\/types\/product"}],"version-history":[{"count":0,"href":"https:\/\/lekun.es\/de\/wp-json\/wp\/v2\/product\/11477\/revisions"}],"wp:featuredmedia":[{"embeddable":true,"href":"https:\/\/lekun.es\/de\/wp-json\/wp\/v2\/media\/11478"}],"wp:attachment":[{"href":"https:\/\/lekun.es\/de\/wp-json\/wp\/v2\/media?parent=11477"}],"wp:term":[{"taxonomy":"product_brand","embeddable":true,"href":"https:\/\/lekun.es\/de\/wp-json\/wp\/v2\/product_brand?post=11477"},{"taxonomy":"product_cat","embeddable":true,"href":"https:\/\/lekun.es\/de\/wp-json\/wp\/v2\/product_cat?post=11477"},{"taxonomy":"product_tag","embeddable":true,"href":"https:\/\/lekun.es\/de\/wp-json\/wp\/v2\/product_tag?post=11477"}],"curies":[{"name":"wp","href":"https:\/\/api.w.org\/{rel}","templated":true}]}}