{"id":10389,"date":"2023-05-16T08:04:51","date_gmt":"2023-05-16T08:04:51","guid":{"rendered":"https:\/\/www.lekun.es\/politique-en-matiere-de-cookies\/"},"modified":"2023-06-05T07:39:23","modified_gmt":"2023-06-05T07:39:23","slug":"politique-en-matiere-de-cookies","status":"publish","type":"page","link":"https:\/\/lekun.es\/fr\/politique-en-matiere-de-cookies\/","title":{"rendered":"Politique en mati\u00e8re de cookies"},"content":{"rendered":"\t\t<div data-elementor-type=\"wp-page\" data-elementor-id=\"10389\" class=\"elementor elementor-10389 elementor-9773\">\n\t\t\t\t\t\t<section class=\"wd-negative-gap elementor-section elementor-top-section elementor-element elementor-element-81c6deb elementor-section-boxed elementor-section-height-default elementor-section-height-default\" data-id=\"81c6deb\" data-element_type=\"section\" data-e-type=\"section\">\n\t\t\t\t\t\t<div class=\"elementor-container elementor-column-gap-default\">\n\t\t\t\t\t<div class=\"elementor-column elementor-col-100 elementor-top-column elementor-element elementor-element-dc8ce59\" data-id=\"dc8ce59\" data-element_type=\"column\" data-e-type=\"column\">\n\t\t\t<div class=\"elementor-widget-wrap elementor-element-populated\">\n\t\t\t\t\t\t<div class=\"elementor-element elementor-element-1cd9889 elementor-widget elementor-widget-wd_text_block\" data-id=\"1cd9889\" data-element_type=\"widget\" data-e-type=\"widget\" data-widget_type=\"wd_text_block.default\">\n\t\t\t\t<div class=\"elementor-widget-container\">\n\t\t\t\t\t\t\t<div class=\"wd-text-block reset-last-child text-left\">\n\t\t\t\n\t\t\t<h2><b>1. d\u00e9finition et fonction des cookies<\/b><\/h2>\n<p>Qu'est-ce qu'un biscuit ? Un cookie est un fichier qui est t\u00e9l\u00e9charg\u00e9 sur votre ordinateur lorsque vous acc\u00e9dez \u00e0 certaines pages web. Les cookies permettent \u00e0 un site web, entre autres, de stocker et de r\u00e9cup\u00e9rer des informations sur les habitudes de navigation d'un utilisateur ou sur son \u00e9quipement et, en fonction des informations qu'ils contiennent et de la mani\u00e8re dont il utilise son \u00e9quipement, ils peuvent \u00eatre utilis\u00e9s pour reconna\u00eetre l'utilisateur.<\/p>\n<h2><b>2. quels sont les types de cookies utilis\u00e9s par ce site web ?<\/b><\/h2>\n<p>Cookies propres : ce sont ceux qui sont envoy\u00e9s \u00e0 l'\u00e9quipement terminal de l'utilisateur \u00e0 partir d'un ordinateur ou d'un domaine g\u00e9r\u00e9 par l'\u00e9diteur lui-m\u00eame et \u00e0 partir duquel le service demand\u00e9 par l'utilisateur est fourni.<\/p>\n<p>Cookies de session : il s'agit d'un type de cookie con\u00e7u pour collecter et stocker des donn\u00e9es pendant que l'utilisateur acc\u00e8de \u00e0 une page web.<\/p>\n<p>Cookies persistants : Il s'agit d'un type de cookie dans lequel les donn\u00e9es restent stock\u00e9es dans le terminal et peuvent \u00eatre consult\u00e9es et trait\u00e9es pendant une p\u00e9riode d\u00e9finie par le responsable du cookie, qui peut aller de quelques minutes \u00e0 plusieurs ann\u00e9es.<\/p>\n<p>Cookies d'analyse : il s'agit de cookies qui sont trait\u00e9s par nous-m\u00eames ou par des tiers et qui nous permettent de quantifier le nombre d'utilisateurs et de proc\u00e9der ainsi \u00e0 la mesure et \u00e0 l'analyse statistique de l'utilisation faite par les utilisateurs du service offert.<\/p>\n<h2><b>3. R\u00e9vocation et suppression des cookies<\/b><\/h2>\n<p>Vous pouvez autoriser, bloquer ou supprimer les cookies install\u00e9s sur votre ordinateur en configurant les options du navigateur install\u00e9 sur votre ordinateur. Si vous n'autorisez pas l'installation de cookies sur votre navigateur, il se peut que vous ne puissiez pas acc\u00e9der \u00e0 certaines sections de notre site web.<\/p>\n<ul>\n<li>Plus d'informations sur la gestion des cookies dans<a href=\"https:\/\/support.google.com\/chrome\/answer\/95647?co=GENIE.Platform%3DDesktop&amp;hl=es\"> Google Chrome<\/a><\/li>\n<li>Plus d'informations sur la gestion des cookies dans<a href=\"https:\/\/support.microsoft.com\/es-es\/help\/17442\/windows-internet-explorer-delete-manage-cookies\"> Internet Explorer<\/a><\/li>\n<li>Plus d'informations sur la gestion des cookies dans<a href=\"https:\/\/support.mozilla.org\/es\/kb\/cookies-informacion-que-los-sitios-web-guardan-en-\"> Mozilla Firefox<\/a><\/li>\n<li>Plus d'informations sur la gestion des cookies dans<a href=\"https:\/\/support.apple.com\/es-es\/guide\/safari\/sfri11471\/mac\"> Safari<\/a><\/li>\n<li>Plus d'informations sur la gestion des cookies dans<a href=\"https:\/\/help.opera.com\/en\/latest\/web-preferences\/\"> \u00d3pera<\/a><\/li>\n<\/ul>\n<h2><b>4. Consentement<\/b><\/h2>\n<p>En naviguant et en continuant sur notre site web, vous indiquez que vous consentez \u00e0 l'utilisation des cookies d\u00e9crits dans la section suivante et dans les conditions contenues dans la pr\u00e9sente politique en mati\u00e8re de cookies.<\/p>\n<h2><b>5. Liste des cookies<\/b><\/h2>\n<table width=\"728\">\n<tbody>\n<tr>\n<td width=\"132\">\n  <strong>Nom de l'organisation<\/strong>\n<\/td>\n<td width=\"198\">\n  <strong>Objectif<\/strong>\n<\/td>\n<td width=\"85\">\n  <strong>Propres \/ Tiers<\/strong>\n<\/td>\n<td width=\"312\">\n  <strong>Exclu \/ Non exclu (du devoir d'information et de consentement)<\/strong>\n<\/td>\n<\/tr>\n<tr>\n<td width=\"132\">__utma<\/td>\n<td width=\"198\">Cookies utilis\u00e9s par google analytics pour stocker des donn\u00e9es statistiques. <a href=\"https:\/\/developers.google.com\/analytics\/devguides\/collection\/analyticsjs\/cookie-usage?hl=es#gajs\" data-et-has-event-already=\"true\">Plus d'informations<\/a><\/td>\n<td width=\"85\">Tiers Google Inc<\/td>\n<td width=\"312\">Non exclu<\/td>\n<\/tr>\n<tr>\n<td width=\"132\">__utmb<\/td>\n<td width=\"198\">Cookies utilis\u00e9s par google analytics pour stocker des donn\u00e9es statistiques. <a href=\"https:\/\/developers.google.com\/analytics\/devguides\/collection\/analyticsjs\/cookie-usage?hl=es#gajs\" data-et-has-event-already=\"true\">Plus d'informations<\/a><\/td>\n<td width=\"85\">Tiers Google Inc<\/td>\n<td width=\"312\">Non exclu<\/td>\n<\/tr>\n<tr>\n<td width=\"132\">__utmc<\/td>\n<td width=\"198\">Cookies utilis\u00e9s par google analytics pour stocker des donn\u00e9es statistiques. <a href=\"https:\/\/developers.google.com\/analytics\/devguides\/collection\/analyticsjs\/cookie-usage?hl=es#gajs\" data-et-has-event-already=\"true\">Plus d'informations<\/a><\/td>\n<td width=\"85\">Tiers Google Inc<\/td>\n<td width=\"312\">Non exclu<\/td>\n<\/tr>\n<tr>\n<td width=\"132\">__utmt<\/td>\n<td width=\"198\">Cookies utilis\u00e9s par google analytics pour stocker des donn\u00e9es statistiques. <a href=\"https:\/\/developers.google.com\/analytics\/devguides\/collection\/analyticsjs\/cookie-usage?hl=es#gajs\" data-et-has-event-already=\"true\">Plus d'informations<\/a><\/td>\n<td width=\"85\">Tiers Google Inc<\/td>\n<td width=\"312\">Non exclu<\/td>\n<\/tr>\n<tr>\n<td width=\"132\">__utmz<\/td>\n<td width=\"198\">Cookies utilis\u00e9s par google analytics pour stocker des donn\u00e9es statistiques. <a href=\"https:\/\/developers.google.com\/analytics\/devguides\/collection\/analyticsjs\/cookie-usage?hl=es#gajs\" data-et-has-event-already=\"true\">Plus d'informations<\/a><\/td>\n<td width=\"85\">Tiers Google Inc<\/td>\n<td width=\"312\">Non exclu<\/td>\n<\/tr>\n<tr>\n<td width=\"132\">Cookie_notice_accepted<\/td>\n<td width=\"198\">Ce cookie permet de savoir si le message d'avertissement relatif aux cookies a \u00e9t\u00e9 accept\u00e9 afin de ne plus l'afficher tant qu'il est actif.<\/td>\n<td width=\"85\">Propre<\/td>\n<td width=\"312\">Obligatoire<\/td>\n<\/tr>\n<tr>\n<td width=\"132\">et-saved-post-241-fb<\/td>\n<td width=\"198\">Cookies utilis\u00e9s par Facebook pour stocker des donn\u00e9es statistiques. <a href=\"https:\/\/developers.google.com\/analytics\/devguides\/collection\/analyticsjs\/cookie-usage?hl=es#gajs\" data-et-has-event-already=\"true\">Plus d'informations sur Facebook<\/a><\/td>\n<td width=\"85\">Facebook<\/td>\n<td width=\"312\">Non exclu<\/td>\n<\/tr>\n<tr>\n<td width=\"132\">woocommerce_cart_hash<\/td>\n<td width=\"198\">Aide WooCommerce \u00e0 d\u00e9terminer si le contenu ou les donn\u00e9es du panier ont chang\u00e9.<\/td>\n<td width=\"85\">Session<\/td>\n<td width=\"312\">N\u00e9cessaire<\/td>\n<\/tr>\n<tr>\n<td width=\"132\">woocommerce_items_in_cart<\/td>\n<td width=\"198\">Aide WooCommerce \u00e0 d\u00e9terminer quand le contenu \/ les donn\u00e9es du panier changent.<\/td>\n<td width=\"85\">Session<\/td>\n<td width=\"312\">N\u00e9cessaire<\/td>\n<\/tr>\n<tr>\n<td width=\"132\">wp_woocommerce_session_<\/td>\n<td width=\"198\">Contient un code unique pour chaque client afin que vous sachiez o\u00f9 trouver les donn\u00e9es du panier dans la base de donn\u00e9es pour chaque client.<\/td>\n<td width=\"85\">Session<\/td>\n<td width=\"312\">N\u00e9cessaire<\/td>\n<\/tr>\n<tr>\n<td width=\"132\">woocommerce_recently_viewed<\/td>\n<td width=\"198\">Widget de flux <a href=\"https:\/\/docs.woocommerce.com\/document\/woocommerce-widgets\/\"><strong>Produits r\u00e9cemment consult\u00e9s<\/strong><\/a> .<\/td>\n<td width=\"85\">Session<\/td>\n<td width=\"312\">Requis<\/td>\n<\/tr>\n<tr>\n<td width=\"132\">avis_magasin[notice id]<\/td>\n<td width=\"198\">Permet aux clients de rejeter l'avis de <a href=\"https:\/\/docs.woocommerce.com\/document\/woocommerce-customizer\/#section-2\" data-et-has-event-already=\"true\"><strong>avis de<\/strong><\/a> l'avis <a href=\"https:\/\/docs.woocommerce.com\/document\/woocommerce-customizer\/#section-2\" data-et-has-event-already=\"true\"><strong>boutique<\/strong><\/a><\/td>\n<td width=\"85\">Session<\/td>\n<td width=\"312\">N\u00e9cessaire<\/td>\n<\/tr>\n<tr>\n<td width=\"132\">woodmart_compare_list<\/td>\n<td width=\"198\">Outil de comparaison pour comparer les produits<\/td>\n<td width=\"85\">Session<\/td>\n<td width=\"312\">Fonctionnalit\u00e9<\/td>\n<\/tr>\n<tr>\n<td width=\"132\">woodmart_cookies_1<\/td>\n<td width=\"198\">L'utilisateur peut choisir de fermer la banni\u00e8re de cookies.<\/td>\n<td width=\"85\">Session (2 mois)<\/td>\n<td width=\"312\">N\u00e9cessaire<\/td>\n<\/tr>\n<tr>\n<td width=\"132\">woodmart_cookies<\/td>\n<td width=\"198\">L'utilisateur peut choisir de fermer la banni\u00e8re publicitaire pop-up.<\/td>\n<td width=\"85\">Session<\/td>\n<td width=\"312\">requis<\/td>\n<\/tr>\n<\/tbody>\n<\/table>\n\n\t\t\t\t\t<\/div>\n\t\t\t\t\t\t<\/div>\n\t\t\t\t<\/div>\n\t\t\t\t\t<\/div>\n\t\t<\/div>\n\t\t\t\t\t<\/div>\n\t\t<\/section>\n\t\t\t\t<\/div>\n\t\t","protected":false},"excerpt":{"rendered":"<p>1. d\u00e9finition et fonction des cookies Qu&#8217;est-ce qu&#8217;un biscuit ? Un cookie est un fichier qui est t\u00e9l\u00e9charg\u00e9 sur votre<\/p>\n","protected":false},"author":2,"featured_media":0,"parent":0,"menu_order":0,"comment_status":"closed","ping_status":"closed","template":"","meta":{"inline_featured_image":false,"footnotes":""},"class_list":["post-10389","page","type-page","status-publish","hentry"],"yoast_head":"<!-- This site is optimized with the Yoast SEO plugin v26.9 - https:\/\/yoast.com\/product\/yoast-seo-wordpress\/ -->\n<title>Politique en mati\u00e8re de cookies - LEKUN GROUP<\/title>\n<meta name=\"robots\" content=\"index, follow, max-snippet:-1, max-image-preview:large, max-video-preview:-1\" \/>\n<link rel=\"canonical\" href=\"https:\/\/lekun.es\/fr\/politique-en-matiere-de-cookies\/\" \/>\n<meta property=\"og:locale\" content=\"fr_FR\" \/>\n<meta property=\"og:type\" content=\"article\" \/>\n<meta property=\"og:title\" content=\"Politique en mati\u00e8re de cookies - LEKUN GROUP\" \/>\n<meta property=\"og:description\" content=\"1. d\u00e9finition et fonction des cookies Qu&#8217;est-ce qu&#8217;un biscuit ? Un cookie est un fichier qui est t\u00e9l\u00e9charg\u00e9 sur votre\" \/>\n<meta property=\"og:url\" content=\"https:\/\/lekun.es\/fr\/politique-en-matiere-de-cookies\/\" \/>\n<meta property=\"og:site_name\" content=\"LEKUN GROUP\" \/>\n<meta property=\"article:modified_time\" content=\"2023-06-05T07:39:23+00:00\" \/>\n<meta name=\"twitter:card\" content=\"summary_large_image\" \/>\n<meta name=\"twitter:label1\" content=\"Dur\u00e9e de lecture estim\u00e9e\" \/>\n\t<meta name=\"twitter:data1\" content=\"3 minutes\" \/>\n<script type=\"application\/ld+json\" class=\"yoast-schema-graph\">{\"@context\":\"https:\/\/schema.org\",\"@graph\":[{\"@type\":\"WebPage\",\"@id\":\"https:\/\/lekun.es\/fr\/politique-en-matiere-de-cookies\/\",\"url\":\"https:\/\/lekun.es\/fr\/politique-en-matiere-de-cookies\/\",\"name\":\"Politique en mati\u00e8re de cookies - LEKUN GROUP\",\"isPartOf\":{\"@id\":\"https:\/\/lekun.es\/fr\/#website\"},\"datePublished\":\"2023-05-16T08:04:51+00:00\",\"dateModified\":\"2023-06-05T07:39:23+00:00\",\"breadcrumb\":{\"@id\":\"https:\/\/lekun.es\/fr\/politique-en-matiere-de-cookies\/#breadcrumb\"},\"inLanguage\":\"fr-FR\",\"potentialAction\":[{\"@type\":\"ReadAction\",\"target\":[\"https:\/\/lekun.es\/fr\/politique-en-matiere-de-cookies\/\"]}]},{\"@type\":\"BreadcrumbList\",\"@id\":\"https:\/\/lekun.es\/fr\/politique-en-matiere-de-cookies\/#breadcrumb\",\"itemListElement\":[{\"@type\":\"ListItem\",\"position\":1,\"name\":\"Portada\",\"item\":\"https:\/\/lekun.es\/fr\/\"},{\"@type\":\"ListItem\",\"position\":2,\"name\":\"Politique en mati\u00e8re de cookies\"}]},{\"@type\":\"WebSite\",\"@id\":\"https:\/\/lekun.es\/fr\/#website\",\"url\":\"https:\/\/lekun.es\/fr\/\",\"name\":\"LEKUN GROUP\",\"description\":\"Producci\u00f3n y distribuci\u00f3n de caucho, juntas y fuelles a medida\",\"potentialAction\":[{\"@type\":\"SearchAction\",\"target\":{\"@type\":\"EntryPoint\",\"urlTemplate\":\"https:\/\/lekun.es\/fr\/?s={search_term_string}\"},\"query-input\":{\"@type\":\"PropertyValueSpecification\",\"valueRequired\":true,\"valueName\":\"search_term_string\"}}],\"inLanguage\":\"fr-FR\"}]}<\/script>\n<!-- \/ Yoast SEO plugin. -->","yoast_head_json":{"title":"Politique en mati\u00e8re de cookies - LEKUN GROUP","robots":{"index":"index","follow":"follow","max-snippet":"max-snippet:-1","max-image-preview":"max-image-preview:large","max-video-preview":"max-video-preview:-1"},"canonical":"https:\/\/lekun.es\/fr\/politique-en-matiere-de-cookies\/","og_locale":"fr_FR","og_type":"article","og_title":"Politique en mati\u00e8re de cookies - LEKUN GROUP","og_description":"1. d\u00e9finition et fonction des cookies Qu&#8217;est-ce qu&#8217;un biscuit ? Un cookie est un fichier qui est t\u00e9l\u00e9charg\u00e9 sur votre","og_url":"https:\/\/lekun.es\/fr\/politique-en-matiere-de-cookies\/","og_site_name":"LEKUN GROUP","article_modified_time":"2023-06-05T07:39:23+00:00","twitter_card":"summary_large_image","twitter_misc":{"Dur\u00e9e de lecture estim\u00e9e":"3 minutes"},"schema":{"@context":"https:\/\/schema.org","@graph":[{"@type":"WebPage","@id":"https:\/\/lekun.es\/fr\/politique-en-matiere-de-cookies\/","url":"https:\/\/lekun.es\/fr\/politique-en-matiere-de-cookies\/","name":"Politique en mati\u00e8re de cookies - LEKUN GROUP","isPartOf":{"@id":"https:\/\/lekun.es\/fr\/#website"},"datePublished":"2023-05-16T08:04:51+00:00","dateModified":"2023-06-05T07:39:23+00:00","breadcrumb":{"@id":"https:\/\/lekun.es\/fr\/politique-en-matiere-de-cookies\/#breadcrumb"},"inLanguage":"fr-FR","potentialAction":[{"@type":"ReadAction","target":["https:\/\/lekun.es\/fr\/politique-en-matiere-de-cookies\/"]}]},{"@type":"BreadcrumbList","@id":"https:\/\/lekun.es\/fr\/politique-en-matiere-de-cookies\/#breadcrumb","itemListElement":[{"@type":"ListItem","position":1,"name":"Portada","item":"https:\/\/lekun.es\/fr\/"},{"@type":"ListItem","position":2,"name":"Politique en mati\u00e8re de cookies"}]},{"@type":"WebSite","@id":"https:\/\/lekun.es\/fr\/#website","url":"https:\/\/lekun.es\/fr\/","name":"LEKUN GROUP","description":"Producci\u00f3n y distribuci\u00f3n de caucho, juntas y fuelles a medida","potentialAction":[{"@type":"SearchAction","target":{"@type":"EntryPoint","urlTemplate":"https:\/\/lekun.es\/fr\/?s={search_term_string}"},"query-input":{"@type":"PropertyValueSpecification","valueRequired":true,"valueName":"search_term_string"}}],"inLanguage":"fr-FR"}]}},"_links":{"self":[{"href":"https:\/\/lekun.es\/fr\/wp-json\/wp\/v2\/pages\/10389","targetHints":{"allow":["GET"]}}],"collection":[{"href":"https:\/\/lekun.es\/fr\/wp-json\/wp\/v2\/pages"}],"about":[{"href":"https:\/\/lekun.es\/fr\/wp-json\/wp\/v2\/types\/page"}],"author":[{"embeddable":true,"href":"https:\/\/lekun.es\/fr\/wp-json\/wp\/v2\/users\/2"}],"replies":[{"embeddable":true,"href":"https:\/\/lekun.es\/fr\/wp-json\/wp\/v2\/comments?post=10389"}],"version-history":[{"count":1,"href":"https:\/\/lekun.es\/fr\/wp-json\/wp\/v2\/pages\/10389\/revisions"}],"predecessor-version":[{"id":10390,"href":"https:\/\/lekun.es\/fr\/wp-json\/wp\/v2\/pages\/10389\/revisions\/10390"}],"wp:attachment":[{"href":"https:\/\/lekun.es\/fr\/wp-json\/wp\/v2\/media?parent=10389"}],"curies":[{"name":"wp","href":"https:\/\/api.w.org\/{rel}","templated":true}]}}