{"id":10395,"date":"2023-04-18T13:39:01","date_gmt":"2023-04-18T13:39:01","guid":{"rendered":"https:\/\/www.lekun.es\/technologie-des-materiaux\/"},"modified":"2023-08-09T10:58:04","modified_gmt":"2023-08-09T10:58:04","slug":"technologie-des-materiaux","status":"publish","type":"page","link":"https:\/\/lekun.es\/fr\/technologie-des-materiaux\/","title":{"rendered":"Technologie des mat\u00e9riaux"},"content":{"rendered":"\t\t<div data-elementor-type=\"wp-page\" data-elementor-id=\"10395\" class=\"elementor elementor-10395 elementor-8723\">\n\t\t\t\t\t\t<section class=\"wd-negative-gap elementor-section elementor-top-section elementor-element elementor-element-7e504cf elementor-section-boxed elementor-section-height-default elementor-section-height-default\" data-id=\"7e504cf\" data-element_type=\"section\" data-e-type=\"section\">\n\t\t\t\t\t\t<div class=\"elementor-container elementor-column-gap-default\">\n\t\t\t\t\t<div class=\"elementor-column elementor-col-100 elementor-top-column elementor-element elementor-element-24264f6\" data-id=\"24264f6\" data-element_type=\"column\" data-e-type=\"column\">\n\t\t\t<div class=\"elementor-widget-wrap elementor-element-populated\">\n\t\t\t\t\t\t<div class=\"elementor-element elementor-element-e6e2783 wd-width-100 elementor-widget elementor-widget-wd_title\" data-id=\"e6e2783\" data-element_type=\"widget\" data-e-type=\"widget\" data-widget_type=\"wd_title.default\">\n\t\t\t\t<div class=\"elementor-widget-container\">\n\t\t\t\t\t\t\t<div class=\"title-wrapper wd-set-mb reset-last-child wd-title-color-default wd-title-style-default wd-title-size-default text-left\">\n\n\t\t\t\n\t\t\t<div class=\"liner-continer\">\n\t\t\t\t<h1 class=\"woodmart-title-container title wd-fontsize-l\">TECHNOLOGIE DES MAT\u00c9RIAUX<\/h1> \n\t\t\t\t\t\t\t<\/div>\n\n\t\t\t\t\t<\/div>\n\t\t\t\t\t\t<\/div>\n\t\t\t\t<\/div>\n\t\t\t\t\t<\/div>\n\t\t<\/div>\n\t\t\t\t\t<\/div>\n\t\t<\/section>\n\t\t\t\t<section class=\"wd-negative-gap elementor-section elementor-top-section elementor-element elementor-element-19ef1ee5 elementor-section-content-middle elementor-reverse-mobile elementor-section-boxed elementor-section-height-default elementor-section-height-default\" data-id=\"19ef1ee5\" data-element_type=\"section\" data-e-type=\"section\">\n\t\t\t\t\t\t<div class=\"elementor-container elementor-column-gap-extended\">\n\t\t\t\t\t<div class=\"elementor-column elementor-col-33 elementor-top-column elementor-element elementor-element-33650761\" data-id=\"33650761\" data-element_type=\"column\" data-e-type=\"column\" data-settings=\"{&quot;animation&quot;:&quot;none&quot;}\">\n\t\t\t<div class=\"elementor-widget-wrap elementor-element-populated\">\n\t\t\t\t\t\t<div class=\"elementor-element elementor-element-7c198778 animated-fast wd-animation-slide-from-bottom wd-width-100 wd-animation-normal wd-animation wd-transform elementor-widget elementor-widget-wd_title\" data-id=\"7c198778\" data-element_type=\"widget\" data-e-type=\"widget\" data-settings=\"{&quot;_animation&quot;:&quot;none&quot;}\" data-widget_type=\"wd_title.default\">\n\t\t\t\t<div class=\"elementor-widget-container\">\n\t\t\t\t\t\t\t<div class=\"title-wrapper wd-set-mb reset-last-child wd-title-color-default wd-title-style-default wd-title-size-large text-left\">\n\n\t\t\t\n\t\t\t<div class=\"liner-continer\">\n\t\t\t\t<h2 class=\"woodmart-title-container title wd-fontsize-xxl wd-underline-colored\"><u>Technologie des <\/u> mat\u00e9riaux<\/h2> \n\t\t\t\t\t\t\t<\/div>\n\n\t\t\t\t\t<\/div>\n\t\t\t\t\t\t<\/div>\n\t\t\t\t<\/div>\n\t\t\t\t<div class=\"elementor-element elementor-element-7d1a4b47 wd-animation-slide-from-bottom wd-animation-normal wd-animation wd-transform elementor-widget elementor-widget-wd_text_block\" data-id=\"7d1a4b47\" data-element_type=\"widget\" data-e-type=\"widget\" data-widget_type=\"wd_text_block.default\">\n\t\t\t\t<div class=\"elementor-widget-container\">\n\t\t\t\t\t\t\t<div class=\"wd-text-block reset-last-child text-left\">\n\t\t\t\n\t\t\t<p><span style=\"font-weight: 400;\">Les<\/span><b> technologie des mat\u00e9riaux <\/b><span style=\"font-weight: 400;\">est une discipline en constante \u00e9volution qui, chez <strong>Lekun Group<\/strong>, implique une recherche et une \u00e9tude permanentes de nouveaux mat\u00e9riaux, de nouvelles propri\u00e9t\u00e9s, de nouvelles applications et donc de nouvelles opportunit\u00e9s de projets avec et pour nos clients.<\/span><\/p>\n\t\t\t\t\t<\/div>\n\t\t\t\t\t\t<\/div>\n\t\t\t\t<\/div>\n\t\t\t\t\t<\/div>\n\t\t<\/div>\n\t\t\t\t<div class=\"elementor-column elementor-col-66 elementor-top-column elementor-element elementor-element-4ceed7a0\" data-id=\"4ceed7a0\" data-element_type=\"column\" data-e-type=\"column\">\n\t\t\t<div class=\"elementor-widget-wrap elementor-element-populated\">\n\t\t\t\t\t\t<div class=\"elementor-element elementor-element-172ae0d wd-animation-left-flip-y wd-animation-normal wd_delay_100 wd-animation wd-transform elementor-widget elementor-widget-image\" data-id=\"172ae0d\" data-element_type=\"widget\" data-e-type=\"widget\" data-widget_type=\"image.default\">\n\t\t\t\t<div class=\"elementor-widget-container\">\n\t\t\t\t\t\t\t\t\t\t\t\t\t\t\t<img loading=\"lazy\" decoding=\"async\" width=\"689\" height=\"390\" src=\"https:\/\/lekun.es\/wp-content\/uploads\/2023\/04\/img-teclg-materiales.webp\" class=\"attachment-full size-full wp-image-10092\" alt=\"\" srcset=\"https:\/\/lekun.es\/wp-content\/uploads\/2023\/04\/img-teclg-materiales.webp 689w, https:\/\/lekun.es\/wp-content\/uploads\/2023\/04\/img-teclg-materiales-430x243.webp 430w, https:\/\/lekun.es\/wp-content\/uploads\/2023\/04\/img-teclg-materiales-150x85.webp 150w, https:\/\/lekun.es\/wp-content\/uploads\/2023\/04\/img-teclg-materiales-400x226.webp 400w\" sizes=\"auto, (max-width: 689px) 100vw, 689px\" \/>\t\t\t\t\t\t\t\t\t\t\t\t\t\t\t<\/div>\n\t\t\t\t<\/div>\n\t\t\t\t\t<\/div>\n\t\t<\/div>\n\t\t\t\t\t<\/div>\n\t\t<\/section>\n\t\t\t\t<section class=\"wd-negative-gap elementor-section elementor-top-section elementor-element elementor-element-603d97b9 elementor-section-content-middle elementor-section-boxed elementor-section-height-default elementor-section-height-default\" data-id=\"603d97b9\" data-element_type=\"section\" data-e-type=\"section\">\n\t\t\t\t\t\t<div class=\"elementor-container elementor-column-gap-extended\">\n\t\t\t\t\t<div class=\"elementor-column elementor-col-66 elementor-top-column elementor-element elementor-element-31290e64\" data-id=\"31290e64\" data-element_type=\"column\" data-e-type=\"column\">\n\t\t\t<div class=\"elementor-widget-wrap elementor-element-populated\">\n\t\t\t\t\t\t<div class=\"elementor-element elementor-element-9db46da wd-animation-right-flip-y wd-animation-normal wd_delay_100 wd-animation wd-transform elementor-widget elementor-widget-image\" data-id=\"9db46da\" data-element_type=\"widget\" data-e-type=\"widget\" data-widget_type=\"image.default\">\n\t\t\t\t<div class=\"elementor-widget-container\">\n\t\t\t\t\t\t\t\t\t\t\t\t\t\t\t<img loading=\"lazy\" decoding=\"async\" width=\"689\" height=\"390\" src=\"https:\/\/lekun.es\/wp-content\/uploads\/2023\/04\/img-teclg-materiales-02.webp\" class=\"attachment-full size-full wp-image-10093\" alt=\"\" srcset=\"https:\/\/lekun.es\/wp-content\/uploads\/2023\/04\/img-teclg-materiales-02.webp 689w, https:\/\/lekun.es\/wp-content\/uploads\/2023\/04\/img-teclg-materiales-02-430x243.webp 430w, https:\/\/lekun.es\/wp-content\/uploads\/2023\/04\/img-teclg-materiales-02-150x85.webp 150w, https:\/\/lekun.es\/wp-content\/uploads\/2023\/04\/img-teclg-materiales-02-400x226.webp 400w\" sizes=\"auto, (max-width: 689px) 100vw, 689px\" \/>\t\t\t\t\t\t\t\t\t\t\t\t\t\t\t<\/div>\n\t\t\t\t<\/div>\n\t\t\t\t\t<\/div>\n\t\t<\/div>\n\t\t\t\t<div class=\"elementor-column elementor-col-33 elementor-top-column elementor-element elementor-element-4f21c626\" data-id=\"4f21c626\" data-element_type=\"column\" data-e-type=\"column\">\n\t\t\t<div class=\"elementor-widget-wrap elementor-element-populated\">\n\t\t\t\t\t\t<div class=\"elementor-element elementor-element-62a14e18 wd-animation-slide-from-bottom wd-width-100 wd-animation-normal wd-animation wd-transform elementor-widget elementor-widget-wd_title\" data-id=\"62a14e18\" data-element_type=\"widget\" data-e-type=\"widget\" data-widget_type=\"wd_title.default\">\n\t\t\t\t<div class=\"elementor-widget-container\">\n\t\t\t\t\t\t\t<div class=\"title-wrapper wd-set-mb reset-last-child wd-title-color-default wd-title-style-default wd-title-size-large text-left\">\n\n\t\t\t\n\t\t\t<div class=\"liner-continer\">\n\t\t\t\t<h4 class=\"woodmart-title-container title wd-fontsize-xxl wd-underline-colored\">Vous avez une question <u>technique<\/u>?<\/h4> \n\t\t\t\t\t\t\t<\/div>\n\n\t\t\t\t\t<\/div>\n\t\t\t\t\t\t<\/div>\n\t\t\t\t<\/div>\n\t\t\t\t<div class=\"elementor-element elementor-element-74bb9b0d wd-animation-slide-from-bottom wd-animation-normal wd-animation wd-transform elementor-widget elementor-widget-wd_text_block\" data-id=\"74bb9b0d\" data-element_type=\"widget\" data-e-type=\"widget\" data-widget_type=\"wd_text_block.default\">\n\t\t\t\t<div class=\"elementor-widget-container\">\n\t\t\t\t\t\t\t<div class=\"wd-text-block reset-last-child text-left\">\n\t\t\t\n\t\t\t<p>L'<span style=\"font-weight: 400;\">\u00e9quipe de <\/span><strong>Lekun Group<\/strong> dispose de sp\u00e9cialistes techniques au sein du bureau d'\u00e9tudes qui pourront r\u00e9pondre \u00e0 vos questions. <\/p><p><span style=\"font-weight: 400;\">Chez <strong>Lekun Group<\/strong>, nous v\u00e9rifions l'ensemble du d\u00e9veloppement du produit, depuis le d\u00e9but (id\u00e9e) jusqu'\u00e0 sa fabrication, en accompagnant toujours le client.<\/span><\/p>\n\t\t\t\t\t<\/div>\n\t\t\t\t\t\t<\/div>\n\t\t\t\t<\/div>\n\t\t\t\t\t<\/div>\n\t\t<\/div>\n\t\t\t\t\t<\/div>\n\t\t<\/section>\n\t\t\t\t<section class=\"wd-negative-gap elementor-section elementor-top-section elementor-element elementor-element-7c999757 wd-section-stretch elementor-section-full_width elementor-section-height-default elementor-section-height-default\" data-id=\"7c999757\" data-element_type=\"section\" data-e-type=\"section\" data-settings=\"{&quot;background_background&quot;:&quot;classic&quot;}\">\n\t\t\t\t\t\t\t<div class=\"elementor-background-overlay\"><\/div>\n\t\t\t\t\t\t\t<div class=\"elementor-container elementor-column-gap-default\">\n\t\t\t\t\t<div class=\"elementor-column elementor-col-66 elementor-top-column elementor-element elementor-element-55f0e565 elementor-hidden-tablet elementor-hidden-mobile\" data-id=\"55f0e565\" data-element_type=\"column\" data-e-type=\"column\">\n\t\t\t<div class=\"elementor-widget-wrap elementor-element-populated\">\n\t\t\t\t\t\t<div class=\"elementor-element elementor-element-84dd1a3 wd-width-100 elementor-widget elementor-widget-wd_title\" data-id=\"84dd1a3\" data-element_type=\"widget\" data-e-type=\"widget\" data-widget_type=\"wd_title.default\">\n\t\t\t\t<div class=\"elementor-widget-container\">\n\t\t\t\t\t\t\t<div class=\"title-wrapper wd-set-mb reset-last-child wd-title-color-white wd-title-style-default wd-title-size-default text-left\">\n\n\t\t\t\t\t\t\t\t\t\t\t<div class=\"title-subtitle subtitle-color-white subtitle-style-background wd-fontsize-xs\">\n\t\t\t\t\tGROUPE LEKUN\t\t\t\t<\/div>\n\t\t\t\n\t\t\t<div class=\"liner-continer\">\n\t\t\t\t<h2 class=\"woodmart-title-container title wd-fontsize-l wd-underline-colored\">Fabrication additive <u>3D<\/u><\/h2> \n\t\t\t\t\t\t\t<\/div>\n\n\t\t\t\t\t\t\t<div class=\"title-after_title reset-last-child wd-fontsize-xs\">\n\t\t\t\t\t<p><span style=\"font-weight: 400\">Lekun Group, dans sa volont\u00e9 de poursuivre la course \u00e0 l'innovation, a recours \u00e0 la technologie 3D, \u00e0 la recherche, \u00e0 l'exp\u00e9rimentation et au d\u00e9veloppement de prototypes afin d'\u00eatre toujours en mesure de fournir \u00e0 ses clients un service de solutions \u00e0 valeur ajout\u00e9e. <\/span><\/p>\t\t\t\t<\/div>\n\t\t\t\t\t<\/div>\n\t\t\t\t\t\t<\/div>\n\t\t\t\t<\/div>\n\t\t\t\t\t<\/div>\n\t\t<\/div>\n\t\t\t\t<div class=\"elementor-column elementor-col-33 elementor-top-column elementor-element elementor-element-191ae181\" data-id=\"191ae181\" data-element_type=\"column\" data-e-type=\"column\">\n\t\t\t<div class=\"elementor-widget-wrap\">\n\t\t\t\t\t\t\t<\/div>\n\t\t<\/div>\n\t\t\t\t\t<\/div>\n\t\t<\/section>\n\t\t\t\t<\/div>\n\t\t","protected":false},"excerpt":{"rendered":"<p>TECHNOLOGIE DES MAT\u00c9RIAUX Technologie des mat\u00e9riaux Les technologie des mat\u00e9riaux est une discipline en constante \u00e9volution qui, chez Lekun Group,<\/p>\n","protected":false},"author":2,"featured_media":0,"parent":0,"menu_order":0,"comment_status":"closed","ping_status":"closed","template":"elementor_header_footer","meta":{"inline_featured_image":false,"footnotes":""},"class_list":["post-10395","page","type-page","status-publish","hentry"],"yoast_head":"<!-- This site is optimized with the Yoast SEO plugin v26.9 - https:\/\/yoast.com\/product\/yoast-seo-wordpress\/ -->\n<title>Technologie des mat\u00e9riaux - LEKUN GROUP<\/title>\n<meta name=\"robots\" content=\"index, follow, max-snippet:-1, max-image-preview:large, max-video-preview:-1\" \/>\n<link rel=\"canonical\" href=\"https:\/\/lekun.es\/fr\/technologie-des-materiaux\/\" \/>\n<meta property=\"og:locale\" content=\"fr_FR\" \/>\n<meta property=\"og:type\" content=\"article\" \/>\n<meta property=\"og:title\" content=\"Technologie des mat\u00e9riaux - LEKUN GROUP\" \/>\n<meta property=\"og:description\" content=\"TECHNOLOGIE DES MAT\u00c9RIAUX Technologie des mat\u00e9riaux Les technologie des mat\u00e9riaux est une discipline en constante \u00e9volution qui, chez Lekun Group,\" \/>\n<meta property=\"og:url\" content=\"https:\/\/lekun.es\/fr\/technologie-des-materiaux\/\" \/>\n<meta property=\"og:site_name\" content=\"LEKUN GROUP\" \/>\n<meta property=\"article:modified_time\" content=\"2023-08-09T10:58:04+00:00\" \/>\n<meta property=\"og:image\" content=\"https:\/\/lekun.es\/wp-content\/uploads\/2023\/04\/img-teclg-materiales.webp\" \/>\n<meta name=\"twitter:card\" content=\"summary_large_image\" \/>\n<meta name=\"twitter:label1\" content=\"Dur\u00e9e de lecture estim\u00e9e\" \/>\n\t<meta name=\"twitter:data1\" content=\"2 minutes\" \/>\n<script type=\"application\/ld+json\" class=\"yoast-schema-graph\">{\"@context\":\"https:\/\/schema.org\",\"@graph\":[{\"@type\":\"WebPage\",\"@id\":\"https:\/\/lekun.es\/fr\/technologie-des-materiaux\/\",\"url\":\"https:\/\/lekun.es\/fr\/technologie-des-materiaux\/\",\"name\":\"Technologie des mat\u00e9riaux - LEKUN GROUP\",\"isPartOf\":{\"@id\":\"https:\/\/lekun.es\/fr\/#website\"},\"primaryImageOfPage\":{\"@id\":\"https:\/\/lekun.es\/fr\/technologie-des-materiaux\/#primaryimage\"},\"image\":{\"@id\":\"https:\/\/lekun.es\/fr\/technologie-des-materiaux\/#primaryimage\"},\"thumbnailUrl\":\"https:\/\/lekun.es\/wp-content\/uploads\/2023\/04\/img-teclg-materiales.webp\",\"datePublished\":\"2023-04-18T13:39:01+00:00\",\"dateModified\":\"2023-08-09T10:58:04+00:00\",\"breadcrumb\":{\"@id\":\"https:\/\/lekun.es\/fr\/technologie-des-materiaux\/#breadcrumb\"},\"inLanguage\":\"fr-FR\",\"potentialAction\":[{\"@type\":\"ReadAction\",\"target\":[\"https:\/\/lekun.es\/fr\/technologie-des-materiaux\/\"]}]},{\"@type\":\"ImageObject\",\"inLanguage\":\"fr-FR\",\"@id\":\"https:\/\/lekun.es\/fr\/technologie-des-materiaux\/#primaryimage\",\"url\":\"https:\/\/lekun.es\/wp-content\/uploads\/2023\/04\/img-teclg-materiales.webp\",\"contentUrl\":\"https:\/\/lekun.es\/wp-content\/uploads\/2023\/04\/img-teclg-materiales.webp\"},{\"@type\":\"BreadcrumbList\",\"@id\":\"https:\/\/lekun.es\/fr\/technologie-des-materiaux\/#breadcrumb\",\"itemListElement\":[{\"@type\":\"ListItem\",\"position\":1,\"name\":\"Portada\",\"item\":\"https:\/\/lekun.es\/fr\/\"},{\"@type\":\"ListItem\",\"position\":2,\"name\":\"Technologie des mat\u00e9riaux\"}]},{\"@type\":\"WebSite\",\"@id\":\"https:\/\/lekun.es\/fr\/#website\",\"url\":\"https:\/\/lekun.es\/fr\/\",\"name\":\"LEKUN GROUP\",\"description\":\"Producci\u00f3n y distribuci\u00f3n de caucho, juntas y fuelles a medida\",\"potentialAction\":[{\"@type\":\"SearchAction\",\"target\":{\"@type\":\"EntryPoint\",\"urlTemplate\":\"https:\/\/lekun.es\/fr\/?s={search_term_string}\"},\"query-input\":{\"@type\":\"PropertyValueSpecification\",\"valueRequired\":true,\"valueName\":\"search_term_string\"}}],\"inLanguage\":\"fr-FR\"}]}<\/script>\n<!-- \/ Yoast SEO plugin. -->","yoast_head_json":{"title":"Technologie des mat\u00e9riaux - LEKUN GROUP","robots":{"index":"index","follow":"follow","max-snippet":"max-snippet:-1","max-image-preview":"max-image-preview:large","max-video-preview":"max-video-preview:-1"},"canonical":"https:\/\/lekun.es\/fr\/technologie-des-materiaux\/","og_locale":"fr_FR","og_type":"article","og_title":"Technologie des mat\u00e9riaux - LEKUN GROUP","og_description":"TECHNOLOGIE DES MAT\u00c9RIAUX Technologie des mat\u00e9riaux Les technologie des mat\u00e9riaux est une discipline en constante \u00e9volution qui, chez Lekun Group,","og_url":"https:\/\/lekun.es\/fr\/technologie-des-materiaux\/","og_site_name":"LEKUN GROUP","article_modified_time":"2023-08-09T10:58:04+00:00","og_image":[{"url":"https:\/\/lekun.es\/wp-content\/uploads\/2023\/04\/img-teclg-materiales.webp","type":"","width":"","height":""}],"twitter_card":"summary_large_image","twitter_misc":{"Dur\u00e9e de lecture estim\u00e9e":"2 minutes"},"schema":{"@context":"https:\/\/schema.org","@graph":[{"@type":"WebPage","@id":"https:\/\/lekun.es\/fr\/technologie-des-materiaux\/","url":"https:\/\/lekun.es\/fr\/technologie-des-materiaux\/","name":"Technologie des mat\u00e9riaux - LEKUN GROUP","isPartOf":{"@id":"https:\/\/lekun.es\/fr\/#website"},"primaryImageOfPage":{"@id":"https:\/\/lekun.es\/fr\/technologie-des-materiaux\/#primaryimage"},"image":{"@id":"https:\/\/lekun.es\/fr\/technologie-des-materiaux\/#primaryimage"},"thumbnailUrl":"https:\/\/lekun.es\/wp-content\/uploads\/2023\/04\/img-teclg-materiales.webp","datePublished":"2023-04-18T13:39:01+00:00","dateModified":"2023-08-09T10:58:04+00:00","breadcrumb":{"@id":"https:\/\/lekun.es\/fr\/technologie-des-materiaux\/#breadcrumb"},"inLanguage":"fr-FR","potentialAction":[{"@type":"ReadAction","target":["https:\/\/lekun.es\/fr\/technologie-des-materiaux\/"]}]},{"@type":"ImageObject","inLanguage":"fr-FR","@id":"https:\/\/lekun.es\/fr\/technologie-des-materiaux\/#primaryimage","url":"https:\/\/lekun.es\/wp-content\/uploads\/2023\/04\/img-teclg-materiales.webp","contentUrl":"https:\/\/lekun.es\/wp-content\/uploads\/2023\/04\/img-teclg-materiales.webp"},{"@type":"BreadcrumbList","@id":"https:\/\/lekun.es\/fr\/technologie-des-materiaux\/#breadcrumb","itemListElement":[{"@type":"ListItem","position":1,"name":"Portada","item":"https:\/\/lekun.es\/fr\/"},{"@type":"ListItem","position":2,"name":"Technologie des mat\u00e9riaux"}]},{"@type":"WebSite","@id":"https:\/\/lekun.es\/fr\/#website","url":"https:\/\/lekun.es\/fr\/","name":"LEKUN GROUP","description":"Producci\u00f3n y distribuci\u00f3n de caucho, juntas y fuelles a medida","potentialAction":[{"@type":"SearchAction","target":{"@type":"EntryPoint","urlTemplate":"https:\/\/lekun.es\/fr\/?s={search_term_string}"},"query-input":{"@type":"PropertyValueSpecification","valueRequired":true,"valueName":"search_term_string"}}],"inLanguage":"fr-FR"}]}},"_links":{"self":[{"href":"https:\/\/lekun.es\/fr\/wp-json\/wp\/v2\/pages\/10395","targetHints":{"allow":["GET"]}}],"collection":[{"href":"https:\/\/lekun.es\/fr\/wp-json\/wp\/v2\/pages"}],"about":[{"href":"https:\/\/lekun.es\/fr\/wp-json\/wp\/v2\/types\/page"}],"author":[{"embeddable":true,"href":"https:\/\/lekun.es\/fr\/wp-json\/wp\/v2\/users\/2"}],"replies":[{"embeddable":true,"href":"https:\/\/lekun.es\/fr\/wp-json\/wp\/v2\/comments?post=10395"}],"version-history":[{"count":6,"href":"https:\/\/lekun.es\/fr\/wp-json\/wp\/v2\/pages\/10395\/revisions"}],"predecessor-version":[{"id":11013,"href":"https:\/\/lekun.es\/fr\/wp-json\/wp\/v2\/pages\/10395\/revisions\/11013"}],"wp:attachment":[{"href":"https:\/\/lekun.es\/fr\/wp-json\/wp\/v2\/media?parent=10395"}],"curies":[{"name":"wp","href":"https:\/\/api.w.org\/{rel}","templated":true}]}}