{"id":10445,"date":"2023-05-18T09:38:27","date_gmt":"2023-05-18T09:38:27","guid":{"rendered":"https:\/\/www.lekun.es\/non%20class\u00e9\/sangles-et-bretelles\/"},"modified":"2023-06-05T08:06:35","modified_gmt":"2023-06-05T08:06:35","slug":"sangles-et-bretelles","status":"publish","type":"product","link":"https:\/\/lekun.es\/fr\/stock-fr\/otros-fr\/sangles-et-bretelles\/","title":{"rendered":"Sangles et bretelles"},"content":{"rendered":"\t\t<div data-elementor-type=\"wp-post\" data-elementor-id=\"10445\" class=\"elementor elementor-10445 elementor-9923\">\n\t\t\t\t\t\t<section class=\"wd-negative-gap elementor-section elementor-top-section elementor-element elementor-element-0d42526 elementor-section-boxed elementor-section-height-default elementor-section-height-default\" data-id=\"0d42526\" data-element_type=\"section\" data-e-type=\"section\">\n\t\t\t\t\t\t<div class=\"elementor-container elementor-column-gap-default\">\n\t\t\t\t\t<div class=\"elementor-column elementor-col-100 elementor-top-column elementor-element elementor-element-f327bf6\" data-id=\"f327bf6\" data-element_type=\"column\" data-e-type=\"column\">\n\t\t\t<div class=\"elementor-widget-wrap elementor-element-populated\">\n\t\t\t\t\t\t<div class=\"elementor-element elementor-element-6b00cc8 elementor-widget elementor-widget-wd_text_block\" data-id=\"6b00cc8\" data-element_type=\"widget\" data-e-type=\"widget\" data-widget_type=\"wd_text_block.default\">\n\t\t\t\t<div class=\"elementor-widget-container\">\n\t\t\t\t\t\t\t<div class=\"wd-text-block reset-last-child text-left\">\n\t\t\t\n\t\t\t<p><strong>STRAPS ELASTIQUES<\/strong><\/p>\n\t\t\t\t\t<\/div>\n\t\t\t\t\t\t<\/div>\n\t\t\t\t<\/div>\n\t\t\t\t<div class=\"elementor-element elementor-element-7159299 elementor-widget elementor-widget-wd_text_block\" data-id=\"7159299\" data-element_type=\"widget\" data-e-type=\"widget\" data-widget_type=\"wd_text_block.default\">\n\t\t\t\t<div class=\"elementor-widget-container\">\n\t\t\t\t\t\t\t<div class=\"wd-text-block reset-last-child text-left\">\n\t\t\t\n\t\t\t<table border=\"1\" cellpadding=\"0\" cellspacing=\"0\">\n<tbody>\n<tr>\n<td style=\"background-color:rgb(51, 102, 204); text-align:center; vertical-align:middle; width:92px\">\n<p><span style=\"color:#FFFFFF\"><strong>R\u00c9F\u00c9RENCE<\/strong><\/span><\/p>\n<\/td>\n<td style=\"background-color:rgb(51, 102, 204); text-align:center; vertical-align:middle; width:92px\">\n<p><span style=\"color:#FFFFFF\"><strong>LONGUEUR (mm)<\/strong><\/span><\/p>\n<\/td>\n<td style=\"background-color:rgb(51, 102, 204); text-align:center; vertical-align:middle; width:92px\">\n<p><span style=\"color:#FFFFFF\"><strong>LARGEUR (mm)<\/strong><\/span><\/p>\n<\/td>\n<td style=\"background-color:rgb(51, 102, 204); text-align:center; vertical-align:middle; width:92px\">\n<p><span style=\"color:#FFFFFF\"><strong>\u00c9PAISSEUR (mm)<\/strong><\/span><\/p>\n<\/td>\n<\/tr>\n<tr>\n<td style=\"text-align:center; vertical-align:middle; width:92px\">\n<p>LKC52.001<\/p>\n<\/td>\n<td style=\"text-align:center; vertical-align:middle; width:92px\">\n<p>67<\/p>\n<\/td>\n<td style=\"text-align:center; vertical-align:middle; width:92px\">\n<p>15<\/p>\n<\/td>\n<td style=\"text-align:center; vertical-align:middle; width:92px\">\n<p>2<\/p>\n<\/td>\n<\/tr>\n<tr>\n<td style=\"text-align:center; vertical-align:middle; width:92px\">\n<p>LKC52.002<\/p>\n<\/td>\n<td style=\"text-align:center; vertical-align:middle; width:92px\">\n<p>140<\/p>\n<\/td>\n<td style=\"text-align:center; vertical-align:middle; width:92px\">\n<p>12<\/p>\n<\/td>\n<td style=\"text-align:center; vertical-align:middle; width:92px\">\n<p>2.5<\/p>\n<\/td>\n<\/tr>\n<tr>\n<td style=\"text-align:center; vertical-align:middle; width:92px\">\n<p>LKC52.003<\/p>\n<\/td>\n<td style=\"text-align:center; vertical-align:middle; width:92px\">\n<p>213<\/p>\n<\/td>\n<td style=\"text-align:center; vertical-align:middle; width:92px\">\n<p>15<\/p>\n<\/td>\n<td style=\"text-align:center; vertical-align:middle; width:92px\">\n<p>3<\/p>\n<\/td>\n<\/tr>\n<tr>\n<td style=\"text-align:center; vertical-align:middle; width:92px\">\n<p>LKC52.004<\/p>\n<\/td>\n<td style=\"text-align:center; vertical-align:middle; width:92px\">\n<p>280<\/p>\n<\/td>\n<td style=\"text-align:center; vertical-align:middle; width:92px\">\n<p>15<\/p>\n<\/td>\n<td style=\"text-align:center; vertical-align:middle; width:92px\">\n<p>3<\/p>\n<\/td>\n<\/tr>\n<tr>\n<td style=\"text-align:center; vertical-align:middle; width:92px\">\n<p>LKC52.005<\/p>\n<\/td>\n<td style=\"text-align:center; vertical-align:middle; width:92px\">\n<p>324<\/p>\n<\/td>\n<td style=\"text-align:center; vertical-align:middle; width:92px\">\n<p>17<\/p>\n<\/td>\n<td style=\"text-align:center; vertical-align:middle; width:92px\">\n<p>5<\/p>\n<\/td>\n<\/tr>\n<tr>\n<td style=\"text-align:center; vertical-align:middle; width:92px\">\n<p>LKC52.006<\/p>\n<\/td>\n<td style=\"text-align:center; vertical-align:middle; width:92px\">\n<p>390<\/p>\n<\/td>\n<td style=\"text-align:center; vertical-align:middle; width:92px\">\n<p>20<\/p>\n<\/td>\n<td style=\"text-align:center; vertical-align:middle; width:92px\">\n<p>5<\/p>\n<\/td>\n<\/tr>\n<\/tbody>\n<\/table>\n\n\t\t\t\t\t<\/div>\n\t\t\t\t\t\t<\/div>\n\t\t\t\t<\/div>\n\t\t\t\t\t<\/div>\n\t\t<\/div>\n\t\t\t\t\t<\/div>\n\t\t<\/section>\n\t\t\t\t<section class=\"wd-negative-gap elementor-section elementor-top-section elementor-element elementor-element-9d62f87 elementor-section-boxed elementor-section-height-default elementor-section-height-default\" data-id=\"9d62f87\" data-element_type=\"section\" data-e-type=\"section\">\n\t\t\t\t\t\t<div class=\"elementor-container elementor-column-gap-default\">\n\t\t\t\t\t<div class=\"elementor-column elementor-col-50 elementor-top-column elementor-element elementor-element-b0db74b\" data-id=\"b0db74b\" data-element_type=\"column\" data-e-type=\"column\">\n\t\t\t<div class=\"elementor-widget-wrap elementor-element-populated\">\n\t\t\t\t\t\t<div class=\"elementor-element elementor-element-edec75c elementor-widget elementor-widget-wd_text_block\" data-id=\"edec75c\" data-element_type=\"widget\" data-e-type=\"widget\" data-widget_type=\"wd_text_block.default\">\n\t\t\t\t<div class=\"elementor-widget-container\">\n\t\t\t\t\t\t\t<div class=\"wd-text-block reset-last-child text-left\">\n\t\t\t\n\t\t\t<p><strong>SANGLES EN CAOUTCHOUC<\/strong><\/p>\n\t\t\t\t\t<\/div>\n\t\t\t\t\t\t<\/div>\n\t\t\t\t<\/div>\n\t\t\t\t<div class=\"elementor-element elementor-element-3e70d50 elementor-widget elementor-widget-wd_text_block\" data-id=\"3e70d50\" data-element_type=\"widget\" data-e-type=\"widget\" data-widget_type=\"wd_text_block.default\">\n\t\t\t\t<div class=\"elementor-widget-container\">\n\t\t\t\t\t\t\t<div class=\"wd-text-block reset-last-child text-left\">\n\t\t\t\n\t\t\t<table border=\"1\" cellpadding=\"0\" cellspacing=\"0\">\n<tbody>\n<tr>\n<td style=\"background-color:rgb(51, 102, 204); text-align:center; vertical-align:middle; width:15%\">\n<p><span style=\"color:#FFFFFF\"><strong>R\u00c9F\u00c9RENCE<\/strong><\/span><\/p>\n<\/td>\n<td style=\"background-color:rgb(51, 102, 204); text-align:center; vertical-align:middle; width:15%\">\n<p><span style=\"color:#FFFFFF\"><strong>LONGUEUR (mm)<\/strong><\/span><\/p>\n<\/td>\n<td style=\"background-color:rgb(51, 102, 204); text-align:center; vertical-align:middle; width:15%\">\n<p><span style=\"color:#FFFFFF\"><strong>LARGEUR A (mm)<\/strong><\/span><\/p>\n<\/td>\n<td style=\"background-color:rgb(51, 102, 204); text-align:center; vertical-align:middle; width:15%\">\n<p><span style=\"color:#FFFFFF\"><strong>LARGEUR B (mm)<\/strong><\/span><\/p>\n<\/td>\n<\/tr>\n<tr>\n<td style=\"text-align:center; vertical-align:middle; width:15%\">\n<p>LKC52.009<\/p>\n<\/td>\n<td style=\"text-align:center; vertical-align:middle; width:15%\">\n<p>64<\/p>\n<\/td>\n<td style=\"text-align:center; vertical-align:middle; width:15%\">\n<p>40<\/p>\n<\/td>\n<td style=\"text-align:center; vertical-align:middle; width:15%\">\n<p>16<\/p>\n<\/td>\n<\/tr>\n<tr>\n<td style=\"text-align:center; vertical-align:middle; width:15%\">\n<p>LKC52.010<\/p>\n<\/td>\n<td style=\"text-align:center; vertical-align:middle; width:15%\">120<\/td>\n<td style=\"text-align:center; vertical-align:middle; width:15%\">58<\/td>\n<td style=\"text-align:center; vertical-align:middle; width:15%\">30<\/td>\n<\/tr>\n<tr>\n<td style=\"text-align:center; vertical-align:middle; width:15%\">\n<p>LKC52.008<\/p>\n<\/td>\n<td style=\"text-align:center; vertical-align:middle; width:15%\">\n<p>148<\/p>\n<\/td>\n<td style=\"text-align:center; vertical-align:middle; width:15%\">\n<p>54<\/p>\n<\/td>\n<td style=\"text-align:center; vertical-align:middle; width:15%\">\n<p>25<\/p>\n<\/td>\n<\/tr>\n<tr>\n<td style=\"text-align:center; vertical-align:middle; width:15%\">\n<p>LKC52.007<\/p>\n<\/td>\n<td style=\"text-align:center; vertical-align:middle; width:15%\">\n<p>158<\/p>\n<\/td>\n<td style=\"text-align:center; vertical-align:middle; width:15%\">\n<p>52<\/p>\n<\/td>\n<td style=\"text-align:center; vertical-align:middle; width:15%\">\n<p>24<\/p>\n<\/td>\n<\/tr>\n<\/tbody>\n<\/table>\n\n\t\t\t\t\t<\/div>\n\t\t\t\t\t\t<\/div>\n\t\t\t\t<\/div>\n\t\t\t\t\t<\/div>\n\t\t<\/div>\n\t\t\t\t<div class=\"elementor-column elementor-col-50 elementor-top-column elementor-element elementor-element-b1b478f\" data-id=\"b1b478f\" data-element_type=\"column\" data-e-type=\"column\">\n\t\t\t<div class=\"elementor-widget-wrap elementor-element-populated\">\n\t\t\t\t\t\t<div class=\"elementor-element elementor-element-7b9d813 elementor-widget elementor-widget-wd_text_block\" data-id=\"7b9d813\" data-element_type=\"widget\" data-e-type=\"widget\" data-widget_type=\"wd_text_block.default\">\n\t\t\t\t<div class=\"elementor-widget-container\">\n\t\t\t\t\t\t\t<div class=\"wd-text-block reset-last-child text-left\">\n\t\t\t\n\t\t\t<p><strong>\u00c9LASTIQUES EN CAOUTCHOUC <\/strong><\/p>\n\t\t\t\t\t<\/div>\n\t\t\t\t\t\t<\/div>\n\t\t\t\t<\/div>\n\t\t\t\t<div class=\"elementor-element elementor-element-25bf8ed elementor-widget elementor-widget-wd_text_block\" data-id=\"25bf8ed\" data-element_type=\"widget\" data-e-type=\"widget\" data-widget_type=\"wd_text_block.default\">\n\t\t\t\t<div class=\"elementor-widget-container\">\n\t\t\t\t\t\t\t<div class=\"wd-text-block reset-last-child text-left\">\n\t\t\t\n\t\t\t<table border=\"1\" cellpadding=\"0\" cellspacing=\"0\">\n<tbody>\n<tr>\n<td style=\"background-color:rgb(51, 102, 204); text-align:center; vertical-align:middle; width:111px\">\n<p><span style=\"color:#FFFFFF\"><strong>R\u00c9F\u00c9RENCE<\/strong><\/span><\/p>\n<\/td>\n<td style=\"background-color:rgb(51, 102, 204); text-align:center; vertical-align:middle; width:111px\">\n<p><span style=\"color:#FFFFFF\"><strong>LONGUEUR (mm)<\/strong><\/span><\/p>\n<\/td>\n<td style=\"background-color:rgb(51, 102, 204); text-align:center; vertical-align:middle; width:111px\">\n<p><span style=\"color:#FFFFFF\"><strong>CHA\u00ceNE&nbsp;<img decoding=\"async\" alt=\"\" src=\"https:\/\/static.plenummedia.com\/36004\/images\/20150928142125-captura-cuerda.png-sq.png\" style=\"height:16px; width:12px\">&nbsp; (mm)<\/strong><\/span><\/p>\n<\/td>\n<\/tr>\n<tr>\n<td style=\"text-align:center; vertical-align:middle; width:111px\">\n<p>LKC52.011<\/p>\n<\/td>\n<td style=\"text-align:center; vertical-align:middle; width:111px\">\n<p>55<\/p>\n<\/td>\n<td style=\"text-align:center; vertical-align:middle; width:111px\">\n<p>5<\/p>\n<\/td>\n<\/tr>\n<tr>\n<td style=\"text-align:center; vertical-align:middle; width:111px\">\n<p>LKC52.012<\/p>\n<\/td>\n<td style=\"text-align:center; vertical-align:middle; width:111px\">\n<p>115<\/p>\n<\/td>\n<td style=\"text-align:center; vertical-align:middle; width:111px\">\n<p>5.5<\/p>\n<\/td>\n<\/tr>\n<\/tbody>\n<\/table>\n\n\t\t\t\t\t<\/div>\n\t\t\t\t\t\t<\/div>\n\t\t\t\t<\/div>\n\t\t\t\t\t<\/div>\n\t\t<\/div>\n\t\t\t\t\t<\/div>\n\t\t<\/section>\n\t\t\t\t<\/div>\n\t\t","protected":false},"excerpt":{"rendered":"<p>STRAPS ELASTIQUES R\u00c9F\u00c9RENCE LONGUEUR (mm) LARGEUR (mm) \u00c9PAISSEUR (mm) LKC52.001 67 15 2 LKC52.002 140 12 2.5 LKC52.003 213 15<\/p>\n","protected":false},"featured_media":10350,"template":"","meta":{"inline_featured_image":false},"product_brand":[],"product_cat":[97],"product_tag":[],"class_list":{"0":"post-10445","1":"product","2":"type-product","3":"status-publish","4":"has-post-thumbnail","6":"product_cat-otros-fr","8":"first","9":"instock","10":"shipping-taxable","11":"product-type-simple"},"yoast_head":"<!-- This site is optimized with the Yoast SEO plugin v26.9 - https:\/\/yoast.com\/product\/yoast-seo-wordpress\/ -->\n<title>Sangles et bretelles - LEKUN GROUP<\/title>\n<meta name=\"robots\" content=\"index, follow, max-snippet:-1, max-image-preview:large, max-video-preview:-1\" \/>\n<link rel=\"canonical\" href=\"https:\/\/lekun.es\/fr\/stock-fr\/otros-fr\/sangles-et-bretelles\/\" \/>\n<meta property=\"og:locale\" content=\"fr_FR\" \/>\n<meta property=\"og:type\" content=\"article\" \/>\n<meta property=\"og:title\" content=\"Sangles et bretelles - LEKUN GROUP\" \/>\n<meta property=\"og:description\" content=\"STRAPS ELASTIQUES R\u00c9F\u00c9RENCE LONGUEUR (mm) LARGEUR (mm) \u00c9PAISSEUR (mm) LKC52.001 67 15 2 LKC52.002 140 12 2.5 LKC52.003 213 15\" \/>\n<meta property=\"og:url\" content=\"https:\/\/lekun.es\/fr\/stock-fr\/otros-fr\/sangles-et-bretelles\/\" \/>\n<meta property=\"og:site_name\" content=\"LEKUN GROUP\" \/>\n<meta property=\"article:modified_time\" content=\"2023-06-05T08:06:35+00:00\" \/>\n<meta property=\"og:image\" content=\"https:\/\/lekun.es\/wp-content\/uploads\/2023\/05\/cintas-y-tirantes-or-copia.webp\" \/>\n\t<meta property=\"og:image:width\" content=\"448\" \/>\n\t<meta property=\"og:image:height\" content=\"336\" \/>\n\t<meta property=\"og:image:type\" content=\"image\/webp\" \/>\n<meta name=\"twitter:card\" content=\"summary_large_image\" \/>\n<script type=\"application\/ld+json\" class=\"yoast-schema-graph\">{\"@context\":\"https:\/\/schema.org\",\"@graph\":[{\"@type\":\"WebPage\",\"@id\":\"https:\/\/lekun.es\/fr\/stock-fr\/otros-fr\/sangles-et-bretelles\/\",\"url\":\"https:\/\/lekun.es\/fr\/stock-fr\/otros-fr\/sangles-et-bretelles\/\",\"name\":\"Sangles et bretelles - LEKUN GROUP\",\"isPartOf\":{\"@id\":\"https:\/\/lekun.es\/fr\/#website\"},\"primaryImageOfPage\":{\"@id\":\"https:\/\/lekun.es\/fr\/stock-fr\/otros-fr\/sangles-et-bretelles\/#primaryimage\"},\"image\":{\"@id\":\"https:\/\/lekun.es\/fr\/stock-fr\/otros-fr\/sangles-et-bretelles\/#primaryimage\"},\"thumbnailUrl\":\"https:\/\/lekun.es\/wp-content\/uploads\/2023\/05\/cintas-y-tirantes-or-copia.webp\",\"datePublished\":\"2023-05-18T09:38:27+00:00\",\"dateModified\":\"2023-06-05T08:06:35+00:00\",\"breadcrumb\":{\"@id\":\"https:\/\/lekun.es\/fr\/stock-fr\/otros-fr\/sangles-et-bretelles\/#breadcrumb\"},\"inLanguage\":\"fr-FR\",\"potentialAction\":[{\"@type\":\"ReadAction\",\"target\":[\"https:\/\/lekun.es\/fr\/stock-fr\/otros-fr\/sangles-et-bretelles\/\"]}]},{\"@type\":\"ImageObject\",\"inLanguage\":\"fr-FR\",\"@id\":\"https:\/\/lekun.es\/fr\/stock-fr\/otros-fr\/sangles-et-bretelles\/#primaryimage\",\"url\":\"https:\/\/lekun.es\/wp-content\/uploads\/2023\/05\/cintas-y-tirantes-or-copia.webp\",\"contentUrl\":\"https:\/\/lekun.es\/wp-content\/uploads\/2023\/05\/cintas-y-tirantes-or-copia.webp\",\"width\":448,\"height\":336},{\"@type\":\"BreadcrumbList\",\"@id\":\"https:\/\/lekun.es\/fr\/stock-fr\/otros-fr\/sangles-et-bretelles\/#breadcrumb\",\"itemListElement\":[{\"@type\":\"ListItem\",\"position\":1,\"name\":\"Portada\",\"item\":\"https:\/\/lekun.es\/fr\/\"},{\"@type\":\"ListItem\",\"position\":2,\"name\":\"Tienda\",\"item\":\"https:\/\/lekun.es\/?page_id=8\"},{\"@type\":\"ListItem\",\"position\":3,\"name\":\"Sangles et bretelles\"}]},{\"@type\":\"WebSite\",\"@id\":\"https:\/\/lekun.es\/fr\/#website\",\"url\":\"https:\/\/lekun.es\/fr\/\",\"name\":\"LEKUN GROUP\",\"description\":\"Producci\u00f3n y distribuci\u00f3n de caucho, juntas y fuelles a medida\",\"potentialAction\":[{\"@type\":\"SearchAction\",\"target\":{\"@type\":\"EntryPoint\",\"urlTemplate\":\"https:\/\/lekun.es\/fr\/?s={search_term_string}\"},\"query-input\":{\"@type\":\"PropertyValueSpecification\",\"valueRequired\":true,\"valueName\":\"search_term_string\"}}],\"inLanguage\":\"fr-FR\"}]}<\/script>\n<!-- \/ Yoast SEO plugin. -->","yoast_head_json":{"title":"Sangles et bretelles - LEKUN GROUP","robots":{"index":"index","follow":"follow","max-snippet":"max-snippet:-1","max-image-preview":"max-image-preview:large","max-video-preview":"max-video-preview:-1"},"canonical":"https:\/\/lekun.es\/fr\/stock-fr\/otros-fr\/sangles-et-bretelles\/","og_locale":"fr_FR","og_type":"article","og_title":"Sangles et bretelles - LEKUN GROUP","og_description":"STRAPS ELASTIQUES R\u00c9F\u00c9RENCE LONGUEUR (mm) LARGEUR (mm) \u00c9PAISSEUR (mm) LKC52.001 67 15 2 LKC52.002 140 12 2.5 LKC52.003 213 15","og_url":"https:\/\/lekun.es\/fr\/stock-fr\/otros-fr\/sangles-et-bretelles\/","og_site_name":"LEKUN GROUP","article_modified_time":"2023-06-05T08:06:35+00:00","og_image":[{"width":448,"height":336,"url":"https:\/\/lekun.es\/wp-content\/uploads\/2023\/05\/cintas-y-tirantes-or-copia.webp","type":"image\/webp"}],"twitter_card":"summary_large_image","schema":{"@context":"https:\/\/schema.org","@graph":[{"@type":"WebPage","@id":"https:\/\/lekun.es\/fr\/stock-fr\/otros-fr\/sangles-et-bretelles\/","url":"https:\/\/lekun.es\/fr\/stock-fr\/otros-fr\/sangles-et-bretelles\/","name":"Sangles et bretelles - LEKUN GROUP","isPartOf":{"@id":"https:\/\/lekun.es\/fr\/#website"},"primaryImageOfPage":{"@id":"https:\/\/lekun.es\/fr\/stock-fr\/otros-fr\/sangles-et-bretelles\/#primaryimage"},"image":{"@id":"https:\/\/lekun.es\/fr\/stock-fr\/otros-fr\/sangles-et-bretelles\/#primaryimage"},"thumbnailUrl":"https:\/\/lekun.es\/wp-content\/uploads\/2023\/05\/cintas-y-tirantes-or-copia.webp","datePublished":"2023-05-18T09:38:27+00:00","dateModified":"2023-06-05T08:06:35+00:00","breadcrumb":{"@id":"https:\/\/lekun.es\/fr\/stock-fr\/otros-fr\/sangles-et-bretelles\/#breadcrumb"},"inLanguage":"fr-FR","potentialAction":[{"@type":"ReadAction","target":["https:\/\/lekun.es\/fr\/stock-fr\/otros-fr\/sangles-et-bretelles\/"]}]},{"@type":"ImageObject","inLanguage":"fr-FR","@id":"https:\/\/lekun.es\/fr\/stock-fr\/otros-fr\/sangles-et-bretelles\/#primaryimage","url":"https:\/\/lekun.es\/wp-content\/uploads\/2023\/05\/cintas-y-tirantes-or-copia.webp","contentUrl":"https:\/\/lekun.es\/wp-content\/uploads\/2023\/05\/cintas-y-tirantes-or-copia.webp","width":448,"height":336},{"@type":"BreadcrumbList","@id":"https:\/\/lekun.es\/fr\/stock-fr\/otros-fr\/sangles-et-bretelles\/#breadcrumb","itemListElement":[{"@type":"ListItem","position":1,"name":"Portada","item":"https:\/\/lekun.es\/fr\/"},{"@type":"ListItem","position":2,"name":"Tienda","item":"https:\/\/lekun.es\/?page_id=8"},{"@type":"ListItem","position":3,"name":"Sangles et bretelles"}]},{"@type":"WebSite","@id":"https:\/\/lekun.es\/fr\/#website","url":"https:\/\/lekun.es\/fr\/","name":"LEKUN GROUP","description":"Producci\u00f3n y distribuci\u00f3n de caucho, juntas y fuelles a medida","potentialAction":[{"@type":"SearchAction","target":{"@type":"EntryPoint","urlTemplate":"https:\/\/lekun.es\/fr\/?s={search_term_string}"},"query-input":{"@type":"PropertyValueSpecification","valueRequired":true,"valueName":"search_term_string"}}],"inLanguage":"fr-FR"}]}},"_links":{"self":[{"href":"https:\/\/lekun.es\/fr\/wp-json\/wp\/v2\/product\/10445","targetHints":{"allow":["GET"]}}],"collection":[{"href":"https:\/\/lekun.es\/fr\/wp-json\/wp\/v2\/product"}],"about":[{"href":"https:\/\/lekun.es\/fr\/wp-json\/wp\/v2\/types\/product"}],"version-history":[{"count":1,"href":"https:\/\/lekun.es\/fr\/wp-json\/wp\/v2\/product\/10445\/revisions"}],"predecessor-version":[{"id":10446,"href":"https:\/\/lekun.es\/fr\/wp-json\/wp\/v2\/product\/10445\/revisions\/10446"}],"wp:featuredmedia":[{"embeddable":true,"href":"https:\/\/lekun.es\/fr\/wp-json\/wp\/v2\/media\/10350"}],"wp:attachment":[{"href":"https:\/\/lekun.es\/fr\/wp-json\/wp\/v2\/media?parent=10445"}],"wp:term":[{"taxonomy":"product_brand","embeddable":true,"href":"https:\/\/lekun.es\/fr\/wp-json\/wp\/v2\/product_brand?post=10445"},{"taxonomy":"product_cat","embeddable":true,"href":"https:\/\/lekun.es\/fr\/wp-json\/wp\/v2\/product_cat?post=10445"},{"taxonomy":"product_tag","embeddable":true,"href":"https:\/\/lekun.es\/fr\/wp-json\/wp\/v2\/product_tag?post=10445"}],"curies":[{"name":"wp","href":"https:\/\/api.w.org\/{rel}","templated":true}]}}