{"id":10447,"date":"2023-05-18T09:35:21","date_gmt":"2023-05-18T09:35:21","guid":{"rendered":"https:\/\/www.lekun.es\/non%20class\u00e9\/passe-cables\/"},"modified":"2023-06-05T08:06:59","modified_gmt":"2023-06-05T08:06:59","slug":"passe-cables","status":"publish","type":"product","link":"https:\/\/lekun.es\/fr\/stock-fr\/otros-fr\/passe-cables\/","title":{"rendered":"Passe-c\u00e2bles"},"content":{"rendered":"\t\t<div data-elementor-type=\"wp-post\" data-elementor-id=\"10447\" class=\"elementor elementor-10447 elementor-9910\">\n\t\t\t\t\t\t<section class=\"wd-negative-gap elementor-section elementor-top-section elementor-element elementor-element-d19dfd1 elementor-section-boxed elementor-section-height-default elementor-section-height-default\" data-id=\"d19dfd1\" data-element_type=\"section\" data-e-type=\"section\">\n\t\t\t\t\t\t<div class=\"elementor-container elementor-column-gap-default\">\n\t\t\t\t\t<div class=\"elementor-column elementor-col-100 elementor-top-column elementor-element elementor-element-7d0d09c\" data-id=\"7d0d09c\" data-element_type=\"column\" data-e-type=\"column\">\n\t\t\t<div class=\"elementor-widget-wrap elementor-element-populated\">\n\t\t\t\t\t\t<div class=\"elementor-element elementor-element-32c190e elementor-widget elementor-widget-wd_image_or_svg\" data-id=\"32c190e\" data-element_type=\"widget\" data-e-type=\"widget\" data-widget_type=\"wd_image_or_svg.default\">\n\t\t\t\t<div class=\"elementor-widget-container\">\n\t\t\t\t\t\n\t\t<div class=\"wd-image text-center\">\n\t\t\t\t\t\t\t\t<img loading=\"lazy\" decoding=\"async\" width=\"290\" height=\"174\" src=\"https:\/\/lekun.es\/wp-content\/uploads\/2023\/05\/medidas-pasacables-2-or.webp\" class=\"attachment-full size-full\" alt=\"\" srcset=\"https:\/\/lekun.es\/wp-content\/uploads\/2023\/05\/medidas-pasacables-2-or.webp 290w, https:\/\/lekun.es\/wp-content\/uploads\/2023\/05\/medidas-pasacables-2-or-150x90.webp 150w\" sizes=\"auto, (max-width: 290px) 100vw, 290px\" \/>\t\t\t\t\t<\/div>\n\n\t\t\t\t\t\t<\/div>\n\t\t\t\t<\/div>\n\t\t\t\t\t<\/div>\n\t\t<\/div>\n\t\t\t\t\t<\/div>\n\t\t<\/section>\n\t\t\t\t<section class=\"wd-negative-gap elementor-section elementor-top-section elementor-element elementor-element-e342f8e elementor-section-boxed elementor-section-height-default elementor-section-height-default\" data-id=\"e342f8e\" data-element_type=\"section\" data-e-type=\"section\">\n\t\t\t\t\t\t<div class=\"elementor-container elementor-column-gap-default\">\n\t\t\t\t\t<div class=\"elementor-column elementor-col-100 elementor-top-column elementor-element elementor-element-024fa01\" data-id=\"024fa01\" data-element_type=\"column\" data-e-type=\"column\">\n\t\t\t<div class=\"elementor-widget-wrap elementor-element-populated\">\n\t\t\t\t\t\t<div class=\"elementor-element elementor-element-af71d26 elementor-widget elementor-widget-wd_text_block\" data-id=\"af71d26\" data-element_type=\"widget\" data-e-type=\"widget\" data-widget_type=\"wd_text_block.default\">\n\t\t\t\t<div class=\"elementor-widget-container\">\n\t\t\t\t\t\t\t<div class=\"wd-text-block reset-last-child text-left\">\n\t\t\t\n\t\t\t<table align=\"center\" border=\"1\" cellpadding=\"0\" cellspacing=\"0\">\n<tbody>\n<tr>\n<td style=\"background-color:rgb(102, 51, 204); text-align:center; vertical-align:middle\">\n<p><strong>&nbsp;<span style=\"color:#FFFFFF\">Diam\u00e8tre de l'al\u00e9sage (A)<\/span><\/strong><strong style=\"line-height:1.6\"><span style=\"color:#FFFFFF\">&nbsp;<\/span><\/strong><\/p>\n<\/td>\n<td style=\"background-color:rgb(102, 51, 204); text-align:center; vertical-align:middle\">\n<p><span style=\"color:#FFFFFF\"><strong>&nbsp;Diam\u00e8tre moyen (B)&nbsp;<\/strong><\/span><\/p>\n<\/td>\n<td style=\"background-color:rgb(102, 51, 204); text-align:center; vertical-align:middle\">\n<p><span style=\"color:#FFFFFF\"><strong>&nbsp;Diam\u00e8tre ext\u00e9rieur (E)&nbsp;<\/strong><\/span><\/p>\n<\/td>\n<td style=\"background-color:rgb(102, 51, 204); text-align:center; vertical-align:middle\">\n<p><span style=\"color:#FFFFFF\"><strong>&nbsp;Hauteur totale (D)&nbsp;<\/strong><\/span><\/p>\n<\/td>\n<td style=\"background-color:rgb(102, 51, 204); text-align:center; vertical-align:middle\">\n<p><span style=\"color:#FFFFFF\"><strong>&nbsp;Hauteur de la fente (C)&nbsp;<\/strong><\/span><\/p>\n<\/td>\n<\/tr>\n<tr>\n<td style=\"text-align:center; vertical-align:middle\">\n<p>6<\/p>\n<\/td>\n<td style=\"text-align:center; vertical-align:middle\">\n<p>11<\/p>\n<\/td>\n<td style=\"text-align:center; vertical-align:middle\">\n<p>14<\/p>\n<\/td>\n<td style=\"text-align:center; vertical-align:middle\">\n<p>9<\/p>\n<\/td>\n<td style=\"text-align:center; vertical-align:middle\">\n<p>1<\/p>\n<\/td>\n<\/tr>\n<tr>\n<td style=\"text-align:center; vertical-align:middle\">\n<p>10<\/p>\n<\/td>\n<td style=\"text-align:center; vertical-align:middle\">\n<p>18<\/p>\n<\/td>\n<td style=\"text-align:center; vertical-align:middle\">\n<p>21<\/p>\n<\/td>\n<td style=\"text-align:center; vertical-align:middle\">\n<p>8<\/p>\n<\/td>\n<td style=\"text-align:center; vertical-align:middle\">\n<p>2<\/p>\n<\/td>\n<\/tr>\n<tr>\n<td style=\"text-align:center; vertical-align:middle\">\n<p>10<\/p>\n<\/td>\n<td style=\"text-align:center; vertical-align:middle\">\n<p>15<\/p>\n<\/td>\n<td style=\"text-align:center; vertical-align:middle\">\n<p>20<\/p>\n<\/td>\n<td style=\"text-align:center; vertical-align:middle\">\n<p>10<\/p>\n<\/td>\n<td style=\"text-align:center; vertical-align:middle\">\n<p>2<\/p>\n<\/td>\n<\/tr>\n<tr>\n<td style=\"text-align:center; vertical-align:middle\">\n<p>11<\/p>\n<\/td>\n<td style=\"text-align:center; vertical-align:middle\">\n<p>23<\/p>\n<\/td>\n<td style=\"text-align:center; vertical-align:middle\">\n<p>29<\/p>\n<\/td>\n<td style=\"text-align:center; vertical-align:middle\">\n<p>19<\/p>\n<\/td>\n<td style=\"text-align:center; vertical-align:middle\">\n<p>10<\/p>\n<\/td>\n<\/tr>\n<tr>\n<td style=\"text-align:center; vertical-align:middle\">\n<p>14<\/p>\n<\/td>\n<td style=\"text-align:center; vertical-align:middle\">\n<p>20<\/p>\n<\/td>\n<td style=\"text-align:center; vertical-align:middle\">\n<p>27<\/p>\n<\/td>\n<td style=\"text-align:center; vertical-align:middle\">\n<p>9<\/p>\n<\/td>\n<td style=\"text-align:center; vertical-align:middle\">\n<p>1<\/p>\n<\/td>\n<\/tr>\n<tr>\n<td style=\"text-align:center; vertical-align:middle\">\n<p>16<\/p>\n<\/td>\n<td style=\"text-align:center; vertical-align:middle\">\n<p>22<\/p>\n<\/td>\n<td style=\"text-align:center; vertical-align:middle\">\n<p>27<\/p>\n<\/td>\n<td style=\"text-align:center; vertical-align:middle\">\n<p>12<\/p>\n<\/td>\n<td style=\"text-align:center; vertical-align:middle\">\n<p>2<\/p>\n<\/td>\n<\/tr>\n<tr>\n<td style=\"text-align:center; vertical-align:middle\">\n<p>29<\/p>\n<\/td>\n<td style=\"text-align:center; vertical-align:middle\">\n<p>41<\/p>\n<\/td>\n<td style=\"text-align:center; vertical-align:middle\">\n<p>49<\/p>\n<\/td>\n<td style=\"text-align:center; vertical-align:middle\">\n<p>12<\/p>\n<\/td>\n<td style=\"text-align:center; vertical-align:middle\">\n<p>7<\/p>\n<\/td>\n<\/tr>\n<tr>\n<td style=\"text-align:center; vertical-align:middle\">\n<p>39<\/p>\n<\/td>\n<td style=\"text-align:center; vertical-align:middle\">\n<p>51<\/p>\n<\/td>\n<td style=\"text-align:center; vertical-align:middle\">\n<p>55<\/p>\n<\/td>\n<td style=\"text-align:center; vertical-align:middle\">\n<p>10<\/p>\n<\/td>\n<td style=\"text-align:center; vertical-align:middle\">\n<p>3<\/p>\n<\/td>\n<\/tr>\n<\/tbody>\n<\/table>\n\n\t\t\t\t\t<\/div>\n\t\t\t\t\t\t<\/div>\n\t\t\t\t<\/div>\n\t\t\t\t\t<\/div>\n\t\t<\/div>\n\t\t\t\t\t<\/div>\n\t\t<\/section>\n\t\t\t\t<\/div>\n\t\t","protected":false},"excerpt":{"rendered":"<p>&nbsp;Diam\u00e8tre de l&#8217;al\u00e9sage (A)&nbsp; &nbsp;Diam\u00e8tre moyen (B)&nbsp; &nbsp;Diam\u00e8tre ext\u00e9rieur (E)&nbsp; &nbsp;Hauteur totale (D)&nbsp; &nbsp;Hauteur de la fente (C)&nbsp; 6 11<\/p>\n","protected":false},"featured_media":10348,"template":"","meta":{"inline_featured_image":false},"product_brand":[],"product_cat":[97],"product_tag":[],"class_list":{"0":"post-10447","1":"product","2":"type-product","3":"status-publish","4":"has-post-thumbnail","6":"product_cat-otros-fr","8":"first","9":"instock","10":"shipping-taxable","11":"product-type-simple"},"yoast_head":"<!-- This site is optimized with the Yoast SEO plugin v26.9 - https:\/\/yoast.com\/product\/yoast-seo-wordpress\/ -->\n<title>Passe-c\u00e2bles - LEKUN GROUP<\/title>\n<meta name=\"robots\" content=\"index, follow, max-snippet:-1, max-image-preview:large, max-video-preview:-1\" \/>\n<link rel=\"canonical\" href=\"https:\/\/lekun.es\/fr\/stock-fr\/otros-fr\/passe-cables\/\" \/>\n<meta property=\"og:locale\" content=\"fr_FR\" \/>\n<meta property=\"og:type\" content=\"article\" \/>\n<meta property=\"og:title\" content=\"Passe-c\u00e2bles - LEKUN GROUP\" \/>\n<meta property=\"og:description\" content=\"&nbsp;Diam\u00e8tre de l&#8217;al\u00e9sage (A)&nbsp; &nbsp;Diam\u00e8tre moyen (B)&nbsp; &nbsp;Diam\u00e8tre ext\u00e9rieur (E)&nbsp; &nbsp;Hauteur totale (D)&nbsp; &nbsp;Hauteur de la fente (C)&nbsp; 6 11\" \/>\n<meta property=\"og:url\" content=\"https:\/\/lekun.es\/fr\/stock-fr\/otros-fr\/passe-cables\/\" \/>\n<meta property=\"og:site_name\" content=\"LEKUN GROUP\" \/>\n<meta property=\"article:modified_time\" content=\"2023-06-05T08:06:59+00:00\" \/>\n<meta property=\"og:image\" content=\"https:\/\/lekun.es\/wp-content\/uploads\/2023\/05\/pasacables-or.webp\" \/>\n\t<meta property=\"og:image:width\" content=\"1024\" \/>\n\t<meta property=\"og:image:height\" content=\"768\" \/>\n\t<meta property=\"og:image:type\" content=\"image\/webp\" \/>\n<meta name=\"twitter:card\" content=\"summary_large_image\" \/>\n<script type=\"application\/ld+json\" class=\"yoast-schema-graph\">{\"@context\":\"https:\/\/schema.org\",\"@graph\":[{\"@type\":\"WebPage\",\"@id\":\"https:\/\/lekun.es\/fr\/stock-fr\/otros-fr\/passe-cables\/\",\"url\":\"https:\/\/lekun.es\/fr\/stock-fr\/otros-fr\/passe-cables\/\",\"name\":\"Passe-c\u00e2bles - LEKUN GROUP\",\"isPartOf\":{\"@id\":\"https:\/\/lekun.es\/fr\/#website\"},\"primaryImageOfPage\":{\"@id\":\"https:\/\/lekun.es\/fr\/stock-fr\/otros-fr\/passe-cables\/#primaryimage\"},\"image\":{\"@id\":\"https:\/\/lekun.es\/fr\/stock-fr\/otros-fr\/passe-cables\/#primaryimage\"},\"thumbnailUrl\":\"https:\/\/lekun.es\/wp-content\/uploads\/2023\/05\/pasacables-or.webp\",\"datePublished\":\"2023-05-18T09:35:21+00:00\",\"dateModified\":\"2023-06-05T08:06:59+00:00\",\"breadcrumb\":{\"@id\":\"https:\/\/lekun.es\/fr\/stock-fr\/otros-fr\/passe-cables\/#breadcrumb\"},\"inLanguage\":\"fr-FR\",\"potentialAction\":[{\"@type\":\"ReadAction\",\"target\":[\"https:\/\/lekun.es\/fr\/stock-fr\/otros-fr\/passe-cables\/\"]}]},{\"@type\":\"ImageObject\",\"inLanguage\":\"fr-FR\",\"@id\":\"https:\/\/lekun.es\/fr\/stock-fr\/otros-fr\/passe-cables\/#primaryimage\",\"url\":\"https:\/\/lekun.es\/wp-content\/uploads\/2023\/05\/pasacables-or.webp\",\"contentUrl\":\"https:\/\/lekun.es\/wp-content\/uploads\/2023\/05\/pasacables-or.webp\",\"width\":1024,\"height\":768},{\"@type\":\"BreadcrumbList\",\"@id\":\"https:\/\/lekun.es\/fr\/stock-fr\/otros-fr\/passe-cables\/#breadcrumb\",\"itemListElement\":[{\"@type\":\"ListItem\",\"position\":1,\"name\":\"Portada\",\"item\":\"https:\/\/lekun.es\/fr\/\"},{\"@type\":\"ListItem\",\"position\":2,\"name\":\"Tienda\",\"item\":\"https:\/\/lekun.es\/?page_id=8\"},{\"@type\":\"ListItem\",\"position\":3,\"name\":\"Passe-c\u00e2bles\"}]},{\"@type\":\"WebSite\",\"@id\":\"https:\/\/lekun.es\/fr\/#website\",\"url\":\"https:\/\/lekun.es\/fr\/\",\"name\":\"LEKUN GROUP\",\"description\":\"Producci\u00f3n y distribuci\u00f3n de caucho, juntas y fuelles a medida\",\"potentialAction\":[{\"@type\":\"SearchAction\",\"target\":{\"@type\":\"EntryPoint\",\"urlTemplate\":\"https:\/\/lekun.es\/fr\/?s={search_term_string}\"},\"query-input\":{\"@type\":\"PropertyValueSpecification\",\"valueRequired\":true,\"valueName\":\"search_term_string\"}}],\"inLanguage\":\"fr-FR\"}]}<\/script>\n<!-- \/ Yoast SEO plugin. -->","yoast_head_json":{"title":"Passe-c\u00e2bles - LEKUN GROUP","robots":{"index":"index","follow":"follow","max-snippet":"max-snippet:-1","max-image-preview":"max-image-preview:large","max-video-preview":"max-video-preview:-1"},"canonical":"https:\/\/lekun.es\/fr\/stock-fr\/otros-fr\/passe-cables\/","og_locale":"fr_FR","og_type":"article","og_title":"Passe-c\u00e2bles - LEKUN GROUP","og_description":"&nbsp;Diam\u00e8tre de l&#8217;al\u00e9sage (A)&nbsp; &nbsp;Diam\u00e8tre moyen (B)&nbsp; &nbsp;Diam\u00e8tre ext\u00e9rieur (E)&nbsp; &nbsp;Hauteur totale (D)&nbsp; &nbsp;Hauteur de la fente (C)&nbsp; 6 11","og_url":"https:\/\/lekun.es\/fr\/stock-fr\/otros-fr\/passe-cables\/","og_site_name":"LEKUN GROUP","article_modified_time":"2023-06-05T08:06:59+00:00","og_image":[{"width":1024,"height":768,"url":"https:\/\/lekun.es\/wp-content\/uploads\/2023\/05\/pasacables-or.webp","type":"image\/webp"}],"twitter_card":"summary_large_image","schema":{"@context":"https:\/\/schema.org","@graph":[{"@type":"WebPage","@id":"https:\/\/lekun.es\/fr\/stock-fr\/otros-fr\/passe-cables\/","url":"https:\/\/lekun.es\/fr\/stock-fr\/otros-fr\/passe-cables\/","name":"Passe-c\u00e2bles - LEKUN GROUP","isPartOf":{"@id":"https:\/\/lekun.es\/fr\/#website"},"primaryImageOfPage":{"@id":"https:\/\/lekun.es\/fr\/stock-fr\/otros-fr\/passe-cables\/#primaryimage"},"image":{"@id":"https:\/\/lekun.es\/fr\/stock-fr\/otros-fr\/passe-cables\/#primaryimage"},"thumbnailUrl":"https:\/\/lekun.es\/wp-content\/uploads\/2023\/05\/pasacables-or.webp","datePublished":"2023-05-18T09:35:21+00:00","dateModified":"2023-06-05T08:06:59+00:00","breadcrumb":{"@id":"https:\/\/lekun.es\/fr\/stock-fr\/otros-fr\/passe-cables\/#breadcrumb"},"inLanguage":"fr-FR","potentialAction":[{"@type":"ReadAction","target":["https:\/\/lekun.es\/fr\/stock-fr\/otros-fr\/passe-cables\/"]}]},{"@type":"ImageObject","inLanguage":"fr-FR","@id":"https:\/\/lekun.es\/fr\/stock-fr\/otros-fr\/passe-cables\/#primaryimage","url":"https:\/\/lekun.es\/wp-content\/uploads\/2023\/05\/pasacables-or.webp","contentUrl":"https:\/\/lekun.es\/wp-content\/uploads\/2023\/05\/pasacables-or.webp","width":1024,"height":768},{"@type":"BreadcrumbList","@id":"https:\/\/lekun.es\/fr\/stock-fr\/otros-fr\/passe-cables\/#breadcrumb","itemListElement":[{"@type":"ListItem","position":1,"name":"Portada","item":"https:\/\/lekun.es\/fr\/"},{"@type":"ListItem","position":2,"name":"Tienda","item":"https:\/\/lekun.es\/?page_id=8"},{"@type":"ListItem","position":3,"name":"Passe-c\u00e2bles"}]},{"@type":"WebSite","@id":"https:\/\/lekun.es\/fr\/#website","url":"https:\/\/lekun.es\/fr\/","name":"LEKUN GROUP","description":"Producci\u00f3n y distribuci\u00f3n de caucho, juntas y fuelles a medida","potentialAction":[{"@type":"SearchAction","target":{"@type":"EntryPoint","urlTemplate":"https:\/\/lekun.es\/fr\/?s={search_term_string}"},"query-input":{"@type":"PropertyValueSpecification","valueRequired":true,"valueName":"search_term_string"}}],"inLanguage":"fr-FR"}]}},"_links":{"self":[{"href":"https:\/\/lekun.es\/fr\/wp-json\/wp\/v2\/product\/10447","targetHints":{"allow":["GET"]}}],"collection":[{"href":"https:\/\/lekun.es\/fr\/wp-json\/wp\/v2\/product"}],"about":[{"href":"https:\/\/lekun.es\/fr\/wp-json\/wp\/v2\/types\/product"}],"version-history":[{"count":1,"href":"https:\/\/lekun.es\/fr\/wp-json\/wp\/v2\/product\/10447\/revisions"}],"predecessor-version":[{"id":10448,"href":"https:\/\/lekun.es\/fr\/wp-json\/wp\/v2\/product\/10447\/revisions\/10448"}],"wp:featuredmedia":[{"embeddable":true,"href":"https:\/\/lekun.es\/fr\/wp-json\/wp\/v2\/media\/10348"}],"wp:attachment":[{"href":"https:\/\/lekun.es\/fr\/wp-json\/wp\/v2\/media?parent=10447"}],"wp:term":[{"taxonomy":"product_brand","embeddable":true,"href":"https:\/\/lekun.es\/fr\/wp-json\/wp\/v2\/product_brand?post=10447"},{"taxonomy":"product_cat","embeddable":true,"href":"https:\/\/lekun.es\/fr\/wp-json\/wp\/v2\/product_cat?post=10447"},{"taxonomy":"product_tag","embeddable":true,"href":"https:\/\/lekun.es\/fr\/wp-json\/wp\/v2\/product_tag?post=10447"}],"curies":[{"name":"wp","href":"https:\/\/api.w.org\/{rel}","templated":true}]}}