{"id":10468,"date":"2023-04-26T14:03:37","date_gmt":"2023-04-26T14:03:37","guid":{"rendered":"https:\/\/www.lekun.es\/non%20class\u00e9\/soufflets-modulaires\/"},"modified":"2023-06-05T08:18:03","modified_gmt":"2023-06-05T08:18:03","slug":"soufflets-modulaires","status":"publish","type":"product","link":"https:\/\/lekun.es\/fr\/stock-fr\/fuelles-distribucion-fr\/soufflets-modulaires\/","title":{"rendered":"Soufflets modulaires"},"content":{"rendered":"\t\t<div data-elementor-type=\"wp-post\" data-elementor-id=\"10468\" class=\"elementor elementor-10468 elementor-9288\">\n\t\t\t\t\t\t<section class=\"elementor-section elementor-top-section elementor-element elementor-element-7f8bb9cf elementor-section-boxed elementor-section-height-default elementor-section-height-default\" data-id=\"7f8bb9cf\" data-element_type=\"section\" data-e-type=\"section\">\n\t\t\t\t\t\t<div class=\"elementor-container elementor-column-gap-default\">\n\t\t\t\t\t<div class=\"elementor-column elementor-col-100 elementor-top-column elementor-element elementor-element-941ed09\" data-id=\"941ed09\" data-element_type=\"column\" data-e-type=\"column\">\n\t\t\t<div class=\"elementor-widget-wrap elementor-element-populated\">\n\t\t\t\t\t\t<div class=\"elementor-element elementor-element-016ba1d elementor-widget elementor-widget-wd_text_block\" data-id=\"016ba1d\" data-element_type=\"widget\" data-e-type=\"widget\" data-widget_type=\"wd_text_block.default\">\n\t\t\t\t<div class=\"elementor-widget-container\">\n\t\t\t\t\t\t\t<div class=\"wd-text-block reset-last-child text-left\">\n\t\t\t\n\t\t\t<p>Comme le montre la vid\u00e9o, ces soufflets modulaires sont faciles \u00e0 installer. Ils sont \u00e9galement la solution pour des diam\u00e8tres et des longueurs diff\u00e9rents, car leurs couvercles peuvent \u00eatre ajust\u00e9s \u00e0 diff\u00e9rents diam\u00e8tres int\u00e9rieurs et 2 ou 3 soufflets peuvent \u00eatre coupl\u00e9s pour obtenir diff\u00e9rentes longueurs.<\/p><p>Le tableau suivant pr\u00e9sente les soufflets modulaires que nous proposons :<\/p>\n\t\t\t\t\t<\/div>\n\t\t\t\t\t\t<\/div>\n\t\t\t\t<\/div>\n\t\t\t\t<div class=\"elementor-element elementor-element-ff311e6 color-scheme-inherit text-left elementor-widget elementor-widget-text-editor\" data-id=\"ff311e6\" data-element_type=\"widget\" data-e-type=\"widget\" data-widget_type=\"text-editor.default\">\n\t\t\t\t<div class=\"elementor-widget-container\">\n\t\t\t\t\t\t\t\t\t<\/p>\n<table style=\"width: 700px;\" border=\"1\" cellspacing=\"1\" cellpadding=\"1\">\n<tbody>\n<tr>\n<td colspan=\"3\" rowspan=\"1\"> <\/td>\n<td style=\"background-color: #6633cc; text-align: center; vertical-align: middle;\" colspan=\"2\">\n<p><span style=\"color: #ffffff;\"><strong>D1, D2 <\/strong><\/span><\/p>\n<p><span style=\"color: #ffffff;\"><strong>(mm)<\/strong><\/span><\/p>\n<\/td>\n<td colspan=\"2\" rowspan=\"1\"> <\/td>\n<td style=\"background-color: #6633cc; text-align: center; vertical-align: middle;\" colspan=\"2\">\n<p><span style=\"color: #ffffff;\"><strong>L sans joints<\/strong><\/span><\/p>\n<p><span style=\"color: #ffffff;\"><strong>(mm)<\/strong><\/span><\/p>\n<\/td>\n<td style=\"background-color: #6633cc; text-align: center; vertical-align: middle;\" colspan=\"2\">\n<p><span style=\"color: #ffffff;\"><strong>L avec 1 joint<\/strong><\/span><\/p>\n<p><span style=\"color: #ffffff;\"><strong>(mm)<\/strong><\/span><\/p>\n<\/td>\n<td style=\"background-color: #6633cc; text-align: center; vertical-align: middle;\" colspan=\"2\">\n<p><span style=\"color: #ffffff;\"><strong>L avec 2 articulations<\/strong><\/span><\/p>\n<p><span style=\"color: #ffffff;\"><strong>(mm)<\/strong><\/span><\/p>\n<\/td>\n<\/tr>\n<tr>\n<td style=\"background-color: #cccccc; text-align: center; vertical-align: middle;\" colspan=\"2\"><span style=\"color: #ffffff;\"><strong>Classe<\/strong><\/span><\/td>\n<td style=\"background-color: #6633cc; text-align: center; vertical-align: middle;\">\n<p><span style=\"color: #ffffff;\"><strong>B<\/strong><\/span><\/p>\n<p><span style=\"color: #ffffff;\"><strong>(mm)<\/strong><\/span><\/p>\n<\/td>\n<td style=\"background-color: #ffffff; text-align: center; vertical-align: middle;\"><strong>min<\/strong><\/td>\n<td style=\"background-color: #ffffff; text-align: center; vertical-align: middle;\"><strong>max<\/strong><\/td>\n<td style=\"background-color: #6633cc; text-align: center; vertical-align: middle;\">\n<p><span style=\"color: #ffffff;\"><strong>C<\/strong><\/span><\/p>\n<p><span style=\"color: #ffffff;\"><strong>(mm)<\/strong><\/span><\/p>\n<\/td>\n<td style=\"background-color: #6633cc; text-align: center; vertical-align: middle;\">\n<p><span style=\"color: #ffffff;\"><strong>E<\/strong><\/span><\/p>\n<p><span style=\"color: #ffffff;\"><strong>(mm)<\/strong><\/span><\/p>\n<\/td>\n<td style=\"background-color: #ffffff; text-align: center; vertical-align: middle;\"><strong>Ferm\u00e9<\/strong><\/td>\n<td style=\"background-color: #ffffff; text-align: center; vertical-align: middle;\"><strong>Ouvrir<\/strong><\/td>\n<td style=\"background-color: #ffffff; text-align: center; vertical-align: middle;\"><strong>Ferm\u00e9<\/strong><\/td>\n<td style=\"background-color: #ffffff; text-align: center; vertical-align: middle;\"><strong>Ouvrir<\/strong><\/td>\n<td style=\"background-color: #ffffff; text-align: center; vertical-align: middle;\"><strong>Ferm\u00e9 <\/strong><\/td>\n<td style=\"background-color: #ffffff; text-align: center; vertical-align: middle;\"><strong>Ouvrir<\/strong><\/td>\n<\/tr>\n<tr>\n<td style=\"text-align: center; vertical-align: middle;\">60<\/td>\n<td style=\"text-align: center; vertical-align: middle;\"> <\/td>\n<td style=\"text-align: center; vertical-align: middle;\">60<\/td>\n<td style=\"text-align: center; vertical-align: middle;\">10<\/td>\n<td style=\"text-align: center; vertical-align: middle;\">40<\/td>\n<td style=\"text-align: center; vertical-align: middle;\">30<\/td>\n<td style=\"text-align: center; vertical-align: middle;\">12<\/td>\n<td style=\"text-align: center; vertical-align: middle;\">55<\/td>\n<td style=\"text-align: center; vertical-align: middle;\">300<\/td>\n<td style=\"text-align: center; vertical-align: middle;\">110<\/td>\n<td style=\"text-align: center; vertical-align: middle;\">600<\/td>\n<td style=\"text-align: center; vertical-align: middle;\">165<\/td>\n<td style=\"text-align: center; vertical-align: middle;\">900<\/td>\n<\/tr>\n<tr>\n<td style=\"text-align: center; vertical-align: middle;\">83<\/td>\n<td style=\"text-align: center; vertical-align: middle;\"> <\/td>\n<td style=\"text-align: center; vertical-align: middle;\">83<\/td>\n<td style=\"text-align: center; vertical-align: middle;\">10<\/td>\n<td style=\"text-align: center; vertical-align: middle;\">60<\/td>\n<td style=\"text-align: center; vertical-align: middle;\">50<\/td>\n<td style=\"text-align: center; vertical-align: middle;\">12<\/td>\n<td style=\"text-align: center; vertical-align: middle;\">65<\/td>\n<td style=\"text-align: center; vertical-align: middle;\">350<\/td>\n<td style=\"text-align: center; vertical-align: middle;\">130<\/td>\n<td style=\"text-align: center; vertical-align: middle;\">700<\/td>\n<td style=\"text-align: center; vertical-align: middle;\">195<\/td>\n<td style=\"text-align: center; vertical-align: middle;\">1050<\/td>\n<\/tr>\n<tr>\n<td style=\"text-align: center; vertical-align: middle;\">106<\/td>\n<td style=\"text-align: center; vertical-align: middle;\"> <\/td>\n<td style=\"text-align: center; vertical-align: middle;\">106<\/td>\n<td style=\"text-align: center; vertical-align: middle;\">10<\/td>\n<td style=\"text-align: center; vertical-align: middle;\">80<\/td>\n<td style=\"text-align: center; vertical-align: middle;\">70<\/td>\n<td style=\"text-align: center; vertical-align: middle;\">13<\/td>\n<td style=\"text-align: center; vertical-align: middle;\">40<\/td>\n<td style=\"text-align: center; vertical-align: middle;\">220<\/td>\n<td style=\"text-align: center; vertical-align: middle;\">80<\/td>\n<td style=\"text-align: center; vertical-align: middle;\">440<\/td>\n<td style=\"text-align: center; vertical-align: middle;\">120<\/td>\n<td style=\"text-align: center; vertical-align: middle;\">660<\/td>\n<\/tr>\n<tr>\n<td style=\"text-align: center; vertical-align: middle;\">106<\/td>\n<td style=\"text-align: center; vertical-align: middle;\">L<\/td>\n<td style=\"text-align: center; vertical-align: middle;\">106<\/td>\n<td style=\"text-align: center; vertical-align: middle;\">10<\/td>\n<td style=\"text-align: center; vertical-align: middle;\">80<\/td>\n<td style=\"text-align: center; vertical-align: middle;\">55<\/td>\n<td style=\"text-align: center; vertical-align: middle;\"> <\/td>\n<td style=\"text-align: center; vertical-align: middle;\">100<\/td>\n<td style=\"text-align: center; vertical-align: middle;\">750<\/td>\n<td style=\"text-align: center; vertical-align: middle;\">200<\/td>\n<td style=\"text-align: center; vertical-align: middle;\">1500<\/td>\n<td style=\"text-align: center; vertical-align: middle;\">300<\/td>\n<td style=\"text-align: center; vertical-align: middle;\">2250<\/td>\n<\/tr>\n<tr>\n<td style=\"text-align: center; vertical-align: middle;\">120<\/td>\n<td style=\"text-align: center; vertical-align: middle;\"> <\/td>\n<td style=\"text-align: center; vertical-align: middle;\">120<\/td>\n<td style=\"text-align: center; vertical-align: middle;\">10<\/td>\n<td style=\"text-align: center; vertical-align: middle;\">100<\/td>\n<td style=\"text-align: center; vertical-align: middle;\">63<\/td>\n<td style=\"text-align: center; vertical-align: middle;\"> <\/td>\n<td style=\"text-align: center; vertical-align: middle;\">95<\/td>\n<td style=\"text-align: center; vertical-align: middle;\">700<\/td>\n<td style=\"text-align: center; vertical-align: middle;\">190<\/td>\n<td style=\"text-align: center; vertical-align: middle;\">1400<\/td>\n<td style=\"text-align: center; vertical-align: middle;\">285<\/td>\n<td style=\"text-align: center; vertical-align: middle;\">2100<\/td>\n<\/tr>\n<tr>\n<td style=\"text-align: center; vertical-align: middle;\">135<\/td>\n<td style=\"text-align: center; vertical-align: middle;\"> <\/td>\n<td style=\"text-align: center; vertical-align: middle;\">135<\/td>\n<td style=\"text-align: center; vertical-align: middle;\">30<\/td>\n<td style=\"text-align: center; vertical-align: middle;\">116<\/td>\n<td style=\"text-align: center; vertical-align: middle;\">90<\/td>\n<td style=\"text-align: center; vertical-align: middle;\"> <\/td>\n<td style=\"text-align: center; vertical-align: middle;\">75<\/td>\n<td style=\"text-align: center; vertical-align: middle;\">550<\/td>\n<td style=\"text-align: center; vertical-align: middle;\">150<\/td>\n<td style=\"text-align: center; vertical-align: middle;\">1100<\/td>\n<td style=\"text-align: center; vertical-align: middle;\">225<\/td>\n<td style=\"text-align: center; vertical-align: middle;\">1650<\/td>\n<\/tr>\n<tr>\n<td style=\"text-align: center; vertical-align: middle;\">135<\/td>\n<td style=\"text-align: center; vertical-align: middle;\">M<\/td>\n<td style=\"text-align: center; vertical-align: middle;\">135<\/td>\n<td style=\"text-align: center; vertical-align: middle;\">30<\/td>\n<td style=\"text-align: center; vertical-align: middle;\">116<\/td>\n<td style=\"text-align: center; vertical-align: middle;\">85<\/td>\n<td style=\"text-align: center; vertical-align: middle;\"> <\/td>\n<td style=\"text-align: center; vertical-align: middle;\">130<\/td>\n<td style=\"text-align: center; vertical-align: middle;\">950<\/td>\n<td style=\"text-align: center; vertical-align: middle;\">260<\/td>\n<td style=\"text-align: center; vertical-align: middle;\">1900<\/td>\n<td style=\"text-align: center; vertical-align: middle;\">390<\/td>\n<td style=\"text-align: center; vertical-align: middle;\">2850<\/td>\n<\/tr>\n<tr>\n<td style=\"text-align: center; vertical-align: middle;\">135<\/td>\n<td style=\"text-align: center; vertical-align: middle;\">L<\/td>\n<td style=\"text-align: center; vertical-align: middle;\">135<\/td>\n<td style=\"text-align: center; vertical-align: middle;\">30<\/td>\n<td style=\"text-align: center; vertical-align: middle;\">116<\/td>\n<td style=\"text-align: center; vertical-align: middle;\">72<\/td>\n<td style=\"text-align: center; vertical-align: middle;\"> <\/td>\n<td style=\"text-align: center; vertical-align: middle;\">140<\/td>\n<td style=\"text-align: center; vertical-align: middle;\">1100<\/td>\n<td style=\"text-align: center; vertical-align: middle;\">280<\/td>\n<td style=\"text-align: center; vertical-align: middle;\">2200<\/td>\n<td style=\"text-align: center; vertical-align: middle;\">420<\/td>\n<td style=\"text-align: center; vertical-align: middle;\">3300<\/td>\n<\/tr>\n<\/tbody>\n<\/table>\n\t\t\t\t\t\t\t\t<\/div>\n\t\t\t\t<\/div>\n\t\t\t\t<div class=\"elementor-element elementor-element-87dc117 elementor-widget elementor-widget-video\" data-id=\"87dc117\" data-element_type=\"widget\" data-e-type=\"widget\" data-settings=\"{&quot;youtube_url&quot;:&quot;https:\\\/\\\/www.youtube.com\\\/watch?v=GDApEpH5eY8&quot;,&quot;video_type&quot;:&quot;youtube&quot;,&quot;controls&quot;:&quot;yes&quot;}\" data-widget_type=\"video.default\">\n\t\t\t\t<div class=\"elementor-widget-container\">\n\t\t\t\t\t\t\t<div class=\"elementor-wrapper elementor-open-inline\">\n\t\t\t<div class=\"elementor-video\"><\/div>\t\t<\/div>\n\t\t\t\t\t\t<\/div>\n\t\t\t\t<\/div>\n\t\t\t\t\t<\/div>\n\t\t<\/div>\n\t\t\t\t\t<\/div>\n\t\t<\/section>\n\t\t\t\t<\/div>\n\t\t","protected":false},"excerpt":{"rendered":"<p>Barbieri Soufflets modulaires en caoutchouc<\/p>\n","protected":false},"featured_media":10195,"template":"","meta":{"inline_featured_image":false},"product_brand":[],"product_cat":[93,96],"product_tag":[],"class_list":{"0":"post-10468","1":"product","2":"type-product","3":"status-publish","4":"has-post-thumbnail","6":"product_cat-fuelles-fr","7":"product_cat-fuelles-distribucion-fr","9":"first","10":"instock","11":"shipping-taxable","12":"product-type-simple"},"yoast_head":"<!-- This site is optimized with the Yoast SEO plugin v26.9 - https:\/\/yoast.com\/product\/yoast-seo-wordpress\/ -->\n<title>Soufflets modulaires - LEKUN GROUP<\/title>\n<meta name=\"robots\" content=\"index, follow, max-snippet:-1, max-image-preview:large, max-video-preview:-1\" \/>\n<link rel=\"canonical\" href=\"https:\/\/lekun.es\/fr\/stock-fr\/fuelles-distribucion-fr\/soufflets-modulaires\/\" \/>\n<meta property=\"og:locale\" content=\"fr_FR\" \/>\n<meta property=\"og:type\" content=\"article\" \/>\n<meta property=\"og:title\" content=\"Soufflets modulaires - LEKUN GROUP\" \/>\n<meta property=\"og:description\" content=\"Barbieri Soufflets modulaires en caoutchouc\" \/>\n<meta property=\"og:url\" content=\"https:\/\/lekun.es\/fr\/stock-fr\/fuelles-distribucion-fr\/soufflets-modulaires\/\" \/>\n<meta property=\"og:site_name\" content=\"LEKUN GROUP\" \/>\n<meta property=\"article:modified_time\" content=\"2023-06-05T08:18:03+00:00\" \/>\n<meta property=\"og:image\" content=\"https:\/\/lekun.es\/wp-content\/uploads\/2023\/04\/BLW-aperto-su-cil-1-600x529-1.webp\" \/>\n\t<meta property=\"og:image:width\" content=\"600\" \/>\n\t<meta property=\"og:image:height\" content=\"529\" \/>\n\t<meta property=\"og:image:type\" content=\"image\/webp\" \/>\n<meta name=\"twitter:card\" content=\"summary_large_image\" \/>\n<meta name=\"twitter:label1\" content=\"Dur\u00e9e de lecture estim\u00e9e\" \/>\n\t<meta name=\"twitter:data1\" content=\"1 minute\" \/>\n<script type=\"application\/ld+json\" class=\"yoast-schema-graph\">{\"@context\":\"https:\/\/schema.org\",\"@graph\":[{\"@type\":\"WebPage\",\"@id\":\"https:\/\/lekun.es\/fr\/stock-fr\/fuelles-distribucion-fr\/soufflets-modulaires\/\",\"url\":\"https:\/\/lekun.es\/fr\/stock-fr\/fuelles-distribucion-fr\/soufflets-modulaires\/\",\"name\":\"Soufflets modulaires - LEKUN GROUP\",\"isPartOf\":{\"@id\":\"https:\/\/lekun.es\/fr\/#website\"},\"primaryImageOfPage\":{\"@id\":\"https:\/\/lekun.es\/fr\/stock-fr\/fuelles-distribucion-fr\/soufflets-modulaires\/#primaryimage\"},\"image\":{\"@id\":\"https:\/\/lekun.es\/fr\/stock-fr\/fuelles-distribucion-fr\/soufflets-modulaires\/#primaryimage\"},\"thumbnailUrl\":\"https:\/\/lekun.es\/wp-content\/uploads\/2023\/04\/BLW-aperto-su-cil-1-600x529-1.webp\",\"datePublished\":\"2023-04-26T14:03:37+00:00\",\"dateModified\":\"2023-06-05T08:18:03+00:00\",\"breadcrumb\":{\"@id\":\"https:\/\/lekun.es\/fr\/stock-fr\/fuelles-distribucion-fr\/soufflets-modulaires\/#breadcrumb\"},\"inLanguage\":\"fr-FR\",\"potentialAction\":[{\"@type\":\"ReadAction\",\"target\":[\"https:\/\/lekun.es\/fr\/stock-fr\/fuelles-distribucion-fr\/soufflets-modulaires\/\"]}]},{\"@type\":\"ImageObject\",\"inLanguage\":\"fr-FR\",\"@id\":\"https:\/\/lekun.es\/fr\/stock-fr\/fuelles-distribucion-fr\/soufflets-modulaires\/#primaryimage\",\"url\":\"https:\/\/lekun.es\/wp-content\/uploads\/2023\/04\/BLW-aperto-su-cil-1-600x529-1.webp\",\"contentUrl\":\"https:\/\/lekun.es\/wp-content\/uploads\/2023\/04\/BLW-aperto-su-cil-1-600x529-1.webp\",\"width\":600,\"height\":529},{\"@type\":\"BreadcrumbList\",\"@id\":\"https:\/\/lekun.es\/fr\/stock-fr\/fuelles-distribucion-fr\/soufflets-modulaires\/#breadcrumb\",\"itemListElement\":[{\"@type\":\"ListItem\",\"position\":1,\"name\":\"Portada\",\"item\":\"https:\/\/lekun.es\/fr\/\"},{\"@type\":\"ListItem\",\"position\":2,\"name\":\"Tienda\",\"item\":\"https:\/\/lekun.es\/?page_id=8\"},{\"@type\":\"ListItem\",\"position\":3,\"name\":\"Soufflets modulaires\"}]},{\"@type\":\"WebSite\",\"@id\":\"https:\/\/lekun.es\/fr\/#website\",\"url\":\"https:\/\/lekun.es\/fr\/\",\"name\":\"LEKUN GROUP\",\"description\":\"Producci\u00f3n y distribuci\u00f3n de caucho, juntas y fuelles a medida\",\"potentialAction\":[{\"@type\":\"SearchAction\",\"target\":{\"@type\":\"EntryPoint\",\"urlTemplate\":\"https:\/\/lekun.es\/fr\/?s={search_term_string}\"},\"query-input\":{\"@type\":\"PropertyValueSpecification\",\"valueRequired\":true,\"valueName\":\"search_term_string\"}}],\"inLanguage\":\"fr-FR\"}]}<\/script>\n<!-- \/ Yoast SEO plugin. -->","yoast_head_json":{"title":"Soufflets modulaires - LEKUN GROUP","robots":{"index":"index","follow":"follow","max-snippet":"max-snippet:-1","max-image-preview":"max-image-preview:large","max-video-preview":"max-video-preview:-1"},"canonical":"https:\/\/lekun.es\/fr\/stock-fr\/fuelles-distribucion-fr\/soufflets-modulaires\/","og_locale":"fr_FR","og_type":"article","og_title":"Soufflets modulaires - LEKUN GROUP","og_description":"Barbieri Soufflets modulaires en caoutchouc","og_url":"https:\/\/lekun.es\/fr\/stock-fr\/fuelles-distribucion-fr\/soufflets-modulaires\/","og_site_name":"LEKUN GROUP","article_modified_time":"2023-06-05T08:18:03+00:00","og_image":[{"width":600,"height":529,"url":"https:\/\/lekun.es\/wp-content\/uploads\/2023\/04\/BLW-aperto-su-cil-1-600x529-1.webp","type":"image\/webp"}],"twitter_card":"summary_large_image","twitter_misc":{"Dur\u00e9e de lecture estim\u00e9e":"1 minute"},"schema":{"@context":"https:\/\/schema.org","@graph":[{"@type":"WebPage","@id":"https:\/\/lekun.es\/fr\/stock-fr\/fuelles-distribucion-fr\/soufflets-modulaires\/","url":"https:\/\/lekun.es\/fr\/stock-fr\/fuelles-distribucion-fr\/soufflets-modulaires\/","name":"Soufflets modulaires - LEKUN GROUP","isPartOf":{"@id":"https:\/\/lekun.es\/fr\/#website"},"primaryImageOfPage":{"@id":"https:\/\/lekun.es\/fr\/stock-fr\/fuelles-distribucion-fr\/soufflets-modulaires\/#primaryimage"},"image":{"@id":"https:\/\/lekun.es\/fr\/stock-fr\/fuelles-distribucion-fr\/soufflets-modulaires\/#primaryimage"},"thumbnailUrl":"https:\/\/lekun.es\/wp-content\/uploads\/2023\/04\/BLW-aperto-su-cil-1-600x529-1.webp","datePublished":"2023-04-26T14:03:37+00:00","dateModified":"2023-06-05T08:18:03+00:00","breadcrumb":{"@id":"https:\/\/lekun.es\/fr\/stock-fr\/fuelles-distribucion-fr\/soufflets-modulaires\/#breadcrumb"},"inLanguage":"fr-FR","potentialAction":[{"@type":"ReadAction","target":["https:\/\/lekun.es\/fr\/stock-fr\/fuelles-distribucion-fr\/soufflets-modulaires\/"]}]},{"@type":"ImageObject","inLanguage":"fr-FR","@id":"https:\/\/lekun.es\/fr\/stock-fr\/fuelles-distribucion-fr\/soufflets-modulaires\/#primaryimage","url":"https:\/\/lekun.es\/wp-content\/uploads\/2023\/04\/BLW-aperto-su-cil-1-600x529-1.webp","contentUrl":"https:\/\/lekun.es\/wp-content\/uploads\/2023\/04\/BLW-aperto-su-cil-1-600x529-1.webp","width":600,"height":529},{"@type":"BreadcrumbList","@id":"https:\/\/lekun.es\/fr\/stock-fr\/fuelles-distribucion-fr\/soufflets-modulaires\/#breadcrumb","itemListElement":[{"@type":"ListItem","position":1,"name":"Portada","item":"https:\/\/lekun.es\/fr\/"},{"@type":"ListItem","position":2,"name":"Tienda","item":"https:\/\/lekun.es\/?page_id=8"},{"@type":"ListItem","position":3,"name":"Soufflets modulaires"}]},{"@type":"WebSite","@id":"https:\/\/lekun.es\/fr\/#website","url":"https:\/\/lekun.es\/fr\/","name":"LEKUN GROUP","description":"Producci\u00f3n y distribuci\u00f3n de caucho, juntas y fuelles a medida","potentialAction":[{"@type":"SearchAction","target":{"@type":"EntryPoint","urlTemplate":"https:\/\/lekun.es\/fr\/?s={search_term_string}"},"query-input":{"@type":"PropertyValueSpecification","valueRequired":true,"valueName":"search_term_string"}}],"inLanguage":"fr-FR"}]}},"_links":{"self":[{"href":"https:\/\/lekun.es\/fr\/wp-json\/wp\/v2\/product\/10468","targetHints":{"allow":["GET"]}}],"collection":[{"href":"https:\/\/lekun.es\/fr\/wp-json\/wp\/v2\/product"}],"about":[{"href":"https:\/\/lekun.es\/fr\/wp-json\/wp\/v2\/types\/product"}],"version-history":[{"count":1,"href":"https:\/\/lekun.es\/fr\/wp-json\/wp\/v2\/product\/10468\/revisions"}],"predecessor-version":[{"id":10469,"href":"https:\/\/lekun.es\/fr\/wp-json\/wp\/v2\/product\/10468\/revisions\/10469"}],"wp:featuredmedia":[{"embeddable":true,"href":"https:\/\/lekun.es\/fr\/wp-json\/wp\/v2\/media\/10195"}],"wp:attachment":[{"href":"https:\/\/lekun.es\/fr\/wp-json\/wp\/v2\/media?parent=10468"}],"wp:term":[{"taxonomy":"product_brand","embeddable":true,"href":"https:\/\/lekun.es\/fr\/wp-json\/wp\/v2\/product_brand?post=10468"},{"taxonomy":"product_cat","embeddable":true,"href":"https:\/\/lekun.es\/fr\/wp-json\/wp\/v2\/product_cat?post=10468"},{"taxonomy":"product_tag","embeddable":true,"href":"https:\/\/lekun.es\/fr\/wp-json\/wp\/v2\/product_tag?post=10468"}],"curies":[{"name":"wp","href":"https:\/\/api.w.org\/{rel}","templated":true}]}}