{"id":10471,"date":"2023-04-20T14:51:39","date_gmt":"2023-04-20T14:51:39","guid":{"rendered":"https:\/\/www.lekun.es\/non class\u00e9\/prototype-petite-serie\/"},"modified":"2023-04-20T14:51:39","modified_gmt":"2023-04-20T14:51:39","slug":"prototype-courte-serie","status":"publish","type":"product","link":"https:\/\/lekun.es\/fr\/lekun-urakort-fr\/prototype-courte-serie\/","title":{"rendered":"Prototype petite s\u00e9rie"},"content":{"rendered":"","protected":false},"excerpt":{"rendered":"<p><span style=\"font-weight: 400;\">Aluminium<br \/>\n<\/span><span style=\"font-weight: 400;\">Cuivre<br \/>\n<\/span><span style=\"font-weight: 400;\">Acier inoxydable<br \/>\n<\/span><span style=\"font-weight: 400;\">Fer r\u00e9sistant \u00e0 l&#8217;usure<br \/>\n<\/span>\u00c9prouvettes<br \/>\n<span style=\"font-weight: 400;\">Nous plions les pi\u00e8ces<\/span><\/p>\n","protected":false},"featured_media":10168,"template":"","meta":{"inline_featured_image":false},"product_brand":[],"product_cat":[94],"product_tag":[],"class_list":{"0":"post-10471","1":"product","2":"type-product","3":"status-publish","4":"has-post-thumbnail","6":"product_cat-lekun-urakort-fr","8":"first","9":"instock","10":"shipping-taxable","11":"product-type-simple"},"yoast_head":"<!-- This site is optimized with the Yoast SEO plugin v26.9 - https:\/\/yoast.com\/product\/yoast-seo-wordpress\/ -->\n<title>Prototype petite s\u00e9rie - LEKUN GROUP<\/title>\n<meta name=\"robots\" content=\"index, follow, max-snippet:-1, max-image-preview:large, max-video-preview:-1\" \/>\n<link rel=\"canonical\" href=\"https:\/\/lekun.es\/fr\/lekun-urakort-fr\/prototype-courte-serie\/\" \/>\n<meta property=\"og:locale\" content=\"fr_FR\" \/>\n<meta property=\"og:type\" content=\"article\" \/>\n<meta property=\"og:title\" content=\"Prototype petite s\u00e9rie - LEKUN GROUP\" \/>\n<meta property=\"og:description\" content=\"Aluminium Cuivre Acier inoxydable Fer r\u00e9sistant \u00e0 l&#039;usure \u00c9prouvettes Nous plions les pi\u00e8ces\" \/>\n<meta property=\"og:url\" content=\"https:\/\/lekun.es\/fr\/lekun-urakort-fr\/prototype-courte-serie\/\" \/>\n<meta property=\"og:site_name\" content=\"LEKUN GROUP\" \/>\n<meta name=\"twitter:card\" content=\"summary_large_image\" \/>\n<script type=\"application\/ld+json\" class=\"yoast-schema-graph\">{\"@context\":\"https:\/\/schema.org\",\"@graph\":[{\"@type\":\"WebPage\",\"@id\":\"https:\/\/lekun.es\/fr\/lekun-urakort-fr\/prototype-courte-serie\/\",\"url\":\"https:\/\/lekun.es\/fr\/lekun-urakort-fr\/prototype-courte-serie\/\",\"name\":\"Prototype petite s\u00e9rie - LEKUN GROUP\",\"isPartOf\":{\"@id\":\"https:\/\/lekun.es\/fr\/#website\"},\"primaryImageOfPage\":{\"@id\":\"https:\/\/lekun.es\/fr\/lekun-urakort-fr\/prototype-courte-serie\/#primaryimage\"},\"image\":{\"@id\":\"https:\/\/lekun.es\/fr\/lekun-urakort-fr\/prototype-courte-serie\/#primaryimage\"},\"thumbnailUrl\":\"https:\/\/lekun.es\/wp-content\/uploads\/2023\/04\/1443.webp\",\"datePublished\":\"2023-04-20T14:51:39+00:00\",\"breadcrumb\":{\"@id\":\"https:\/\/lekun.es\/fr\/lekun-urakort-fr\/prototype-courte-serie\/#breadcrumb\"},\"inLanguage\":\"fr-FR\",\"potentialAction\":[{\"@type\":\"ReadAction\",\"target\":[\"https:\/\/lekun.es\/fr\/lekun-urakort-fr\/prototype-courte-serie\/\"]}]},{\"@type\":\"ImageObject\",\"inLanguage\":\"fr-FR\",\"@id\":\"https:\/\/lekun.es\/fr\/lekun-urakort-fr\/prototype-courte-serie\/#primaryimage\",\"url\":\"https:\/\/lekun.es\/wp-content\/uploads\/2023\/04\/1443.webp\",\"contentUrl\":\"https:\/\/lekun.es\/wp-content\/uploads\/2023\/04\/1443.webp\",\"width\":1920,\"height\":1309},{\"@type\":\"BreadcrumbList\",\"@id\":\"https:\/\/lekun.es\/fr\/lekun-urakort-fr\/prototype-courte-serie\/#breadcrumb\",\"itemListElement\":[{\"@type\":\"ListItem\",\"position\":1,\"name\":\"Portada\",\"item\":\"https:\/\/lekun.es\/fr\/\"},{\"@type\":\"ListItem\",\"position\":2,\"name\":\"Tienda\",\"item\":\"https:\/\/lekun.es\/?page_id=8\"},{\"@type\":\"ListItem\",\"position\":3,\"name\":\"Prototype petite s\u00e9rie\"}]},{\"@type\":\"WebSite\",\"@id\":\"https:\/\/lekun.es\/fr\/#website\",\"url\":\"https:\/\/lekun.es\/fr\/\",\"name\":\"LEKUN GROUP\",\"description\":\"Producci\u00f3n y distribuci\u00f3n de caucho, juntas y fuelles a medida\",\"potentialAction\":[{\"@type\":\"SearchAction\",\"target\":{\"@type\":\"EntryPoint\",\"urlTemplate\":\"https:\/\/lekun.es\/fr\/?s={search_term_string}\"},\"query-input\":{\"@type\":\"PropertyValueSpecification\",\"valueRequired\":true,\"valueName\":\"search_term_string\"}}],\"inLanguage\":\"fr-FR\"}]}<\/script>\n<!-- \/ Yoast SEO plugin. -->","yoast_head_json":{"title":"Prototype petite s\u00e9rie - LEKUN GROUP","robots":{"index":"index","follow":"follow","max-snippet":"max-snippet:-1","max-image-preview":"max-image-preview:large","max-video-preview":"max-video-preview:-1"},"canonical":"https:\/\/lekun.es\/fr\/lekun-urakort-fr\/prototype-courte-serie\/","og_locale":"fr_FR","og_type":"article","og_title":"Prototype petite s\u00e9rie - LEKUN GROUP","og_description":"Aluminium Cuivre Acier inoxydable Fer r\u00e9sistant \u00e0 l'usure \u00c9prouvettes Nous plions les pi\u00e8ces","og_url":"https:\/\/lekun.es\/fr\/lekun-urakort-fr\/prototype-courte-serie\/","og_site_name":"LEKUN GROUP","twitter_card":"summary_large_image","schema":{"@context":"https:\/\/schema.org","@graph":[{"@type":"WebPage","@id":"https:\/\/lekun.es\/fr\/lekun-urakort-fr\/prototype-courte-serie\/","url":"https:\/\/lekun.es\/fr\/lekun-urakort-fr\/prototype-courte-serie\/","name":"Prototype petite s\u00e9rie - LEKUN GROUP","isPartOf":{"@id":"https:\/\/lekun.es\/fr\/#website"},"primaryImageOfPage":{"@id":"https:\/\/lekun.es\/fr\/lekun-urakort-fr\/prototype-courte-serie\/#primaryimage"},"image":{"@id":"https:\/\/lekun.es\/fr\/lekun-urakort-fr\/prototype-courte-serie\/#primaryimage"},"thumbnailUrl":"https:\/\/lekun.es\/wp-content\/uploads\/2023\/04\/1443.webp","datePublished":"2023-04-20T14:51:39+00:00","breadcrumb":{"@id":"https:\/\/lekun.es\/fr\/lekun-urakort-fr\/prototype-courte-serie\/#breadcrumb"},"inLanguage":"fr-FR","potentialAction":[{"@type":"ReadAction","target":["https:\/\/lekun.es\/fr\/lekun-urakort-fr\/prototype-courte-serie\/"]}]},{"@type":"ImageObject","inLanguage":"fr-FR","@id":"https:\/\/lekun.es\/fr\/lekun-urakort-fr\/prototype-courte-serie\/#primaryimage","url":"https:\/\/lekun.es\/wp-content\/uploads\/2023\/04\/1443.webp","contentUrl":"https:\/\/lekun.es\/wp-content\/uploads\/2023\/04\/1443.webp","width":1920,"height":1309},{"@type":"BreadcrumbList","@id":"https:\/\/lekun.es\/fr\/lekun-urakort-fr\/prototype-courte-serie\/#breadcrumb","itemListElement":[{"@type":"ListItem","position":1,"name":"Portada","item":"https:\/\/lekun.es\/fr\/"},{"@type":"ListItem","position":2,"name":"Tienda","item":"https:\/\/lekun.es\/?page_id=8"},{"@type":"ListItem","position":3,"name":"Prototype petite s\u00e9rie"}]},{"@type":"WebSite","@id":"https:\/\/lekun.es\/fr\/#website","url":"https:\/\/lekun.es\/fr\/","name":"LEKUN GROUP","description":"Producci\u00f3n y distribuci\u00f3n de caucho, juntas y fuelles a medida","potentialAction":[{"@type":"SearchAction","target":{"@type":"EntryPoint","urlTemplate":"https:\/\/lekun.es\/fr\/?s={search_term_string}"},"query-input":{"@type":"PropertyValueSpecification","valueRequired":true,"valueName":"search_term_string"}}],"inLanguage":"fr-FR"}]}},"_links":{"self":[{"href":"https:\/\/lekun.es\/fr\/wp-json\/wp\/v2\/product\/10471","targetHints":{"allow":["GET"]}}],"collection":[{"href":"https:\/\/lekun.es\/fr\/wp-json\/wp\/v2\/product"}],"about":[{"href":"https:\/\/lekun.es\/fr\/wp-json\/wp\/v2\/types\/product"}],"version-history":[{"count":0,"href":"https:\/\/lekun.es\/fr\/wp-json\/wp\/v2\/product\/10471\/revisions"}],"wp:featuredmedia":[{"embeddable":true,"href":"https:\/\/lekun.es\/fr\/wp-json\/wp\/v2\/media\/10168"}],"wp:attachment":[{"href":"https:\/\/lekun.es\/fr\/wp-json\/wp\/v2\/media?parent=10471"}],"wp:term":[{"taxonomy":"product_brand","embeddable":true,"href":"https:\/\/lekun.es\/fr\/wp-json\/wp\/v2\/product_brand?post=10471"},{"taxonomy":"product_cat","embeddable":true,"href":"https:\/\/lekun.es\/fr\/wp-json\/wp\/v2\/product_cat?post=10471"},{"taxonomy":"product_tag","embeddable":true,"href":"https:\/\/lekun.es\/fr\/wp-json\/wp\/v2\/product_tag?post=10471"}],"curies":[{"name":"wp","href":"https:\/\/api.w.org\/{rel}","templated":true}]}}