{"id":10474,"date":"2023-04-20T14:43:19","date_gmt":"2023-04-20T14:43:19","guid":{"rendered":"https:\/\/www.lekun.es\/non class\u00e9\/eponges-techniques-caoutchouc-cellulaire-mousses-isolantes\/"},"modified":"2023-04-20T14:43:19","modified_gmt":"2023-04-20T14:43:19","slug":"eponges-technique-caoutchouc-mousses-cellulaires-mousses-isolantes","status":"publish","type":"product","link":"https:\/\/lekun.es\/fr\/lekun-urakort-fr\/eponges-technique-caoutchouc-mousses-cellulaires-mousses-isolantes\/","title":{"rendered":"\u00c9ponges techniques \/ Caoutchouc cellulaire \/ Mousses isolantes"},"content":{"rendered":"","protected":false},"excerpt":{"rendered":"<p><span style=\"font-weight: 400;\">EPDM<br \/>\nN\u00e9opr\u00e8ne<br \/>\n<\/span><span style=\"font-weight: 400;\">Avec adh\u00e9sif sur une ou deux faces<br \/>\n<\/span>Polyvinyle (PLV)<br \/>\nPoly\u00e9thyl\u00e8ne (PE)<br \/>\nSylomer\u00ae &#8211; Le syst\u00e8me d&#8217;\u00e9tanch\u00e9it\u00e9 de l&#8217;eau de pluie<\/p>\n<p><span style=\"font-weight: 400;\"> <\/span><\/p>\n","protected":false},"featured_media":10159,"template":"","meta":{"inline_featured_image":false},"product_brand":[],"product_cat":[94],"product_tag":[],"class_list":{"0":"post-10474","1":"product","2":"type-product","3":"status-publish","4":"has-post-thumbnail","6":"product_cat-lekun-urakort-fr","8":"first","9":"instock","10":"shipping-taxable","11":"product-type-simple"},"yoast_head":"<!-- This site is optimized with the Yoast SEO plugin v26.9 - https:\/\/yoast.com\/product\/yoast-seo-wordpress\/ -->\n<title>\u00c9ponges techniques \/ Caoutchouc cellulaire \/ Mousses isolantes - LEKUN GROUP<\/title>\n<meta name=\"robots\" content=\"index, follow, max-snippet:-1, max-image-preview:large, max-video-preview:-1\" \/>\n<link rel=\"canonical\" href=\"https:\/\/lekun.es\/fr\/lekun-urakort-fr\/eponges-technique-caoutchouc-mousses-cellulaires-mousses-isolantes\/\" \/>\n<meta property=\"og:locale\" content=\"fr_FR\" \/>\n<meta property=\"og:type\" content=\"article\" \/>\n<meta property=\"og:title\" content=\"\u00c9ponges techniques \/ Caoutchouc cellulaire \/ Mousses isolantes - LEKUN GROUP\" \/>\n<meta property=\"og:description\" content=\"EPDM N\u00e9opr\u00e8ne Avec adh\u00e9sif sur une ou deux faces Polyvinyle (PLV) Poly\u00e9thyl\u00e8ne (PE) Sylomer\u00ae - Le syst\u00e8me d&#039;\u00e9tanch\u00e9it\u00e9 de l&#039;eau de pluie\" \/>\n<meta property=\"og:url\" content=\"https:\/\/lekun.es\/fr\/lekun-urakort-fr\/eponges-technique-caoutchouc-mousses-cellulaires-mousses-isolantes\/\" \/>\n<meta property=\"og:site_name\" content=\"LEKUN GROUP\" \/>\n<meta name=\"twitter:card\" content=\"summary_large_image\" \/>\n<script type=\"application\/ld+json\" class=\"yoast-schema-graph\">{\"@context\":\"https:\/\/schema.org\",\"@graph\":[{\"@type\":\"WebPage\",\"@id\":\"https:\/\/lekun.es\/fr\/lekun-urakort-fr\/eponges-technique-caoutchouc-mousses-cellulaires-mousses-isolantes\/\",\"url\":\"https:\/\/lekun.es\/fr\/lekun-urakort-fr\/eponges-technique-caoutchouc-mousses-cellulaires-mousses-isolantes\/\",\"name\":\"\u00c9ponges techniques \/ Caoutchouc cellulaire \/ Mousses isolantes - LEKUN GROUP\",\"isPartOf\":{\"@id\":\"https:\/\/lekun.es\/fr\/#website\"},\"primaryImageOfPage\":{\"@id\":\"https:\/\/lekun.es\/fr\/lekun-urakort-fr\/eponges-technique-caoutchouc-mousses-cellulaires-mousses-isolantes\/#primaryimage\"},\"image\":{\"@id\":\"https:\/\/lekun.es\/fr\/lekun-urakort-fr\/eponges-technique-caoutchouc-mousses-cellulaires-mousses-isolantes\/#primaryimage\"},\"thumbnailUrl\":\"https:\/\/lekun.es\/wp-content\/uploads\/2023\/04\/1407.webp\",\"datePublished\":\"2023-04-20T14:43:19+00:00\",\"breadcrumb\":{\"@id\":\"https:\/\/lekun.es\/fr\/lekun-urakort-fr\/eponges-technique-caoutchouc-mousses-cellulaires-mousses-isolantes\/#breadcrumb\"},\"inLanguage\":\"fr-FR\",\"potentialAction\":[{\"@type\":\"ReadAction\",\"target\":[\"https:\/\/lekun.es\/fr\/lekun-urakort-fr\/eponges-technique-caoutchouc-mousses-cellulaires-mousses-isolantes\/\"]}]},{\"@type\":\"ImageObject\",\"inLanguage\":\"fr-FR\",\"@id\":\"https:\/\/lekun.es\/fr\/lekun-urakort-fr\/eponges-technique-caoutchouc-mousses-cellulaires-mousses-isolantes\/#primaryimage\",\"url\":\"https:\/\/lekun.es\/wp-content\/uploads\/2023\/04\/1407.webp\",\"contentUrl\":\"https:\/\/lekun.es\/wp-content\/uploads\/2023\/04\/1407.webp\",\"width\":1920,\"height\":1309},{\"@type\":\"BreadcrumbList\",\"@id\":\"https:\/\/lekun.es\/fr\/lekun-urakort-fr\/eponges-technique-caoutchouc-mousses-cellulaires-mousses-isolantes\/#breadcrumb\",\"itemListElement\":[{\"@type\":\"ListItem\",\"position\":1,\"name\":\"Portada\",\"item\":\"https:\/\/lekun.es\/fr\/\"},{\"@type\":\"ListItem\",\"position\":2,\"name\":\"Tienda\",\"item\":\"https:\/\/lekun.es\/?page_id=8\"},{\"@type\":\"ListItem\",\"position\":3,\"name\":\"\u00c9ponges techniques \/ Caoutchouc cellulaire \/ Mousses isolantes\"}]},{\"@type\":\"WebSite\",\"@id\":\"https:\/\/lekun.es\/fr\/#website\",\"url\":\"https:\/\/lekun.es\/fr\/\",\"name\":\"LEKUN GROUP\",\"description\":\"Producci\u00f3n y distribuci\u00f3n de caucho, juntas y fuelles a medida\",\"potentialAction\":[{\"@type\":\"SearchAction\",\"target\":{\"@type\":\"EntryPoint\",\"urlTemplate\":\"https:\/\/lekun.es\/fr\/?s={search_term_string}\"},\"query-input\":{\"@type\":\"PropertyValueSpecification\",\"valueRequired\":true,\"valueName\":\"search_term_string\"}}],\"inLanguage\":\"fr-FR\"}]}<\/script>\n<!-- \/ Yoast SEO plugin. -->","yoast_head_json":{"title":"\u00c9ponges techniques \/ Caoutchouc cellulaire \/ Mousses isolantes - LEKUN GROUP","robots":{"index":"index","follow":"follow","max-snippet":"max-snippet:-1","max-image-preview":"max-image-preview:large","max-video-preview":"max-video-preview:-1"},"canonical":"https:\/\/lekun.es\/fr\/lekun-urakort-fr\/eponges-technique-caoutchouc-mousses-cellulaires-mousses-isolantes\/","og_locale":"fr_FR","og_type":"article","og_title":"\u00c9ponges techniques \/ Caoutchouc cellulaire \/ Mousses isolantes - LEKUN GROUP","og_description":"EPDM N\u00e9opr\u00e8ne Avec adh\u00e9sif sur une ou deux faces Polyvinyle (PLV) Poly\u00e9thyl\u00e8ne (PE) Sylomer\u00ae - Le syst\u00e8me d'\u00e9tanch\u00e9it\u00e9 de l'eau de pluie","og_url":"https:\/\/lekun.es\/fr\/lekun-urakort-fr\/eponges-technique-caoutchouc-mousses-cellulaires-mousses-isolantes\/","og_site_name":"LEKUN GROUP","twitter_card":"summary_large_image","schema":{"@context":"https:\/\/schema.org","@graph":[{"@type":"WebPage","@id":"https:\/\/lekun.es\/fr\/lekun-urakort-fr\/eponges-technique-caoutchouc-mousses-cellulaires-mousses-isolantes\/","url":"https:\/\/lekun.es\/fr\/lekun-urakort-fr\/eponges-technique-caoutchouc-mousses-cellulaires-mousses-isolantes\/","name":"\u00c9ponges techniques \/ Caoutchouc cellulaire \/ Mousses isolantes - LEKUN GROUP","isPartOf":{"@id":"https:\/\/lekun.es\/fr\/#website"},"primaryImageOfPage":{"@id":"https:\/\/lekun.es\/fr\/lekun-urakort-fr\/eponges-technique-caoutchouc-mousses-cellulaires-mousses-isolantes\/#primaryimage"},"image":{"@id":"https:\/\/lekun.es\/fr\/lekun-urakort-fr\/eponges-technique-caoutchouc-mousses-cellulaires-mousses-isolantes\/#primaryimage"},"thumbnailUrl":"https:\/\/lekun.es\/wp-content\/uploads\/2023\/04\/1407.webp","datePublished":"2023-04-20T14:43:19+00:00","breadcrumb":{"@id":"https:\/\/lekun.es\/fr\/lekun-urakort-fr\/eponges-technique-caoutchouc-mousses-cellulaires-mousses-isolantes\/#breadcrumb"},"inLanguage":"fr-FR","potentialAction":[{"@type":"ReadAction","target":["https:\/\/lekun.es\/fr\/lekun-urakort-fr\/eponges-technique-caoutchouc-mousses-cellulaires-mousses-isolantes\/"]}]},{"@type":"ImageObject","inLanguage":"fr-FR","@id":"https:\/\/lekun.es\/fr\/lekun-urakort-fr\/eponges-technique-caoutchouc-mousses-cellulaires-mousses-isolantes\/#primaryimage","url":"https:\/\/lekun.es\/wp-content\/uploads\/2023\/04\/1407.webp","contentUrl":"https:\/\/lekun.es\/wp-content\/uploads\/2023\/04\/1407.webp","width":1920,"height":1309},{"@type":"BreadcrumbList","@id":"https:\/\/lekun.es\/fr\/lekun-urakort-fr\/eponges-technique-caoutchouc-mousses-cellulaires-mousses-isolantes\/#breadcrumb","itemListElement":[{"@type":"ListItem","position":1,"name":"Portada","item":"https:\/\/lekun.es\/fr\/"},{"@type":"ListItem","position":2,"name":"Tienda","item":"https:\/\/lekun.es\/?page_id=8"},{"@type":"ListItem","position":3,"name":"\u00c9ponges techniques \/ Caoutchouc cellulaire \/ Mousses isolantes"}]},{"@type":"WebSite","@id":"https:\/\/lekun.es\/fr\/#website","url":"https:\/\/lekun.es\/fr\/","name":"LEKUN GROUP","description":"Producci\u00f3n y distribuci\u00f3n de caucho, juntas y fuelles a medida","potentialAction":[{"@type":"SearchAction","target":{"@type":"EntryPoint","urlTemplate":"https:\/\/lekun.es\/fr\/?s={search_term_string}"},"query-input":{"@type":"PropertyValueSpecification","valueRequired":true,"valueName":"search_term_string"}}],"inLanguage":"fr-FR"}]}},"_links":{"self":[{"href":"https:\/\/lekun.es\/fr\/wp-json\/wp\/v2\/product\/10474","targetHints":{"allow":["GET"]}}],"collection":[{"href":"https:\/\/lekun.es\/fr\/wp-json\/wp\/v2\/product"}],"about":[{"href":"https:\/\/lekun.es\/fr\/wp-json\/wp\/v2\/types\/product"}],"version-history":[{"count":0,"href":"https:\/\/lekun.es\/fr\/wp-json\/wp\/v2\/product\/10474\/revisions"}],"wp:featuredmedia":[{"embeddable":true,"href":"https:\/\/lekun.es\/fr\/wp-json\/wp\/v2\/media\/10159"}],"wp:attachment":[{"href":"https:\/\/lekun.es\/fr\/wp-json\/wp\/v2\/media?parent=10474"}],"wp:term":[{"taxonomy":"product_brand","embeddable":true,"href":"https:\/\/lekun.es\/fr\/wp-json\/wp\/v2\/product_brand?post=10474"},{"taxonomy":"product_cat","embeddable":true,"href":"https:\/\/lekun.es\/fr\/wp-json\/wp\/v2\/product_cat?post=10474"},{"taxonomy":"product_tag","embeddable":true,"href":"https:\/\/lekun.es\/fr\/wp-json\/wp\/v2\/product_tag?post=10474"}],"curies":[{"name":"wp","href":"https:\/\/api.w.org\/{rel}","templated":true}]}}