{"id":10475,"date":"2023-04-20T14:32:45","date_gmt":"2023-04-20T14:32:45","guid":{"rendered":"https:\/\/www.lekun.es\/non class\u00e9\/caoutchouc-de-liege\/"},"modified":"2023-04-20T14:32:45","modified_gmt":"2023-04-20T14:32:45","slug":"liege-caoutchouc","status":"publish","type":"product","link":"https:\/\/lekun.es\/fr\/lekun-urakort-fr\/liege-caoutchouc\/","title":{"rendered":"Caoutchouc de li\u00e8ge"},"content":{"rendered":"","protected":false},"excerpt":{"rendered":"<p>TS 1028, li\u00e8ge et caoutchouc nitrile, applications gazi\u00e8res<br \/>\nTD 1049, li\u00e8ge et caoutchouc nitrile, applications dans les transformateurs \u00e9lectriques, mat\u00e9riau antid\u00e9rapant dans l&#8217;industrie du verre<br \/>\nSBR 5315, li\u00e8ge et caoutchouc SBR, secteur nautique et automobile<\/p>\n","protected":false},"featured_media":10157,"template":"","meta":{"inline_featured_image":false},"product_brand":[],"product_cat":[94],"product_tag":[],"class_list":{"0":"post-10475","1":"product","2":"type-product","3":"status-publish","4":"has-post-thumbnail","6":"product_cat-lekun-urakort-fr","8":"first","9":"instock","10":"shipping-taxable","11":"product-type-simple"},"yoast_head":"<!-- This site is optimized with the Yoast SEO plugin v26.9 - https:\/\/yoast.com\/product\/yoast-seo-wordpress\/ -->\n<title>Caoutchouc de li\u00e8ge - LEKUN GROUP<\/title>\n<meta name=\"robots\" content=\"index, follow, max-snippet:-1, max-image-preview:large, max-video-preview:-1\" \/>\n<link rel=\"canonical\" href=\"https:\/\/lekun.es\/fr\/lekun-urakort-fr\/liege-caoutchouc\/\" \/>\n<meta property=\"og:locale\" content=\"fr_FR\" \/>\n<meta property=\"og:type\" content=\"article\" \/>\n<meta property=\"og:title\" content=\"Caoutchouc de li\u00e8ge - LEKUN GROUP\" \/>\n<meta property=\"og:description\" content=\"TS 1028, li\u00e8ge et caoutchouc nitrile, applications gazi\u00e8res TD 1049, li\u00e8ge et caoutchouc nitrile, applications dans les transformateurs \u00e9lectriques, mat\u00e9riau antid\u00e9rapant dans l&#039;industrie du verre SBR 5315, li\u00e8ge et caoutchouc SBR, secteur nautique et automobile\" \/>\n<meta property=\"og:url\" content=\"https:\/\/lekun.es\/fr\/lekun-urakort-fr\/liege-caoutchouc\/\" \/>\n<meta property=\"og:site_name\" content=\"LEKUN GROUP\" \/>\n<meta name=\"twitter:card\" content=\"summary_large_image\" \/>\n<script type=\"application\/ld+json\" class=\"yoast-schema-graph\">{\"@context\":\"https:\/\/schema.org\",\"@graph\":[{\"@type\":\"WebPage\",\"@id\":\"https:\/\/lekun.es\/fr\/lekun-urakort-fr\/liege-caoutchouc\/\",\"url\":\"https:\/\/lekun.es\/fr\/lekun-urakort-fr\/liege-caoutchouc\/\",\"name\":\"Caoutchouc de li\u00e8ge - LEKUN GROUP\",\"isPartOf\":{\"@id\":\"https:\/\/lekun.es\/fr\/#website\"},\"primaryImageOfPage\":{\"@id\":\"https:\/\/lekun.es\/fr\/lekun-urakort-fr\/liege-caoutchouc\/#primaryimage\"},\"image\":{\"@id\":\"https:\/\/lekun.es\/fr\/lekun-urakort-fr\/liege-caoutchouc\/#primaryimage\"},\"thumbnailUrl\":\"https:\/\/lekun.es\/wp-content\/uploads\/2023\/04\/1422.webp\",\"datePublished\":\"2023-04-20T14:32:45+00:00\",\"breadcrumb\":{\"@id\":\"https:\/\/lekun.es\/fr\/lekun-urakort-fr\/liege-caoutchouc\/#breadcrumb\"},\"inLanguage\":\"fr-FR\",\"potentialAction\":[{\"@type\":\"ReadAction\",\"target\":[\"https:\/\/lekun.es\/fr\/lekun-urakort-fr\/liege-caoutchouc\/\"]}]},{\"@type\":\"ImageObject\",\"inLanguage\":\"fr-FR\",\"@id\":\"https:\/\/lekun.es\/fr\/lekun-urakort-fr\/liege-caoutchouc\/#primaryimage\",\"url\":\"https:\/\/lekun.es\/wp-content\/uploads\/2023\/04\/1422.webp\",\"contentUrl\":\"https:\/\/lekun.es\/wp-content\/uploads\/2023\/04\/1422.webp\",\"width\":1920,\"height\":1309},{\"@type\":\"BreadcrumbList\",\"@id\":\"https:\/\/lekun.es\/fr\/lekun-urakort-fr\/liege-caoutchouc\/#breadcrumb\",\"itemListElement\":[{\"@type\":\"ListItem\",\"position\":1,\"name\":\"Portada\",\"item\":\"https:\/\/lekun.es\/fr\/\"},{\"@type\":\"ListItem\",\"position\":2,\"name\":\"Tienda\",\"item\":\"https:\/\/lekun.es\/?page_id=8\"},{\"@type\":\"ListItem\",\"position\":3,\"name\":\"Caoutchouc de li\u00e8ge\"}]},{\"@type\":\"WebSite\",\"@id\":\"https:\/\/lekun.es\/fr\/#website\",\"url\":\"https:\/\/lekun.es\/fr\/\",\"name\":\"LEKUN GROUP\",\"description\":\"Producci\u00f3n y distribuci\u00f3n de caucho, juntas y fuelles a medida\",\"potentialAction\":[{\"@type\":\"SearchAction\",\"target\":{\"@type\":\"EntryPoint\",\"urlTemplate\":\"https:\/\/lekun.es\/fr\/?s={search_term_string}\"},\"query-input\":{\"@type\":\"PropertyValueSpecification\",\"valueRequired\":true,\"valueName\":\"search_term_string\"}}],\"inLanguage\":\"fr-FR\"}]}<\/script>\n<!-- \/ Yoast SEO plugin. -->","yoast_head_json":{"title":"Caoutchouc de li\u00e8ge - LEKUN GROUP","robots":{"index":"index","follow":"follow","max-snippet":"max-snippet:-1","max-image-preview":"max-image-preview:large","max-video-preview":"max-video-preview:-1"},"canonical":"https:\/\/lekun.es\/fr\/lekun-urakort-fr\/liege-caoutchouc\/","og_locale":"fr_FR","og_type":"article","og_title":"Caoutchouc de li\u00e8ge - LEKUN GROUP","og_description":"TS 1028, li\u00e8ge et caoutchouc nitrile, applications gazi\u00e8res TD 1049, li\u00e8ge et caoutchouc nitrile, applications dans les transformateurs \u00e9lectriques, mat\u00e9riau antid\u00e9rapant dans l'industrie du verre SBR 5315, li\u00e8ge et caoutchouc SBR, secteur nautique et automobile","og_url":"https:\/\/lekun.es\/fr\/lekun-urakort-fr\/liege-caoutchouc\/","og_site_name":"LEKUN GROUP","twitter_card":"summary_large_image","schema":{"@context":"https:\/\/schema.org","@graph":[{"@type":"WebPage","@id":"https:\/\/lekun.es\/fr\/lekun-urakort-fr\/liege-caoutchouc\/","url":"https:\/\/lekun.es\/fr\/lekun-urakort-fr\/liege-caoutchouc\/","name":"Caoutchouc de li\u00e8ge - LEKUN GROUP","isPartOf":{"@id":"https:\/\/lekun.es\/fr\/#website"},"primaryImageOfPage":{"@id":"https:\/\/lekun.es\/fr\/lekun-urakort-fr\/liege-caoutchouc\/#primaryimage"},"image":{"@id":"https:\/\/lekun.es\/fr\/lekun-urakort-fr\/liege-caoutchouc\/#primaryimage"},"thumbnailUrl":"https:\/\/lekun.es\/wp-content\/uploads\/2023\/04\/1422.webp","datePublished":"2023-04-20T14:32:45+00:00","breadcrumb":{"@id":"https:\/\/lekun.es\/fr\/lekun-urakort-fr\/liege-caoutchouc\/#breadcrumb"},"inLanguage":"fr-FR","potentialAction":[{"@type":"ReadAction","target":["https:\/\/lekun.es\/fr\/lekun-urakort-fr\/liege-caoutchouc\/"]}]},{"@type":"ImageObject","inLanguage":"fr-FR","@id":"https:\/\/lekun.es\/fr\/lekun-urakort-fr\/liege-caoutchouc\/#primaryimage","url":"https:\/\/lekun.es\/wp-content\/uploads\/2023\/04\/1422.webp","contentUrl":"https:\/\/lekun.es\/wp-content\/uploads\/2023\/04\/1422.webp","width":1920,"height":1309},{"@type":"BreadcrumbList","@id":"https:\/\/lekun.es\/fr\/lekun-urakort-fr\/liege-caoutchouc\/#breadcrumb","itemListElement":[{"@type":"ListItem","position":1,"name":"Portada","item":"https:\/\/lekun.es\/fr\/"},{"@type":"ListItem","position":2,"name":"Tienda","item":"https:\/\/lekun.es\/?page_id=8"},{"@type":"ListItem","position":3,"name":"Caoutchouc de li\u00e8ge"}]},{"@type":"WebSite","@id":"https:\/\/lekun.es\/fr\/#website","url":"https:\/\/lekun.es\/fr\/","name":"LEKUN GROUP","description":"Producci\u00f3n y distribuci\u00f3n de caucho, juntas y fuelles a medida","potentialAction":[{"@type":"SearchAction","target":{"@type":"EntryPoint","urlTemplate":"https:\/\/lekun.es\/fr\/?s={search_term_string}"},"query-input":{"@type":"PropertyValueSpecification","valueRequired":true,"valueName":"search_term_string"}}],"inLanguage":"fr-FR"}]}},"_links":{"self":[{"href":"https:\/\/lekun.es\/fr\/wp-json\/wp\/v2\/product\/10475","targetHints":{"allow":["GET"]}}],"collection":[{"href":"https:\/\/lekun.es\/fr\/wp-json\/wp\/v2\/product"}],"about":[{"href":"https:\/\/lekun.es\/fr\/wp-json\/wp\/v2\/types\/product"}],"version-history":[{"count":0,"href":"https:\/\/lekun.es\/fr\/wp-json\/wp\/v2\/product\/10475\/revisions"}],"wp:featuredmedia":[{"embeddable":true,"href":"https:\/\/lekun.es\/fr\/wp-json\/wp\/v2\/media\/10157"}],"wp:attachment":[{"href":"https:\/\/lekun.es\/fr\/wp-json\/wp\/v2\/media?parent=10475"}],"wp:term":[{"taxonomy":"product_brand","embeddable":true,"href":"https:\/\/lekun.es\/fr\/wp-json\/wp\/v2\/product_brand?post=10475"},{"taxonomy":"product_cat","embeddable":true,"href":"https:\/\/lekun.es\/fr\/wp-json\/wp\/v2\/product_cat?post=10475"},{"taxonomy":"product_tag","embeddable":true,"href":"https:\/\/lekun.es\/fr\/wp-json\/wp\/v2\/product_tag?post=10475"}],"curies":[{"name":"wp","href":"https:\/\/api.w.org\/{rel}","templated":true}]}}