{"id":10483,"date":"2023-04-20T11:48:46","date_gmt":"2023-04-20T11:48:46","guid":{"rendered":"https:\/\/www.lekun.es\/non class\u00e9\/chemins-de-fer\/"},"modified":"2023-04-20T11:48:46","modified_gmt":"2023-04-20T11:48:46","slug":"chemin-de-fer","status":"publish","type":"product","link":"https:\/\/lekun.es\/fr\/lekun-kautxo-fr\/chemin-de-fer\/","title":{"rendered":"Chemins de fer"},"content":{"rendered":"","protected":false},"excerpt":{"rendered":"<p><span style=\"font-weight: 400;\">Polyur\u00e9thane<br \/>\n<\/span><span style=\"font-weight: 400;\">N\u00e9opr\u00e8ne<br \/>\n<\/span><span style=\"font-weight: 400;\">Caoutchouc SBR<br \/>\nNous disposons d&#8217;une large gamme de formulations fournies par nos fabricants de compos\u00e9s agr\u00e9\u00e9s au niveau international pour des applications telles que l&#8217;eau potable, les gaz, les incendies&#8230;<br \/>\n<\/span><\/p>\n","protected":false},"featured_media":10136,"template":"","meta":{"inline_featured_image":false},"product_brand":[],"product_cat":[92],"product_tag":[],"class_list":{"0":"post-10483","1":"product","2":"type-product","3":"status-publish","4":"has-post-thumbnail","6":"product_cat-lekun-kautxo-fr","8":"first","9":"instock","10":"shipping-taxable","11":"product-type-simple"},"yoast_head":"<!-- This site is optimized with the Yoast SEO plugin v26.9 - https:\/\/yoast.com\/product\/yoast-seo-wordpress\/ -->\n<title>Chemins de fer - LEKUN GROUP<\/title>\n<meta name=\"robots\" content=\"index, follow, max-snippet:-1, max-image-preview:large, max-video-preview:-1\" \/>\n<link rel=\"canonical\" href=\"https:\/\/lekun.es\/fr\/lekun-kautxo-fr\/chemin-de-fer\/\" \/>\n<meta property=\"og:locale\" content=\"fr_FR\" \/>\n<meta property=\"og:type\" content=\"article\" \/>\n<meta property=\"og:title\" content=\"Chemins de fer - LEKUN GROUP\" \/>\n<meta property=\"og:description\" content=\"Polyur\u00e9thane N\u00e9opr\u00e8ne Caoutchouc SBR Nous disposons d&#039;une large gamme de formulations fournies par nos fabricants de compos\u00e9s agr\u00e9\u00e9s au niveau international pour des applications telles que l&#039;eau potable, les gaz, les incendies...\" \/>\n<meta property=\"og:url\" content=\"https:\/\/lekun.es\/fr\/lekun-kautxo-fr\/chemin-de-fer\/\" \/>\n<meta property=\"og:site_name\" content=\"LEKUN GROUP\" \/>\n<meta name=\"twitter:card\" content=\"summary_large_image\" \/>\n<script type=\"application\/ld+json\" class=\"yoast-schema-graph\">{\"@context\":\"https:\/\/schema.org\",\"@graph\":[{\"@type\":\"WebPage\",\"@id\":\"https:\/\/lekun.es\/fr\/lekun-kautxo-fr\/chemin-de-fer\/\",\"url\":\"https:\/\/lekun.es\/fr\/lekun-kautxo-fr\/chemin-de-fer\/\",\"name\":\"Chemins de fer - LEKUN GROUP\",\"isPartOf\":{\"@id\":\"https:\/\/lekun.es\/fr\/#website\"},\"primaryImageOfPage\":{\"@id\":\"https:\/\/lekun.es\/fr\/lekun-kautxo-fr\/chemin-de-fer\/#primaryimage\"},\"image\":{\"@id\":\"https:\/\/lekun.es\/fr\/lekun-kautxo-fr\/chemin-de-fer\/#primaryimage\"},\"thumbnailUrl\":\"https:\/\/lekun.es\/wp-content\/uploads\/2023\/04\/1366.webp\",\"datePublished\":\"2023-04-20T11:48:46+00:00\",\"breadcrumb\":{\"@id\":\"https:\/\/lekun.es\/fr\/lekun-kautxo-fr\/chemin-de-fer\/#breadcrumb\"},\"inLanguage\":\"fr-FR\",\"potentialAction\":[{\"@type\":\"ReadAction\",\"target\":[\"https:\/\/lekun.es\/fr\/lekun-kautxo-fr\/chemin-de-fer\/\"]}]},{\"@type\":\"ImageObject\",\"inLanguage\":\"fr-FR\",\"@id\":\"https:\/\/lekun.es\/fr\/lekun-kautxo-fr\/chemin-de-fer\/#primaryimage\",\"url\":\"https:\/\/lekun.es\/wp-content\/uploads\/2023\/04\/1366.webp\",\"contentUrl\":\"https:\/\/lekun.es\/wp-content\/uploads\/2023\/04\/1366.webp\",\"width\":1920,\"height\":1309},{\"@type\":\"BreadcrumbList\",\"@id\":\"https:\/\/lekun.es\/fr\/lekun-kautxo-fr\/chemin-de-fer\/#breadcrumb\",\"itemListElement\":[{\"@type\":\"ListItem\",\"position\":1,\"name\":\"Portada\",\"item\":\"https:\/\/lekun.es\/fr\/\"},{\"@type\":\"ListItem\",\"position\":2,\"name\":\"Tienda\",\"item\":\"https:\/\/lekun.es\/?page_id=8\"},{\"@type\":\"ListItem\",\"position\":3,\"name\":\"Chemins de fer\"}]},{\"@type\":\"WebSite\",\"@id\":\"https:\/\/lekun.es\/fr\/#website\",\"url\":\"https:\/\/lekun.es\/fr\/\",\"name\":\"LEKUN GROUP\",\"description\":\"Producci\u00f3n y distribuci\u00f3n de caucho, juntas y fuelles a medida\",\"potentialAction\":[{\"@type\":\"SearchAction\",\"target\":{\"@type\":\"EntryPoint\",\"urlTemplate\":\"https:\/\/lekun.es\/fr\/?s={search_term_string}\"},\"query-input\":{\"@type\":\"PropertyValueSpecification\",\"valueRequired\":true,\"valueName\":\"search_term_string\"}}],\"inLanguage\":\"fr-FR\"}]}<\/script>\n<!-- \/ Yoast SEO plugin. -->","yoast_head_json":{"title":"Chemins de fer - LEKUN GROUP","robots":{"index":"index","follow":"follow","max-snippet":"max-snippet:-1","max-image-preview":"max-image-preview:large","max-video-preview":"max-video-preview:-1"},"canonical":"https:\/\/lekun.es\/fr\/lekun-kautxo-fr\/chemin-de-fer\/","og_locale":"fr_FR","og_type":"article","og_title":"Chemins de fer - LEKUN GROUP","og_description":"Polyur\u00e9thane N\u00e9opr\u00e8ne Caoutchouc SBR Nous disposons d'une large gamme de formulations fournies par nos fabricants de compos\u00e9s agr\u00e9\u00e9s au niveau international pour des applications telles que l'eau potable, les gaz, les incendies...","og_url":"https:\/\/lekun.es\/fr\/lekun-kautxo-fr\/chemin-de-fer\/","og_site_name":"LEKUN GROUP","twitter_card":"summary_large_image","schema":{"@context":"https:\/\/schema.org","@graph":[{"@type":"WebPage","@id":"https:\/\/lekun.es\/fr\/lekun-kautxo-fr\/chemin-de-fer\/","url":"https:\/\/lekun.es\/fr\/lekun-kautxo-fr\/chemin-de-fer\/","name":"Chemins de fer - LEKUN GROUP","isPartOf":{"@id":"https:\/\/lekun.es\/fr\/#website"},"primaryImageOfPage":{"@id":"https:\/\/lekun.es\/fr\/lekun-kautxo-fr\/chemin-de-fer\/#primaryimage"},"image":{"@id":"https:\/\/lekun.es\/fr\/lekun-kautxo-fr\/chemin-de-fer\/#primaryimage"},"thumbnailUrl":"https:\/\/lekun.es\/wp-content\/uploads\/2023\/04\/1366.webp","datePublished":"2023-04-20T11:48:46+00:00","breadcrumb":{"@id":"https:\/\/lekun.es\/fr\/lekun-kautxo-fr\/chemin-de-fer\/#breadcrumb"},"inLanguage":"fr-FR","potentialAction":[{"@type":"ReadAction","target":["https:\/\/lekun.es\/fr\/lekun-kautxo-fr\/chemin-de-fer\/"]}]},{"@type":"ImageObject","inLanguage":"fr-FR","@id":"https:\/\/lekun.es\/fr\/lekun-kautxo-fr\/chemin-de-fer\/#primaryimage","url":"https:\/\/lekun.es\/wp-content\/uploads\/2023\/04\/1366.webp","contentUrl":"https:\/\/lekun.es\/wp-content\/uploads\/2023\/04\/1366.webp","width":1920,"height":1309},{"@type":"BreadcrumbList","@id":"https:\/\/lekun.es\/fr\/lekun-kautxo-fr\/chemin-de-fer\/#breadcrumb","itemListElement":[{"@type":"ListItem","position":1,"name":"Portada","item":"https:\/\/lekun.es\/fr\/"},{"@type":"ListItem","position":2,"name":"Tienda","item":"https:\/\/lekun.es\/?page_id=8"},{"@type":"ListItem","position":3,"name":"Chemins de fer"}]},{"@type":"WebSite","@id":"https:\/\/lekun.es\/fr\/#website","url":"https:\/\/lekun.es\/fr\/","name":"LEKUN GROUP","description":"Producci\u00f3n y distribuci\u00f3n de caucho, juntas y fuelles a medida","potentialAction":[{"@type":"SearchAction","target":{"@type":"EntryPoint","urlTemplate":"https:\/\/lekun.es\/fr\/?s={search_term_string}"},"query-input":{"@type":"PropertyValueSpecification","valueRequired":true,"valueName":"search_term_string"}}],"inLanguage":"fr-FR"}]}},"_links":{"self":[{"href":"https:\/\/lekun.es\/fr\/wp-json\/wp\/v2\/product\/10483","targetHints":{"allow":["GET"]}}],"collection":[{"href":"https:\/\/lekun.es\/fr\/wp-json\/wp\/v2\/product"}],"about":[{"href":"https:\/\/lekun.es\/fr\/wp-json\/wp\/v2\/types\/product"}],"version-history":[{"count":0,"href":"https:\/\/lekun.es\/fr\/wp-json\/wp\/v2\/product\/10483\/revisions"}],"wp:featuredmedia":[{"embeddable":true,"href":"https:\/\/lekun.es\/fr\/wp-json\/wp\/v2\/media\/10136"}],"wp:attachment":[{"href":"https:\/\/lekun.es\/fr\/wp-json\/wp\/v2\/media?parent=10483"}],"wp:term":[{"taxonomy":"product_brand","embeddable":true,"href":"https:\/\/lekun.es\/fr\/wp-json\/wp\/v2\/product_brand?post=10483"},{"taxonomy":"product_cat","embeddable":true,"href":"https:\/\/lekun.es\/fr\/wp-json\/wp\/v2\/product_cat?post=10483"},{"taxonomy":"product_tag","embeddable":true,"href":"https:\/\/lekun.es\/fr\/wp-json\/wp\/v2\/product_tag?post=10483"}],"curies":[{"name":"wp","href":"https:\/\/api.w.org\/{rel}","templated":true}]}}